{"id":1317,"date":"2017-03-20T11:34:41","date_gmt":"2017-03-20T11:34:41","guid":{"rendered":"http:\/\/demo.arktheme.com\/yoga\/?page_id=15"},"modified":"2020-05-06T09:36:50","modified_gmt":"2020-05-06T07:36:50","slug":"blog","status":"publish","type":"page","link":"http:\/\/optykadzierzoniow.pl\/en\/blog\/","title":{"rendered":"Blog"},"content":{"rendered":"<section class=\"ffb-id-j0o3bua fg-section fg-el-has-bg fg-text-dark\"><span class=\"fg-bg\"><span data-fg-bg=\"{&quot;type&quot;:&quot;color&quot;,&quot;opacity&quot;:1,&quot;color&quot;:&quot;&quot;}\" class=\"fg-bg-layer fg-bg-type-color\" style=\"opacity: 1; background-color: ;\"><\/span><\/span><div class=\"fg-container container fg-container-large fg-container-lvl--1\"><div class=\"fg-row row\" ><div class=\"ffb-id-j0o3bub fg-col col-xs-12 col-md-12 fg-text-dark\"><section class=\"ffb-id-3jfv31ia blog-default-v2 fg-text-dark\"><div class=\"row fg-blog-row-main blog-content\"><div class=\"fg-col fg-blog-col-main col-xs-12 col-sm-12 col-md-12 col-lg-12\"><div id=\"post-2834\" class=\"news-v3 post-wrapper post-2834 post type-post status-publish format-standard has-post-thumbnail hentry category-opisy-kolekcji text-left fg-text-dark ffb-post-wrapper\"><div class=\"row\"><div class=\"col-sm-4\"><img class=\"img-responsive full-width  img-responsive full-width ff-post-featured-image fg-text-dark ffb-featured-area\" src=\"https:\/\/optykadzierzoniow.pl\/wp-content\/uploads\/freshizer\/b70d533b8552063b85219b348fa895f6_do-bloga-1440-c-90.png\" alt=\"do bloga\"><\/div><div class=\"col-sm-8\"><div class=\"news-v3-content\"><h2 class=\"news-v3-title fg-text-dark ffb-title-1\"><a class=\"\" href=\"http:\/\/optykadzierzoniow.pl\/en\/trendy-okularowe-2021-oprawy-meskie\/\">Trendy okularowe 2021. Oprawy m\u0119skie<\/a><\/h2><div class=\"ff-news-v3-meta-data fg-text-dark ffb-meta-data-2\"><span class=\"ff-meta-item  fg-text-dark ffb-date-2-1\">02\/19\/2021<\/span><\/div><div class=\"ff-news-v3-divider fg-text-dark ffb-separator-3\"><\/div><div class=\"ff-news-v3-post-content fg-text-dark ffb-p-content-4\"><div class=\"post-content ff-richtext\">Znane i lubiane kszta\u0142ty, ale w nieco od\u015bwie\u017conej wersji. Tak zapowiadaj\u0105 si\u0119 trendy w m\u0119skiej modzie okularowej w 2021 roku. Powroty popularnych kszta\u0142t\u00f3w z ubieg\u0142ych dekad to dominuj\u0105ca tendencja w\u015br\u00f3d projektant\u00f3w. Tym razem r\u00f3wnie\u017c korzystamy z hit\u00f3w poprzednich dziesi\u0119cioleci. Co jest modne? Przede wszystkim zmodyfikowana wersja awiator\u00f3w nawi\u0105zuj\u0105ca do lat&hellip;<\/div><\/div><div class=\"ff-news-v3-space fg-text-dark ffb-button-5\"><\/div><\/div><\/div><\/div><\/div><\/div><div class=\"fg-col fg-blog-col-main col-xs-12 col-sm-12 col-md-12 col-lg-12\"><div id=\"post-2822\" class=\"news-v3 post-wrapper post-2822 post type-post status-publish format-standard has-post-thumbnail hentry category-opisy-kolekcji text-left fg-text-dark ffb-post-wrapper\"><div class=\"row\"><div class=\"col-sm-4\"><img class=\"img-responsive full-width  img-responsive full-width ff-post-featured-image fg-text-dark ffb-featured-area\" src=\"https:\/\/optykadzierzoniow.pl\/wp-content\/uploads\/freshizer\/5f5f2e549d4f38bba9bb343e24a9d275_joop1-1440-c-90.png\" alt=\"joop1\"><\/div><div class=\"col-sm-8\"><div class=\"news-v3-content\"><h2 class=\"news-v3-title fg-text-dark ffb-title-1\"><a class=\"\" href=\"http:\/\/optykadzierzoniow.pl\/en\/trendy-okularowe-2021-oprawy-damskie\/\">Trendy okularowe 2021. Oprawy damskie<\/a><\/h2><div class=\"ff-news-v3-meta-data fg-text-dark ffb-meta-data-2\"><span class=\"ff-meta-item  fg-text-dark ffb-date-2-1\">01\/14\/2021<\/span><\/div><div class=\"ff-news-v3-divider fg-text-dark ffb-separator-3\"><\/div><div class=\"ff-news-v3-post-content fg-text-dark ffb-p-content-4\"><div class=\"post-content ff-richtext\">Rok 2021 to rok wielkich powrot\u00f3w w modzie okularowej i wyra\u017anych inspiracji ubieg\u0142ymi dekadami. Je\u017celi pytacie si\u0119 nas, jaki styl dominowa\u0107 b\u0119dzie w nadchodz\u0105cym roku, odpowiadamy \u2013 eklektyczny. Bo projektanci mody okularowej nawi\u0105zuj\u0105 zar\u00f3wno do lat 70., prezentuj\u0105c modele oversize, ale te\u017c i nie stroni\u0105 coraz cz\u0119\u015bciej od stylistyki lat&hellip;<\/div><\/div><div class=\"ff-news-v3-space fg-text-dark ffb-button-5\"><\/div><\/div><\/div><\/div><\/div><\/div><div class=\"fg-col fg-blog-col-main col-xs-12 col-sm-12 col-md-12 col-lg-12\"><div id=\"post-2386\" class=\"news-v3 post-wrapper post-2386 post type-post status-publish format-standard has-post-thumbnail hentry category-porady-optyczne text-left fg-text-dark ffb-post-wrapper\"><div class=\"row\"><div class=\"col-sm-4\"><img class=\"img-responsive full-width  img-responsive full-width ff-post-featured-image fg-text-dark ffb-featured-area\" src=\"https:\/\/optykadzierzoniow.pl\/wp-content\/uploads\/freshizer\/b12e95e486d99b689f37b2f5a4a56ca6_wpis-na-bloga_pielegnacja2-1440-c-90.jpg\" alt=\"wpis-na-bloga_pielegnacja2\"><\/div><div class=\"col-sm-8\"><div class=\"news-v3-content\"><h2 class=\"news-v3-title fg-text-dark ffb-title-1\"><a class=\"\" href=\"http:\/\/optykadzierzoniow.pl\/en\/pielegnacja-okularow-wszystko-co-powinniscie-wiedziec\/\">Glasses care - everything you should know!<\/a><\/h2><div class=\"ff-news-v3-meta-data fg-text-dark ffb-meta-data-2\"><span class=\"ff-meta-item  fg-text-dark ffb-date-2-1\">12\/05\/2019<\/span><\/div><div class=\"ff-news-v3-divider fg-text-dark ffb-separator-3\"><\/div><div class=\"ff-news-v3-post-content fg-text-dark ffb-p-content-4\"><div class=\"post-content ff-richtext\">Eyeglasses are a medical device, thanks to which we see clearly, but also more and more often - a fashionable accessory that adds charm to the entire styling. We can even say that glasses are the most important of all accessories, because we put them on the face.\nThe eyes are the first part of the face to which we pay attention when we getting to know a new person.<\/div><\/div><div class=\"ff-news-v3-space fg-text-dark ffb-button-5\"><\/div><\/div><\/div><\/div><\/div><\/div><\/div><\/section><\/div><\/div><\/div><\/section><style>.ffb-id-3jfv31ia .news-v3-content .ff-news-v3-divider{ background-color: #00bcd4;}<\/style><script type=\"text\/javascript\"><\/script>","protected":false},"excerpt":{"rendered":"","protected":false},"author":1,"featured_media":0,"parent":0,"menu_order":0,"comment_status":"closed","ping_status":"closed","template":"","meta":[],"yoast_head":"<!-- This site is optimized with the Yoast SEO plugin v20.1 - https:\/\/yoast.com\/wordpress\/plugins\/seo\/ -->\n<title>Blog - OPTYKA Dzier\u017coni\u00f3w, salon optyczny, optyk, soczewki, badanie wzroku, Deka-Boruszewska, Boruszewski<\/title>\n<meta name=\"robots\" content=\"index, follow, max-snippet:-1, max-image-preview:large, max-video-preview:-1\" \/>\n<link rel=\"canonical\" href=\"http:\/\/optykadzierzoniow.pl\/en\/blog\/\" \/>\n<meta property=\"og:locale\" content=\"en_GB\" \/>\n<meta property=\"og:type\" content=\"article\" \/>\n<meta property=\"og:title\" content=\"Blog - OPTYKA Dzier\u017coni\u00f3w, salon optyczny, optyk, soczewki, badanie wzroku, Deka-Boruszewska, Boruszewski\" \/>\n<meta property=\"og:url\" content=\"http:\/\/optykadzierzoniow.pl\/en\/blog\/\" \/>\n<meta property=\"og:site_name\" content=\"OPTYKA Dzier\u017coni\u00f3w, salon optyczny, optyk, soczewki, badanie wzroku, Deka-Boruszewska, Boruszewski\" \/>\n<meta property=\"article:modified_time\" content=\"2020-05-06T07:36:50+00:00\" \/>\n<meta name=\"twitter:card\" content=\"summary_large_image\" \/>\n<meta name=\"twitter:label1\" content=\"Estimated reading time\" \/>\n\t<meta name=\"twitter:data1\" content=\"3 minutes\" \/>\n<script type=\"application\/ld+json\" class=\"yoast-schema-graph\">{\"@context\":\"https:\/\/schema.org\",\"@graph\":[{\"@type\":\"WebPage\",\"@id\":\"https:\/\/optykadzierzoniow.pl\/blog\/\",\"url\":\"https:\/\/optykadzierzoniow.pl\/blog\/\",\"name\":\"Blog - OPTYKA Dzier\u017coni\u00f3w, salon optyczny, optyk, soczewki, badanie wzroku, Deka-Boruszewska, Boruszewski\",\"isPartOf\":{\"@id\":\"https:\/\/optykadzierzoniow.pl\/#website\"},\"datePublished\":\"2017-03-20T11:34:41+00:00\",\"dateModified\":\"2020-05-06T07:36:50+00:00\",\"breadcrumb\":{\"@id\":\"https:\/\/optykadzierzoniow.pl\/blog\/#breadcrumb\"},\"inLanguage\":\"en-GB\",\"potentialAction\":[{\"@type\":\"ReadAction\",\"target\":[\"https:\/\/optykadzierzoniow.pl\/blog\/\"]}]},{\"@type\":\"BreadcrumbList\",\"@id\":\"https:\/\/optykadzierzoniow.pl\/blog\/#breadcrumb\",\"itemListElement\":[{\"@type\":\"ListItem\",\"position\":1,\"name\":\"Strona g\u0142\u00f3wna\",\"item\":\"https:\/\/optykadzierzoniow.pl\/\"},{\"@type\":\"ListItem\",\"position\":2,\"name\":\"Blog\"}]},{\"@type\":\"WebSite\",\"@id\":\"https:\/\/optykadzierzoniow.pl\/#website\",\"url\":\"https:\/\/optykadzierzoniow.pl\/\",\"name\":\"OPTYKA Dzier\u017coni\u00f3w, salon optyczny, optyk, soczewki, badanie wzroku, Deka-Boruszewska, Boruszewski\",\"description\":\"Salon optyczny OPTYKA Dzier\u017coni\u00f3w istnieje od 1968 r. W ofercie oprawy okularowe uznanych projektant\u00f3w oraz bezp\u0142atny serwis.\",\"publisher\":{\"@id\":\"https:\/\/optykadzierzoniow.pl\/#organization\"},\"potentialAction\":[{\"@type\":\"SearchAction\",\"target\":{\"@type\":\"EntryPoint\",\"urlTemplate\":\"https:\/\/optykadzierzoniow.pl\/?s={search_term_string}\"},\"query-input\":\"required name=search_term_string\"}],\"inLanguage\":\"en-GB\"},{\"@type\":\"Organization\",\"@id\":\"https:\/\/optykadzierzoniow.pl\/#organization\",\"name\":\"OPTYKA Dzier\u017coni\u00f3w, salon optyczny, optyk, soczewki, badanie wzroku, Deka-Boruszewska, Boruszewski\",\"url\":\"https:\/\/optykadzierzoniow.pl\/\",\"logo\":{\"@type\":\"ImageObject\",\"inLanguage\":\"en-GB\",\"@id\":\"https:\/\/optykadzierzoniow.pl\/#\/schema\/logo\/image\/\",\"url\":\"http:\/\/optykadzierzoniow.pl\/wp-content\/uploads\/2020\/07\/optykadzierzoniow.jpg\",\"contentUrl\":\"http:\/\/optykadzierzoniow.pl\/wp-content\/uploads\/2020\/07\/optykadzierzoniow.jpg\",\"width\":550,\"height\":550,\"caption\":\"OPTYKA Dzier\u017coni\u00f3w, salon optyczny, optyk, soczewki, badanie wzroku, Deka-Boruszewska, Boruszewski\"},\"image\":{\"@id\":\"https:\/\/optykadzierzoniow.pl\/#\/schema\/logo\/image\/\"}}]}<\/script>\n<!-- \/ Yoast SEO plugin. -->","yoast_head_json":{"title":"Blog - OPTYKA Dzier\u017coni\u00f3w, salon optyczny, optyk, soczewki, badanie wzroku, Deka-Boruszewska, Boruszewski","robots":{"index":"index","follow":"follow","max-snippet":"max-snippet:-1","max-image-preview":"max-image-preview:large","max-video-preview":"max-video-preview:-1"},"canonical":"http:\/\/optykadzierzoniow.pl\/en\/blog\/","og_locale":"en_GB","og_type":"article","og_title":"Blog - OPTYKA Dzier\u017coni\u00f3w, salon optyczny, optyk, soczewki, badanie wzroku, Deka-Boruszewska, Boruszewski","og_url":"http:\/\/optykadzierzoniow.pl\/en\/blog\/","og_site_name":"OPTYKA Dzier\u017coni\u00f3w, salon optyczny, optyk, soczewki, badanie wzroku, Deka-Boruszewska, Boruszewski","article_modified_time":"2020-05-06T07:36:50+00:00","twitter_card":"summary_large_image","twitter_misc":{"Estimated reading time":"3 minutes"},"schema":{"@context":"https:\/\/schema.org","@graph":[{"@type":"WebPage","@id":"https:\/\/optykadzierzoniow.pl\/blog\/","url":"https:\/\/optykadzierzoniow.pl\/blog\/","name":"Blog - OPTYKA Dzier\u017coni\u00f3w, salon optyczny, optyk, soczewki, badanie wzroku, Deka-Boruszewska, Boruszewski","isPartOf":{"@id":"https:\/\/optykadzierzoniow.pl\/#website"},"datePublished":"2017-03-20T11:34:41+00:00","dateModified":"2020-05-06T07:36:50+00:00","breadcrumb":{"@id":"https:\/\/optykadzierzoniow.pl\/blog\/#breadcrumb"},"inLanguage":"en-GB","potentialAction":[{"@type":"ReadAction","target":["https:\/\/optykadzierzoniow.pl\/blog\/"]}]},{"@type":"BreadcrumbList","@id":"https:\/\/optykadzierzoniow.pl\/blog\/#breadcrumb","itemListElement":[{"@type":"ListItem","position":1,"name":"Strona g\u0142\u00f3wna","item":"https:\/\/optykadzierzoniow.pl\/"},{"@type":"ListItem","position":2,"name":"Blog"}]},{"@type":"WebSite","@id":"https:\/\/optykadzierzoniow.pl\/#website","url":"https:\/\/optykadzierzoniow.pl\/","name":"OPTYKA Dzier\u017coni\u00f3w, salon optyczny, optyk, soczewki, badanie wzroku, Deka-Boruszewska, Boruszewski","description":"Salon optyczny OPTYKA Dzier\u017coni\u00f3w istnieje od 1968 r. W ofercie oprawy okularowe uznanych projektant\u00f3w oraz bezp\u0142atny serwis.","publisher":{"@id":"https:\/\/optykadzierzoniow.pl\/#organization"},"potentialAction":[{"@type":"SearchAction","target":{"@type":"EntryPoint","urlTemplate":"https:\/\/optykadzierzoniow.pl\/?s={search_term_string}"},"query-input":"required name=search_term_string"}],"inLanguage":"en-GB"},{"@type":"Organization","@id":"https:\/\/optykadzierzoniow.pl\/#organization","name":"OPTYKA Dzier\u017coni\u00f3w, salon optyczny, optyk, soczewki, badanie wzroku, Deka-Boruszewska, Boruszewski","url":"https:\/\/optykadzierzoniow.pl\/","logo":{"@type":"ImageObject","inLanguage":"en-GB","@id":"https:\/\/optykadzierzoniow.pl\/#\/schema\/logo\/image\/","url":"http:\/\/optykadzierzoniow.pl\/wp-content\/uploads\/2020\/07\/optykadzierzoniow.jpg","contentUrl":"http:\/\/optykadzierzoniow.pl\/wp-content\/uploads\/2020\/07\/optykadzierzoniow.jpg","width":550,"height":550,"caption":"OPTYKA Dzier\u017coni\u00f3w, salon optyczny, optyk, soczewki, badanie wzroku, Deka-Boruszewska, Boruszewski"},"image":{"@id":"https:\/\/optykadzierzoniow.pl\/#\/schema\/logo\/image\/"}}]}},"_links":{"self":[{"href":"http:\/\/optykadzierzoniow.pl\/en\/wp-json\/wp\/v2\/pages\/1317"}],"collection":[{"href":"http:\/\/optykadzierzoniow.pl\/en\/wp-json\/wp\/v2\/pages"}],"about":[{"href":"http:\/\/optykadzierzoniow.pl\/en\/wp-json\/wp\/v2\/types\/page"}],"author":[{"embeddable":true,"href":"http:\/\/optykadzierzoniow.pl\/en\/wp-json\/wp\/v2\/users\/1"}],"replies":[{"embeddable":true,"href":"http:\/\/optykadzierzoniow.pl\/en\/wp-json\/wp\/v2\/comments?post=1317"}],"version-history":[{"count":10,"href":"http:\/\/optykadzierzoniow.pl\/en\/wp-json\/wp\/v2\/pages\/1317\/revisions"}],"predecessor-version":[{"id":2701,"href":"http:\/\/optykadzierzoniow.pl\/en\/wp-json\/wp\/v2\/pages\/1317\/revisions\/2701"}],"wp:attachment":[{"href":"http:\/\/optykadzierzoniow.pl\/en\/wp-json\/wp\/v2\/media?parent=1317"}],"curies":[{"name":"wp","href":"https:\/\/api.w.org\/{rel}","templated":true}]}}