{"id":1814,"date":"2019-08-05T14:30:17","date_gmt":"2019-08-05T12:30:17","guid":{"rendered":"http:\/\/new.optykadzierzoniow.pl\/?page_id=1814"},"modified":"2020-04-24T14:46:48","modified_gmt":"2020-04-24T12:46:48","slug":"sandro","status":"publish","type":"page","link":"http:\/\/optykadzierzoniow.pl\/en\/sandro\/","title":{"rendered":"Sandro"},"content":{"rendered":"<p><section class=\"ffb-id-3i4gsibl fg-section fg-text-dark\"><div class=\"fg-container container fg-container-large fg-container-lvl--1\"><div class=\"fg-row row\" ><div class=\"ffb-id-3i4gsibm fg-col col-xs-12 col-md-3 fg-text-dark\"><\/div><div class=\"ffb-id-3i4gsibn fg-col col-xs-12 col-md-3 fg-text-dark\"><\/div><div class=\"ffb-id-3i4gsibo fg-col col-xs-12 col-md-3 fg-text-dark\"><\/div><div class=\"ffb-id-3i4gsibp fg-col col-xs-12 col-md-3 fg-text-dark\"><\/div><\/div><\/div><\/section><style><\/style><script type=\"text\/javascript\"><\/script><section class=\"ffb-id-3hl7dl56 fg-section fg-text-dark\"><div class=\"fg-container container fg-container-large fg-container-lvl--1\"><div class=\"fg-row row\" ><div class=\"ffb-id-3hl7dl58 fg-col col-xs-12 col-md-3 fg-text-dark\"><\/div><div class=\"ffb-id-3hl7dl57 fg-col col-xs-12 col-md-9 fg-text-dark\"><\/div><\/div><\/div><\/section><style>.ffb-id-3hl7dl56{ padding-top: 10px;}@media (min-width:1200px) { .ffb-id-3hl7dl56{ padding-top: 20px;}}<\/style><script type=\"text\/javascript\"><\/script><section class=\"ffb-id-3uorqlgp fg-section fg-text-dark\"><div class=\"fg-container container fg-container-large fg-container-lvl--1\"><div class=\"fg-row row\" ><div class=\"ffb-id-3uorqlgq fg-col col-xs-12 col-md-4 fg-text-dark\"><\/div><div class=\"ffb-id-3uorqlgr fg-col col-xs-12 col-md-4 fg-text-dark\"><img class=\"ffb-id-3i4gt1lp fg-image  img-responsive full-width fg-text-dark\" src=\"http:\/\/new.optykadzierzoniow.pl\/wp-content\/uploads\/2019\/11\/sandro-logo-1.jpg\" alt=\"sandro-logo\"><\/div><div class=\"ffb-id-3uorqlgs fg-col col-xs-12 col-md-4 fg-text-dark\"><\/div><\/div><\/div><\/section><style>.ffb-id-3hl7dl56{ \npadding-top: 10px;\n\n}\n@media (min-width:1200px) { \n.ffb-id-3hl7dl56{ \npadding-top: 20px;\n\n}\n}.ffb-id-3uorqlgp{ margin-bottom: 30px;}<\/style><script type=\"text\/javascript\"><\/script><section class=\"ffb-id-3uorqnl8 fg-section fg-text-dark\"><div class=\"fg-container container fg-container-large fg-container-lvl--1\"><div class=\"fg-row row\" ><div class=\"ffb-id-3uorqnl9 fg-col col-xs-12 col-md-4 fg-text-dark\"><\/div><div class=\"ffb-id-3uorqnla fg-col col-xs-12 col-md-4 fg-text-dark\"><img class=\"ffb-id-3hl7du3p fg-image  img-responsive full-width fg-text-dark\" src=\"http:\/\/new.optykadzierzoniow.pl\/wp-content\/uploads\/2019\/11\/sandro.jpg\" alt=\"sandro\"><\/div><div class=\"ffb-id-3uorqnlb fg-col col-xs-12 col-md-4 fg-text-dark\"><\/div><\/div><\/div><\/section><style>.ffb-id-3uorqlgp{ \nmargin-bottom: 30px;\n\n}\n.ffb-id-3uorqnl8{ margin-bottom: 30px;}<\/style><script type=\"text\/javascript\"><\/script><section class=\"ffb-id-3uorqpaq fg-section fg-text-dark\"><div class=\"fg-container container fg-container-large fg-container-lvl--1\"><div class=\"fg-row row\" ><div class=\"ffb-id-3uorqpar fg-col col-xs-12 col-md-12 fg-text-dark\"><p class=\"ffb-id-3hl7docp fg-paragraph text-left    fg-text-dark\">Francuska marka za\u0142o\u017cona w 1984 roku i pretenduj\u0105ca do miana brandu z p\u00f3\u0142ki przyst\u0119pnego luksusu. Sandro to mix eleganckiego paryskiego stylu i rock \u2018n\u2019 rollowego pazura, dlatego cz\u0119sto okre\u015blana jest jako \u201eelegant rebel\u201d. Za\u0142o\u017cycielk\u0105 Sandro jest Evelyne Ch\u00e9trite, starsza siostra Judith Milgrom (kt\u00f3ra w 1998 roku stworzy\u0142a siostrzan\u0105 mark\u0119 Sandro \u2013 Maje) i jedna z ikon francuskiego stylu. Sandro to odzie\u017c, akcesoria oraz obuwie zar\u00f3wno dla kobiet, jak i m\u0119\u017cczyzn. Marka kooperuje r\u00f3wnie\u017c ze znanymi brandami obuwniczymi, tj. Superga czy Reebok. Okulary Sandro to prostota po\u0142\u0105czona z parysk\u0105 nonszalancj\u0105. W kolekcjach mo\u017cemy odnale\u017a\u0107 zar\u00f3wno delikatne metalowe i okr\u0105g\u0142e oprawy w stylu lat 90., a tak\u017ce grube, mocne ramki odwo\u0142uj\u0105ce si\u0119 do lat 70. Dominuj\u0105ce kolory w kolekcji Sandro to czer\u0144, szylkret, granat, szaro\u015bci oraz z\u0142oto i srebro. <\/p><\/div><\/div><\/div><\/section><style>.ffb-id-3uorqnl8{ \nmargin-bottom: 30px;\n\n}\n<\/style><script type=\"text\/javascript\"><\/script><\/p>","protected":false},"excerpt":{"rendered":"","protected":false},"author":1,"featured_media":0,"parent":0,"menu_order":0,"comment_status":"closed","ping_status":"closed","template":"","meta":[],"yoast_head":"<!-- This site is optimized with the Yoast SEO plugin v20.1 - https:\/\/yoast.com\/wordpress\/plugins\/seo\/ -->\n<title>Sandro - OPTYKA Dzier\u017coni\u00f3w, salon optyczny, optyk, soczewki, badanie wzroku, Deka-Boruszewska, Boruszewski<\/title>\n<meta name=\"robots\" content=\"index, follow, max-snippet:-1, max-image-preview:large, max-video-preview:-1\" \/>\n<link rel=\"canonical\" href=\"http:\/\/optykadzierzoniow.pl\/en\/sandro\/\" \/>\n<meta property=\"og:locale\" content=\"en_GB\" \/>\n<meta property=\"og:type\" content=\"article\" \/>\n<meta property=\"og:title\" content=\"Sandro - OPTYKA Dzier\u017coni\u00f3w, salon optyczny, optyk, soczewki, badanie wzroku, Deka-Boruszewska, Boruszewski\" \/>\n<meta property=\"og:url\" content=\"http:\/\/optykadzierzoniow.pl\/en\/sandro\/\" \/>\n<meta property=\"og:site_name\" content=\"OPTYKA Dzier\u017coni\u00f3w, salon optyczny, optyk, soczewki, badanie wzroku, Deka-Boruszewska, Boruszewski\" \/>\n<meta property=\"article:modified_time\" content=\"2020-04-24T12:46:48+00:00\" \/>\n<meta name=\"twitter:card\" content=\"summary_large_image\" \/>\n<meta name=\"twitter:label1\" content=\"Estimated reading time\" \/>\n\t<meta name=\"twitter:data1\" content=\"12 minutes\" \/>\n<script type=\"application\/ld+json\" class=\"yoast-schema-graph\">{\"@context\":\"https:\/\/schema.org\",\"@graph\":[{\"@type\":\"WebPage\",\"@id\":\"https:\/\/optykadzierzoniow.pl\/sandro\/\",\"url\":\"https:\/\/optykadzierzoniow.pl\/sandro\/\",\"name\":\"Sandro - OPTYKA Dzier\u017coni\u00f3w, salon optyczny, optyk, soczewki, badanie wzroku, Deka-Boruszewska, Boruszewski\",\"isPartOf\":{\"@id\":\"https:\/\/optykadzierzoniow.pl\/#website\"},\"datePublished\":\"2019-08-05T12:30:17+00:00\",\"dateModified\":\"2020-04-24T12:46:48+00:00\",\"breadcrumb\":{\"@id\":\"https:\/\/optykadzierzoniow.pl\/sandro\/#breadcrumb\"},\"inLanguage\":\"en-GB\",\"potentialAction\":[{\"@type\":\"ReadAction\",\"target\":[\"https:\/\/optykadzierzoniow.pl\/sandro\/\"]}]},{\"@type\":\"BreadcrumbList\",\"@id\":\"https:\/\/optykadzierzoniow.pl\/sandro\/#breadcrumb\",\"itemListElement\":[{\"@type\":\"ListItem\",\"position\":1,\"name\":\"Strona g\u0142\u00f3wna\",\"item\":\"https:\/\/optykadzierzoniow.pl\/\"},{\"@type\":\"ListItem\",\"position\":2,\"name\":\"Sandro\"}]},{\"@type\":\"WebSite\",\"@id\":\"https:\/\/optykadzierzoniow.pl\/#website\",\"url\":\"https:\/\/optykadzierzoniow.pl\/\",\"name\":\"OPTYKA Dzier\u017coni\u00f3w, salon optyczny, optyk, soczewki, badanie wzroku, Deka-Boruszewska, Boruszewski\",\"description\":\"Salon optyczny OPTYKA Dzier\u017coni\u00f3w istnieje od 1968 r. W ofercie oprawy okularowe uznanych projektant\u00f3w oraz bezp\u0142atny serwis.\",\"publisher\":{\"@id\":\"https:\/\/optykadzierzoniow.pl\/#organization\"},\"potentialAction\":[{\"@type\":\"SearchAction\",\"target\":{\"@type\":\"EntryPoint\",\"urlTemplate\":\"https:\/\/optykadzierzoniow.pl\/?s={search_term_string}\"},\"query-input\":\"required name=search_term_string\"}],\"inLanguage\":\"en-GB\"},{\"@type\":\"Organization\",\"@id\":\"https:\/\/optykadzierzoniow.pl\/#organization\",\"name\":\"OPTYKA Dzier\u017coni\u00f3w, salon optyczny, optyk, soczewki, badanie wzroku, Deka-Boruszewska, Boruszewski\",\"url\":\"https:\/\/optykadzierzoniow.pl\/\",\"logo\":{\"@type\":\"ImageObject\",\"inLanguage\":\"en-GB\",\"@id\":\"https:\/\/optykadzierzoniow.pl\/#\/schema\/logo\/image\/\",\"url\":\"http:\/\/optykadzierzoniow.pl\/wp-content\/uploads\/2020\/07\/optykadzierzoniow.jpg\",\"contentUrl\":\"http:\/\/optykadzierzoniow.pl\/wp-content\/uploads\/2020\/07\/optykadzierzoniow.jpg\",\"width\":550,\"height\":550,\"caption\":\"OPTYKA Dzier\u017coni\u00f3w, salon optyczny, optyk, soczewki, badanie wzroku, Deka-Boruszewska, Boruszewski\"},\"image\":{\"@id\":\"https:\/\/optykadzierzoniow.pl\/#\/schema\/logo\/image\/\"}}]}<\/script>\n<!-- \/ Yoast SEO plugin. -->","yoast_head_json":{"title":"Sandro - OPTYKA Dzier\u017coni\u00f3w, salon optyczny, optyk, soczewki, badanie wzroku, Deka-Boruszewska, Boruszewski","robots":{"index":"index","follow":"follow","max-snippet":"max-snippet:-1","max-image-preview":"max-image-preview:large","max-video-preview":"max-video-preview:-1"},"canonical":"http:\/\/optykadzierzoniow.pl\/en\/sandro\/","og_locale":"en_GB","og_type":"article","og_title":"Sandro - OPTYKA Dzier\u017coni\u00f3w, salon optyczny, optyk, soczewki, badanie wzroku, Deka-Boruszewska, Boruszewski","og_url":"http:\/\/optykadzierzoniow.pl\/en\/sandro\/","og_site_name":"OPTYKA Dzier\u017coni\u00f3w, salon optyczny, optyk, soczewki, badanie wzroku, Deka-Boruszewska, Boruszewski","article_modified_time":"2020-04-24T12:46:48+00:00","twitter_card":"summary_large_image","twitter_misc":{"Estimated reading time":"12 minutes"},"schema":{"@context":"https:\/\/schema.org","@graph":[{"@type":"WebPage","@id":"https:\/\/optykadzierzoniow.pl\/sandro\/","url":"https:\/\/optykadzierzoniow.pl\/sandro\/","name":"Sandro - OPTYKA Dzier\u017coni\u00f3w, salon optyczny, optyk, soczewki, badanie wzroku, Deka-Boruszewska, Boruszewski","isPartOf":{"@id":"https:\/\/optykadzierzoniow.pl\/#website"},"datePublished":"2019-08-05T12:30:17+00:00","dateModified":"2020-04-24T12:46:48+00:00","breadcrumb":{"@id":"https:\/\/optykadzierzoniow.pl\/sandro\/#breadcrumb"},"inLanguage":"en-GB","potentialAction":[{"@type":"ReadAction","target":["https:\/\/optykadzierzoniow.pl\/sandro\/"]}]},{"@type":"BreadcrumbList","@id":"https:\/\/optykadzierzoniow.pl\/sandro\/#breadcrumb","itemListElement":[{"@type":"ListItem","position":1,"name":"Strona g\u0142\u00f3wna","item":"https:\/\/optykadzierzoniow.pl\/"},{"@type":"ListItem","position":2,"name":"Sandro"}]},{"@type":"WebSite","@id":"https:\/\/optykadzierzoniow.pl\/#website","url":"https:\/\/optykadzierzoniow.pl\/","name":"OPTYKA Dzier\u017coni\u00f3w, salon optyczny, optyk, soczewki, badanie wzroku, Deka-Boruszewska, Boruszewski","description":"Salon optyczny OPTYKA Dzier\u017coni\u00f3w istnieje od 1968 r. W ofercie oprawy okularowe uznanych projektant\u00f3w oraz bezp\u0142atny serwis.","publisher":{"@id":"https:\/\/optykadzierzoniow.pl\/#organization"},"potentialAction":[{"@type":"SearchAction","target":{"@type":"EntryPoint","urlTemplate":"https:\/\/optykadzierzoniow.pl\/?s={search_term_string}"},"query-input":"required name=search_term_string"}],"inLanguage":"en-GB"},{"@type":"Organization","@id":"https:\/\/optykadzierzoniow.pl\/#organization","name":"OPTYKA Dzier\u017coni\u00f3w, salon optyczny, optyk, soczewki, badanie wzroku, Deka-Boruszewska, Boruszewski","url":"https:\/\/optykadzierzoniow.pl\/","logo":{"@type":"ImageObject","inLanguage":"en-GB","@id":"https:\/\/optykadzierzoniow.pl\/#\/schema\/logo\/image\/","url":"http:\/\/optykadzierzoniow.pl\/wp-content\/uploads\/2020\/07\/optykadzierzoniow.jpg","contentUrl":"http:\/\/optykadzierzoniow.pl\/wp-content\/uploads\/2020\/07\/optykadzierzoniow.jpg","width":550,"height":550,"caption":"OPTYKA Dzier\u017coni\u00f3w, salon optyczny, optyk, soczewki, badanie wzroku, Deka-Boruszewska, Boruszewski"},"image":{"@id":"https:\/\/optykadzierzoniow.pl\/#\/schema\/logo\/image\/"}}]}},"_links":{"self":[{"href":"http:\/\/optykadzierzoniow.pl\/en\/wp-json\/wp\/v2\/pages\/1814"}],"collection":[{"href":"http:\/\/optykadzierzoniow.pl\/en\/wp-json\/wp\/v2\/pages"}],"about":[{"href":"http:\/\/optykadzierzoniow.pl\/en\/wp-json\/wp\/v2\/types\/page"}],"author":[{"embeddable":true,"href":"http:\/\/optykadzierzoniow.pl\/en\/wp-json\/wp\/v2\/users\/1"}],"replies":[{"embeddable":true,"href":"http:\/\/optykadzierzoniow.pl\/en\/wp-json\/wp\/v2\/comments?post=1814"}],"version-history":[{"count":5,"href":"http:\/\/optykadzierzoniow.pl\/en\/wp-json\/wp\/v2\/pages\/1814\/revisions"}],"predecessor-version":[{"id":2605,"href":"http:\/\/optykadzierzoniow.pl\/en\/wp-json\/wp\/v2\/pages\/1814\/revisions\/2605"}],"wp:attachment":[{"href":"http:\/\/optykadzierzoniow.pl\/en\/wp-json\/wp\/v2\/media?parent=1814"}],"curies":[{"name":"wp","href":"https:\/\/api.w.org\/{rel}","templated":true}]}}