{"id":2091,"date":"2019-11-13T15:35:50","date_gmt":"2019-11-13T14:35:50","guid":{"rendered":"http:\/\/new.optykadzierzoniow.pl\/?page_id=2091"},"modified":"2020-07-07T14:59:39","modified_gmt":"2020-07-07T12:59:39","slug":"tous","status":"publish","type":"page","link":"http:\/\/optykadzierzoniow.pl\/en\/tous\/","title":{"rendered":"Tous"},"content":{"rendered":"<p><section class=\"ffb-id-3uos6kbg fg-section fg-text-dark\"><div class=\"fg-container container fg-container-large fg-container-lvl--1\"><div class=\"fg-row row\" ><div class=\"ffb-id-3uos6kbh fg-col col-xs-12 col-md-4 fg-text-dark\"><\/div><div class=\"ffb-id-3uos6kbi fg-col col-xs-12 col-md-4 fg-text-dark\"><img class=\"ffb-id-3i4hfskt fg-image  img-responsive full-width fg-text-dark\" src=\"http:\/\/new.optykadzierzoniow.pl\/wp-content\/uploads\/2019\/11\/tous-logo-1.jpg\" alt=\"tous-logo\"><\/div><div class=\"ffb-id-3uos6kbj fg-col col-xs-12 col-md-4 fg-text-dark\"><\/div><\/div><\/div><\/section><style>.ffb-id-3uos6kbg{ margin-bottom: 30px;}<\/style><script type=\"text\/javascript\"><\/script><section class=\"ffb-id-3uos6o9q fg-section fg-text-dark\"><div class=\"fg-container container fg-container-large fg-container-lvl--1\"><div class=\"fg-row row\" ><div class=\"ffb-id-3uos6o9r fg-col col-xs-12 col-md-4 fg-text-dark\"><\/div><div class=\"ffb-id-3uos6o9s fg-col col-xs-12 col-md-4 fg-text-dark\"><img class=\"ffb-id-3hlb8o2p fg-image  img-responsive full-width fg-text-dark\" src=\"http:\/\/new.optykadzierzoniow.pl\/wp-content\/uploads\/2019\/11\/tous.jpg\" alt=\"tous\"><\/div><div class=\"ffb-id-3uos6o9t fg-col col-xs-12 col-md-4 fg-text-dark\"><\/div><\/div><\/div><\/section><style>.ffb-id-3uos6kbg{ \nmargin-bottom: 30px;\n\n}\n.ffb-id-3uos6o9q{ margin-bottom: 30px;}<\/style><script type=\"text\/javascript\"><\/script><section class=\"ffb-id-3uos6vk8 fg-section fg-text-dark\"><div class=\"fg-container container fg-container-large fg-container-lvl--1\"><div class=\"fg-row row\" ><div class=\"ffb-id-3uos6vk9 fg-col col-xs-12 col-md-12 fg-text-dark\"><p class=\"ffb-id-3hlb8j3h fg-paragraph text-left    fg-text-dark\">Hiszpa\u0144ska marka bi\u017cuteryjna za\u0142o\u017cona w 1920 roku niedaleko Barcelony. Firma zacz\u0119\u0142a rozwija\u0107 si\u0119 w latach 60., a obecnie ma ju\u017c 350 butik\u00f3w w 42 krajach na \u015bwiecie. Oczywi\u015bcie marka Tous to przede wszystkim bi\u017cuteria, ale te\u017c i dodatki \u2013 torebki, apaszki oraz okulary. Znakiem charakterystycznym Tousa jest mi\u015b, kt\u00f3ry znajduje si\u0119 na ka\u017cdym produkcie tej marki. - W czasie jednej z moich podr\u00f3\u017cy zobaczy\u0142am misia w oknie wystawowym i pomy\u015bla\u0142am, \u017ce fajnie by\u0142oby stworzy\u0107 bi\u017cuteri\u0119 w jego kszta\u0142cie. Wszystkim kojarzy si\u0119 on z mi\u0142ymi wspomnieniami z dzieci\u0144stwa. Taka bi\u017cuteria by\u0142aby zabawna, magiczna i ca\u0142kiem elegancka. Bi\u017cuteria zwi\u0105zana jest z najwa\u017cniejszymi chwilami \u017cycia ka\u017cdego z nas \u2013 wspomina Rosa Tous, wsp\u00f3\u0142w\u0142a\u015bcicielka firmy. Okulary tej marki nie s\u0105 wyj\u0105tkiem, bo charakterystyczny mi\u015b znajduje si\u0119 na ka\u017cdym zauszniku okular\u00f3w Tous. Ambasadorkami \u201emisia\u201d s\u0105 m.in. Kylie Minogue, Jennifer Lopez oraz Ma\u0142gorzata Socha.<\/p><\/div><\/div><\/div><\/section><style>.ffb-id-3uos6o9q{ \nmargin-bottom: 30px;\n\n}\n<\/style><script type=\"text\/javascript\"><\/script><\/p>","protected":false},"excerpt":{"rendered":"","protected":false},"author":1,"featured_media":0,"parent":0,"menu_order":0,"comment_status":"closed","ping_status":"closed","template":"","meta":[],"yoast_head":"<!-- This site is optimized with the Yoast SEO plugin v20.1 - https:\/\/yoast.com\/wordpress\/plugins\/seo\/ -->\n<title>Tous - OPTYKA Dzier\u017coni\u00f3w, salon optyczny, optyk, soczewki, badanie wzroku, Deka-Boruszewska, Boruszewski<\/title>\n<meta name=\"robots\" content=\"index, follow, max-snippet:-1, max-image-preview:large, max-video-preview:-1\" \/>\n<link rel=\"canonical\" href=\"http:\/\/optykadzierzoniow.pl\/en\/tous\/\" \/>\n<meta property=\"og:locale\" content=\"en_GB\" \/>\n<meta property=\"og:type\" content=\"article\" \/>\n<meta property=\"og:title\" content=\"Tous - OPTYKA Dzier\u017coni\u00f3w, salon optyczny, optyk, soczewki, badanie wzroku, Deka-Boruszewska, Boruszewski\" \/>\n<meta property=\"og:url\" content=\"http:\/\/optykadzierzoniow.pl\/en\/tous\/\" \/>\n<meta property=\"og:site_name\" content=\"OPTYKA Dzier\u017coni\u00f3w, salon optyczny, optyk, soczewki, badanie wzroku, Deka-Boruszewska, Boruszewski\" \/>\n<meta property=\"article:modified_time\" content=\"2020-07-07T12:59:39+00:00\" \/>\n<meta name=\"twitter:card\" content=\"summary_large_image\" \/>\n<meta name=\"twitter:label1\" content=\"Estimated reading time\" \/>\n\t<meta name=\"twitter:data1\" content=\"7 minutes\" \/>\n<script type=\"application\/ld+json\" class=\"yoast-schema-graph\">{\"@context\":\"https:\/\/schema.org\",\"@graph\":[{\"@type\":\"WebPage\",\"@id\":\"https:\/\/optykadzierzoniow.pl\/tous\/\",\"url\":\"https:\/\/optykadzierzoniow.pl\/tous\/\",\"name\":\"Tous - OPTYKA Dzier\u017coni\u00f3w, salon optyczny, optyk, soczewki, badanie wzroku, Deka-Boruszewska, Boruszewski\",\"isPartOf\":{\"@id\":\"https:\/\/optykadzierzoniow.pl\/#website\"},\"datePublished\":\"2019-11-13T14:35:50+00:00\",\"dateModified\":\"2020-07-07T12:59:39+00:00\",\"breadcrumb\":{\"@id\":\"https:\/\/optykadzierzoniow.pl\/tous\/#breadcrumb\"},\"inLanguage\":\"en-GB\",\"potentialAction\":[{\"@type\":\"ReadAction\",\"target\":[\"https:\/\/optykadzierzoniow.pl\/tous\/\"]}]},{\"@type\":\"BreadcrumbList\",\"@id\":\"https:\/\/optykadzierzoniow.pl\/tous\/#breadcrumb\",\"itemListElement\":[{\"@type\":\"ListItem\",\"position\":1,\"name\":\"Strona g\u0142\u00f3wna\",\"item\":\"https:\/\/optykadzierzoniow.pl\/\"},{\"@type\":\"ListItem\",\"position\":2,\"name\":\"Tous\"}]},{\"@type\":\"WebSite\",\"@id\":\"https:\/\/optykadzierzoniow.pl\/#website\",\"url\":\"https:\/\/optykadzierzoniow.pl\/\",\"name\":\"OPTYKA Dzier\u017coni\u00f3w, salon optyczny, optyk, soczewki, badanie wzroku, Deka-Boruszewska, Boruszewski\",\"description\":\"Salon optyczny OPTYKA Dzier\u017coni\u00f3w istnieje od 1968 r. W ofercie oprawy okularowe uznanych projektant\u00f3w oraz bezp\u0142atny serwis.\",\"publisher\":{\"@id\":\"https:\/\/optykadzierzoniow.pl\/#organization\"},\"potentialAction\":[{\"@type\":\"SearchAction\",\"target\":{\"@type\":\"EntryPoint\",\"urlTemplate\":\"https:\/\/optykadzierzoniow.pl\/?s={search_term_string}\"},\"query-input\":\"required name=search_term_string\"}],\"inLanguage\":\"en-GB\"},{\"@type\":\"Organization\",\"@id\":\"https:\/\/optykadzierzoniow.pl\/#organization\",\"name\":\"OPTYKA Dzier\u017coni\u00f3w, salon optyczny, optyk, soczewki, badanie wzroku, Deka-Boruszewska, Boruszewski\",\"url\":\"https:\/\/optykadzierzoniow.pl\/\",\"logo\":{\"@type\":\"ImageObject\",\"inLanguage\":\"en-GB\",\"@id\":\"https:\/\/optykadzierzoniow.pl\/#\/schema\/logo\/image\/\",\"url\":\"http:\/\/optykadzierzoniow.pl\/wp-content\/uploads\/2020\/07\/optykadzierzoniow.jpg\",\"contentUrl\":\"http:\/\/optykadzierzoniow.pl\/wp-content\/uploads\/2020\/07\/optykadzierzoniow.jpg\",\"width\":550,\"height\":550,\"caption\":\"OPTYKA Dzier\u017coni\u00f3w, salon optyczny, optyk, soczewki, badanie wzroku, Deka-Boruszewska, Boruszewski\"},\"image\":{\"@id\":\"https:\/\/optykadzierzoniow.pl\/#\/schema\/logo\/image\/\"}}]}<\/script>\n<!-- \/ Yoast SEO plugin. -->","yoast_head_json":{"title":"Tous - OPTYKA Dzier\u017coni\u00f3w, salon optyczny, optyk, soczewki, badanie wzroku, Deka-Boruszewska, Boruszewski","robots":{"index":"index","follow":"follow","max-snippet":"max-snippet:-1","max-image-preview":"max-image-preview:large","max-video-preview":"max-video-preview:-1"},"canonical":"http:\/\/optykadzierzoniow.pl\/en\/tous\/","og_locale":"en_GB","og_type":"article","og_title":"Tous - OPTYKA Dzier\u017coni\u00f3w, salon optyczny, optyk, soczewki, badanie wzroku, Deka-Boruszewska, Boruszewski","og_url":"http:\/\/optykadzierzoniow.pl\/en\/tous\/","og_site_name":"OPTYKA Dzier\u017coni\u00f3w, salon optyczny, optyk, soczewki, badanie wzroku, Deka-Boruszewska, Boruszewski","article_modified_time":"2020-07-07T12:59:39+00:00","twitter_card":"summary_large_image","twitter_misc":{"Estimated reading time":"7 minutes"},"schema":{"@context":"https:\/\/schema.org","@graph":[{"@type":"WebPage","@id":"https:\/\/optykadzierzoniow.pl\/tous\/","url":"https:\/\/optykadzierzoniow.pl\/tous\/","name":"Tous - OPTYKA Dzier\u017coni\u00f3w, salon optyczny, optyk, soczewki, badanie wzroku, Deka-Boruszewska, Boruszewski","isPartOf":{"@id":"https:\/\/optykadzierzoniow.pl\/#website"},"datePublished":"2019-11-13T14:35:50+00:00","dateModified":"2020-07-07T12:59:39+00:00","breadcrumb":{"@id":"https:\/\/optykadzierzoniow.pl\/tous\/#breadcrumb"},"inLanguage":"en-GB","potentialAction":[{"@type":"ReadAction","target":["https:\/\/optykadzierzoniow.pl\/tous\/"]}]},{"@type":"BreadcrumbList","@id":"https:\/\/optykadzierzoniow.pl\/tous\/#breadcrumb","itemListElement":[{"@type":"ListItem","position":1,"name":"Strona g\u0142\u00f3wna","item":"https:\/\/optykadzierzoniow.pl\/"},{"@type":"ListItem","position":2,"name":"Tous"}]},{"@type":"WebSite","@id":"https:\/\/optykadzierzoniow.pl\/#website","url":"https:\/\/optykadzierzoniow.pl\/","name":"OPTYKA Dzier\u017coni\u00f3w, salon optyczny, optyk, soczewki, badanie wzroku, Deka-Boruszewska, Boruszewski","description":"Salon optyczny OPTYKA Dzier\u017coni\u00f3w istnieje od 1968 r. W ofercie oprawy okularowe uznanych projektant\u00f3w oraz bezp\u0142atny serwis.","publisher":{"@id":"https:\/\/optykadzierzoniow.pl\/#organization"},"potentialAction":[{"@type":"SearchAction","target":{"@type":"EntryPoint","urlTemplate":"https:\/\/optykadzierzoniow.pl\/?s={search_term_string}"},"query-input":"required name=search_term_string"}],"inLanguage":"en-GB"},{"@type":"Organization","@id":"https:\/\/optykadzierzoniow.pl\/#organization","name":"OPTYKA Dzier\u017coni\u00f3w, salon optyczny, optyk, soczewki, badanie wzroku, Deka-Boruszewska, Boruszewski","url":"https:\/\/optykadzierzoniow.pl\/","logo":{"@type":"ImageObject","inLanguage":"en-GB","@id":"https:\/\/optykadzierzoniow.pl\/#\/schema\/logo\/image\/","url":"http:\/\/optykadzierzoniow.pl\/wp-content\/uploads\/2020\/07\/optykadzierzoniow.jpg","contentUrl":"http:\/\/optykadzierzoniow.pl\/wp-content\/uploads\/2020\/07\/optykadzierzoniow.jpg","width":550,"height":550,"caption":"OPTYKA Dzier\u017coni\u00f3w, salon optyczny, optyk, soczewki, badanie wzroku, Deka-Boruszewska, Boruszewski"},"image":{"@id":"https:\/\/optykadzierzoniow.pl\/#\/schema\/logo\/image\/"}}]}},"_links":{"self":[{"href":"http:\/\/optykadzierzoniow.pl\/en\/wp-json\/wp\/v2\/pages\/2091"}],"collection":[{"href":"http:\/\/optykadzierzoniow.pl\/en\/wp-json\/wp\/v2\/pages"}],"about":[{"href":"http:\/\/optykadzierzoniow.pl\/en\/wp-json\/wp\/v2\/types\/page"}],"author":[{"embeddable":true,"href":"http:\/\/optykadzierzoniow.pl\/en\/wp-json\/wp\/v2\/users\/1"}],"replies":[{"embeddable":true,"href":"http:\/\/optykadzierzoniow.pl\/en\/wp-json\/wp\/v2\/comments?post=2091"}],"version-history":[{"count":5,"href":"http:\/\/optykadzierzoniow.pl\/en\/wp-json\/wp\/v2\/pages\/2091\/revisions"}],"predecessor-version":[{"id":2763,"href":"http:\/\/optykadzierzoniow.pl\/en\/wp-json\/wp\/v2\/pages\/2091\/revisions\/2763"}],"wp:attachment":[{"href":"http:\/\/optykadzierzoniow.pl\/en\/wp-json\/wp\/v2\/media?parent=2091"}],"curies":[{"name":"wp","href":"https:\/\/api.w.org\/{rel}","templated":true}]}}