{"id":2095,"date":"2019-11-13T15:36:21","date_gmt":"2019-11-13T14:36:21","guid":{"rendered":"http:\/\/new.optykadzierzoniow.pl\/?page_id=2095"},"modified":"2020-06-26T12:02:09","modified_gmt":"2020-06-26T10:02:09","slug":"carolina-herrera","status":"publish","type":"page","link":"http:\/\/optykadzierzoniow.pl\/en\/carolina-herrera\/","title":{"rendered":"Carolina Herrera"},"content":{"rendered":"<p><section class=\"ffb-id-3i4d1h9a fg-section fg-text-dark\"><div class=\"fg-container container fg-container-large fg-container-lvl--1\"><div class=\"fg-row row\" ><div class=\"ffb-id-3i4d1h9b fg-col col-xs-12 col-md-4 fg-text-dark\"><\/div><div class=\"ffb-id-3i4d1h9c fg-col col-xs-12 col-md-4 fg-text-dark\"><img class=\"ffb-id-3i4d217o fg-image  img-responsive fg-text-dark\" src=\"http:\/\/new.optykadzierzoniow.pl\/wp-content\/uploads\/2019\/11\/carolina-herrera-logo-1.jpg\" alt=\"carolina-herrera-logo\"><\/div><div class=\"ffb-id-3i4d1h9d fg-col col-xs-12 col-md-4 fg-text-dark\"><\/div><\/div><\/div><\/section><style>.ffb-id-3i4d1h9a{ padding-bottom: 20px;}<\/style><script type=\"text\/javascript\"><\/script><section class=\"ffb-id-3k4ooaue fg-section fg-text-dark\"><div class=\"fg-container container fg-container-large fg-container-lvl--1\"><div class=\"fg-row row\" ><div class=\"ffb-id-3k4ooauf fg-col col-xs-12 col-md-4 fg-text-dark\"><\/div><div class=\"ffb-id-3k4ooaug fg-col col-xs-12 col-md-4 fg-text-dark\"><img class=\"ffb-id-3hlbc1e8 fg-image  img-responsive full-width fg-text-dark\" src=\"http:\/\/new.optykadzierzoniow.pl\/wp-content\/uploads\/2019\/11\/carolina-herrera.jpg\" alt=\"carolina-herrera\"><\/div><div class=\"ffb-id-3k4ooauh fg-col col-xs-12 col-md-4 fg-text-dark\"><\/div><\/div><\/div><\/section><style>.ffb-id-3i4d1h9a{ \npadding-bottom: 20px;\n\n}\n<\/style><script type=\"text\/javascript\"><\/script><section class=\"ffb-id-3i4d1kld fg-section fg-text-dark\"><div class=\"fg-container container fg-container-large fg-container-lvl--1\"><div class=\"fg-row row\" ><div class=\"ffb-id-3i4d1klf fg-col col-xs-12 col-md-12 fg-text-dark\"><p class=\"ffb-id-3hlbbshr fg-paragraph text-left    fg-text-dark\">Marka za\u0142o\u017cona w 1980 roku przez Wenezuelk\u0119, Carolin\u0119 Herrer\u0119. Jej projekty \u0142\u0105cz\u0105 w sobie wenezuelski koloryt i nowojorskie wyrafinowanie. Projektantka znana jest z nienagannego stylu \u2013 w latach 80. wielokrotnie obwo\u0142ywano j\u0105 najlepiej ubran\u0105 kobiet\u0105 na \u015bwiecie. Potwierdzeniem tego jest fakt, \u017ce jej kreacje nosi\u0142y pierwsze damy USA - Jacqueline Onassis, Laura Bush czy Michelle Obama. W 2011 roku Carolina Herrera wprowadzi\u0142a do swojego portfolio r\u00f3wnie\u017c okulary korekcyjne i przeciws\u0142oneczne. Nienaganne, wyrafinowane, ponadczasowe \u2013 tak w skr\u00f3cie mo\u017cna scharakteryzowa\u0107 modele z kolekcji okularowych sygnowanych logiem CH. Co wyr\u00f3\u017cnia jej projekty? Przede wszystkim subtelno\u015b\u0107 i perfekcja wyko\u0144czenia. Oprawy charakteryzuj\u0105 si\u0119 du\u017c\u0105 swobod\u0105 w \u0142\u0105czeniu kolor\u00f3w i widocznym, ale zarazem delikatnym logo na zako\u0144czeniach zausznik\u00f3w.<\/p><\/div><\/div><\/div><\/section><style>.ffb-id-3i4d1kld{ margin-top: 35px;}<\/style><script type=\"text\/javascript\"><\/script><\/p>","protected":false},"excerpt":{"rendered":"","protected":false},"author":1,"featured_media":0,"parent":0,"menu_order":0,"comment_status":"closed","ping_status":"closed","template":"","meta":[],"yoast_head":"<!-- This site is optimized with the Yoast SEO plugin v20.1 - https:\/\/yoast.com\/wordpress\/plugins\/seo\/ -->\n<title>Carolina Herrera - OPTYKA Dzier\u017coni\u00f3w, salon optyczny, optyk, soczewki, badanie wzroku, Deka-Boruszewska, Boruszewski<\/title>\n<meta name=\"robots\" content=\"index, follow, max-snippet:-1, max-image-preview:large, max-video-preview:-1\" \/>\n<link rel=\"canonical\" href=\"http:\/\/optykadzierzoniow.pl\/en\/carolina-herrera\/\" \/>\n<meta property=\"og:locale\" content=\"en_GB\" \/>\n<meta property=\"og:type\" content=\"article\" \/>\n<meta property=\"og:title\" content=\"Carolina Herrera - OPTYKA Dzier\u017coni\u00f3w, salon optyczny, optyk, soczewki, badanie wzroku, Deka-Boruszewska, Boruszewski\" \/>\n<meta property=\"og:url\" content=\"http:\/\/optykadzierzoniow.pl\/en\/carolina-herrera\/\" \/>\n<meta property=\"og:site_name\" content=\"OPTYKA Dzier\u017coni\u00f3w, salon optyczny, optyk, soczewki, badanie wzroku, Deka-Boruszewska, Boruszewski\" \/>\n<meta property=\"article:modified_time\" content=\"2020-06-26T10:02:09+00:00\" \/>\n<meta name=\"twitter:card\" content=\"summary_large_image\" \/>\n<meta name=\"twitter:label1\" content=\"Estimated reading time\" \/>\n\t<meta name=\"twitter:data1\" content=\"7 minutes\" \/>\n<script type=\"application\/ld+json\" class=\"yoast-schema-graph\">{\"@context\":\"https:\/\/schema.org\",\"@graph\":[{\"@type\":\"WebPage\",\"@id\":\"https:\/\/optykadzierzoniow.pl\/carolina-herrera\/\",\"url\":\"https:\/\/optykadzierzoniow.pl\/carolina-herrera\/\",\"name\":\"Carolina Herrera - OPTYKA Dzier\u017coni\u00f3w, salon optyczny, optyk, soczewki, badanie wzroku, Deka-Boruszewska, Boruszewski\",\"isPartOf\":{\"@id\":\"https:\/\/optykadzierzoniow.pl\/#website\"},\"datePublished\":\"2019-11-13T14:36:21+00:00\",\"dateModified\":\"2020-06-26T10:02:09+00:00\",\"breadcrumb\":{\"@id\":\"https:\/\/optykadzierzoniow.pl\/carolina-herrera\/#breadcrumb\"},\"inLanguage\":\"en-GB\",\"potentialAction\":[{\"@type\":\"ReadAction\",\"target\":[\"https:\/\/optykadzierzoniow.pl\/carolina-herrera\/\"]}]},{\"@type\":\"BreadcrumbList\",\"@id\":\"https:\/\/optykadzierzoniow.pl\/carolina-herrera\/#breadcrumb\",\"itemListElement\":[{\"@type\":\"ListItem\",\"position\":1,\"name\":\"Strona g\u0142\u00f3wna\",\"item\":\"https:\/\/optykadzierzoniow.pl\/\"},{\"@type\":\"ListItem\",\"position\":2,\"name\":\"Carolina Herrera\"}]},{\"@type\":\"WebSite\",\"@id\":\"https:\/\/optykadzierzoniow.pl\/#website\",\"url\":\"https:\/\/optykadzierzoniow.pl\/\",\"name\":\"OPTYKA Dzier\u017coni\u00f3w, salon optyczny, optyk, soczewki, badanie wzroku, Deka-Boruszewska, Boruszewski\",\"description\":\"Salon optyczny OPTYKA Dzier\u017coni\u00f3w istnieje od 1968 r. W ofercie oprawy okularowe uznanych projektant\u00f3w oraz bezp\u0142atny serwis.\",\"publisher\":{\"@id\":\"https:\/\/optykadzierzoniow.pl\/#organization\"},\"potentialAction\":[{\"@type\":\"SearchAction\",\"target\":{\"@type\":\"EntryPoint\",\"urlTemplate\":\"https:\/\/optykadzierzoniow.pl\/?s={search_term_string}\"},\"query-input\":\"required name=search_term_string\"}],\"inLanguage\":\"en-GB\"},{\"@type\":\"Organization\",\"@id\":\"https:\/\/optykadzierzoniow.pl\/#organization\",\"name\":\"OPTYKA Dzier\u017coni\u00f3w, salon optyczny, optyk, soczewki, badanie wzroku, Deka-Boruszewska, Boruszewski\",\"url\":\"https:\/\/optykadzierzoniow.pl\/\",\"logo\":{\"@type\":\"ImageObject\",\"inLanguage\":\"en-GB\",\"@id\":\"https:\/\/optykadzierzoniow.pl\/#\/schema\/logo\/image\/\",\"url\":\"http:\/\/optykadzierzoniow.pl\/wp-content\/uploads\/2020\/07\/optykadzierzoniow.jpg\",\"contentUrl\":\"http:\/\/optykadzierzoniow.pl\/wp-content\/uploads\/2020\/07\/optykadzierzoniow.jpg\",\"width\":550,\"height\":550,\"caption\":\"OPTYKA Dzier\u017coni\u00f3w, salon optyczny, optyk, soczewki, badanie wzroku, Deka-Boruszewska, Boruszewski\"},\"image\":{\"@id\":\"https:\/\/optykadzierzoniow.pl\/#\/schema\/logo\/image\/\"}}]}<\/script>\n<!-- \/ Yoast SEO plugin. -->","yoast_head_json":{"title":"Carolina Herrera - OPTYKA Dzier\u017coni\u00f3w, salon optyczny, optyk, soczewki, badanie wzroku, Deka-Boruszewska, Boruszewski","robots":{"index":"index","follow":"follow","max-snippet":"max-snippet:-1","max-image-preview":"max-image-preview:large","max-video-preview":"max-video-preview:-1"},"canonical":"http:\/\/optykadzierzoniow.pl\/en\/carolina-herrera\/","og_locale":"en_GB","og_type":"article","og_title":"Carolina Herrera - OPTYKA Dzier\u017coni\u00f3w, salon optyczny, optyk, soczewki, badanie wzroku, Deka-Boruszewska, Boruszewski","og_url":"http:\/\/optykadzierzoniow.pl\/en\/carolina-herrera\/","og_site_name":"OPTYKA Dzier\u017coni\u00f3w, salon optyczny, optyk, soczewki, badanie wzroku, Deka-Boruszewska, Boruszewski","article_modified_time":"2020-06-26T10:02:09+00:00","twitter_card":"summary_large_image","twitter_misc":{"Estimated reading time":"7 minutes"},"schema":{"@context":"https:\/\/schema.org","@graph":[{"@type":"WebPage","@id":"https:\/\/optykadzierzoniow.pl\/carolina-herrera\/","url":"https:\/\/optykadzierzoniow.pl\/carolina-herrera\/","name":"Carolina Herrera - OPTYKA Dzier\u017coni\u00f3w, salon optyczny, optyk, soczewki, badanie wzroku, Deka-Boruszewska, Boruszewski","isPartOf":{"@id":"https:\/\/optykadzierzoniow.pl\/#website"},"datePublished":"2019-11-13T14:36:21+00:00","dateModified":"2020-06-26T10:02:09+00:00","breadcrumb":{"@id":"https:\/\/optykadzierzoniow.pl\/carolina-herrera\/#breadcrumb"},"inLanguage":"en-GB","potentialAction":[{"@type":"ReadAction","target":["https:\/\/optykadzierzoniow.pl\/carolina-herrera\/"]}]},{"@type":"BreadcrumbList","@id":"https:\/\/optykadzierzoniow.pl\/carolina-herrera\/#breadcrumb","itemListElement":[{"@type":"ListItem","position":1,"name":"Strona g\u0142\u00f3wna","item":"https:\/\/optykadzierzoniow.pl\/"},{"@type":"ListItem","position":2,"name":"Carolina Herrera"}]},{"@type":"WebSite","@id":"https:\/\/optykadzierzoniow.pl\/#website","url":"https:\/\/optykadzierzoniow.pl\/","name":"OPTYKA Dzier\u017coni\u00f3w, salon optyczny, optyk, soczewki, badanie wzroku, Deka-Boruszewska, Boruszewski","description":"Salon optyczny OPTYKA Dzier\u017coni\u00f3w istnieje od 1968 r. W ofercie oprawy okularowe uznanych projektant\u00f3w oraz bezp\u0142atny serwis.","publisher":{"@id":"https:\/\/optykadzierzoniow.pl\/#organization"},"potentialAction":[{"@type":"SearchAction","target":{"@type":"EntryPoint","urlTemplate":"https:\/\/optykadzierzoniow.pl\/?s={search_term_string}"},"query-input":"required name=search_term_string"}],"inLanguage":"en-GB"},{"@type":"Organization","@id":"https:\/\/optykadzierzoniow.pl\/#organization","name":"OPTYKA Dzier\u017coni\u00f3w, salon optyczny, optyk, soczewki, badanie wzroku, Deka-Boruszewska, Boruszewski","url":"https:\/\/optykadzierzoniow.pl\/","logo":{"@type":"ImageObject","inLanguage":"en-GB","@id":"https:\/\/optykadzierzoniow.pl\/#\/schema\/logo\/image\/","url":"http:\/\/optykadzierzoniow.pl\/wp-content\/uploads\/2020\/07\/optykadzierzoniow.jpg","contentUrl":"http:\/\/optykadzierzoniow.pl\/wp-content\/uploads\/2020\/07\/optykadzierzoniow.jpg","width":550,"height":550,"caption":"OPTYKA Dzier\u017coni\u00f3w, salon optyczny, optyk, soczewki, badanie wzroku, Deka-Boruszewska, Boruszewski"},"image":{"@id":"https:\/\/optykadzierzoniow.pl\/#\/schema\/logo\/image\/"}}]}},"_links":{"self":[{"href":"http:\/\/optykadzierzoniow.pl\/en\/wp-json\/wp\/v2\/pages\/2095"}],"collection":[{"href":"http:\/\/optykadzierzoniow.pl\/en\/wp-json\/wp\/v2\/pages"}],"about":[{"href":"http:\/\/optykadzierzoniow.pl\/en\/wp-json\/wp\/v2\/types\/page"}],"author":[{"embeddable":true,"href":"http:\/\/optykadzierzoniow.pl\/en\/wp-json\/wp\/v2\/users\/1"}],"replies":[{"embeddable":true,"href":"http:\/\/optykadzierzoniow.pl\/en\/wp-json\/wp\/v2\/comments?post=2095"}],"version-history":[{"count":4,"href":"http:\/\/optykadzierzoniow.pl\/en\/wp-json\/wp\/v2\/pages\/2095\/revisions"}],"predecessor-version":[{"id":2435,"href":"http:\/\/optykadzierzoniow.pl\/en\/wp-json\/wp\/v2\/pages\/2095\/revisions\/2435"}],"wp:attachment":[{"href":"http:\/\/optykadzierzoniow.pl\/en\/wp-json\/wp\/v2\/media?parent=2095"}],"curies":[{"name":"wp","href":"https:\/\/api.w.org\/{rel}","templated":true}]}}