{"id":2682,"date":"2020-04-30T15:04:06","date_gmt":"2020-04-30T13:04:06","guid":{"rendered":"http:\/\/new.optykadzierzoniow.pl\/?page_id=2682"},"modified":"2020-07-07T14:25:48","modified_gmt":"2020-07-07T12:25:48","slug":"soczewki-wysokoindeksowe","status":"publish","type":"page","link":"http:\/\/optykadzierzoniow.pl\/en\/soczewki-wysokoindeksowe\/","title":{"rendered":"High index lenses"},"content":{"rendered":"<section class=\"ffb-id-3v8b5t5p fg-section fg-text-dark\"><div class=\"fg-container container fg-container-large fg-container-lvl--1\"><div class=\"fg-row row\" ><div class=\"ffb-id-3v8b5t5q fg-col col-xs-12 col-md-9 fg-text-dark\"><div class=\"ffb-id-3v8b6p0l fg-paragraph ff-richtext text-left    fg-text-dark\"><\/p>\n<p>High index lenses are lenses with a refractive index greater than 1.52. These can be lenses with an index of 1.6, 1.67 or 1.74. They are especially recommended for people with a visual impairment greater than +\/- 2.00 D and who want to enjoy aesthetic, thin, but also light lenses. The elimination of significant lens thickness is not the only advantage of high-index materials. An important feature is also the minimization of the enlargement (in the case of plus lenses) or reduction (in the case of minus lenses) of the eyes of the person wearing glasses. High-index lenses are available as single vision and progressive lenses, clear, tinted, as Transitions photochromes and with all available special coating variants, e.g. blue light blocker or night driving.<\/p>\n<p>Advantages of high-index lenses:<\/p>\n<ul>\n<li>reducing the thickness of high-power lenses,<\/li>\n<li>lightness,<\/li>\n<li>minimizing the effect of enlarging \/ reducing the eyes,<\/li>\n<li>concealing a high vision defect,<\/li>\n<li>greater freedom in choosing eyeglass frames,<\/li>\n<li>aesthetics and comfort of using the glasses.<\/li>\n<\/ul>\n<p><\/div><\/div><div class=\"ffb-id-3v8b5t5r fg-col col-xs-12 col-md-3 fg-text-dark\"><img class=\"ffb-id-3v8b65hq fg-image  img-responsive full-width fg-text-dark\" src=\"http:\/\/new.optykadzierzoniow.pl\/wp-content\/uploads\/2019\/11\/zakladka_oferta_soczewki-okularowe_soczewki-wysokoindeksowe.jpg\" alt=\"zakladka_oferta_soczewki-okularowe_soczewki-wysokoindeksowe\"><\/div><\/div><\/div><\/section><style><\/style><script type=\"text\/javascript\"><\/script>","protected":false},"excerpt":{"rendered":"","protected":false},"author":1,"featured_media":0,"parent":0,"menu_order":0,"comment_status":"closed","ping_status":"closed","template":"","meta":[],"yoast_head":"<!-- This site is optimized with the Yoast SEO plugin v20.1 - https:\/\/yoast.com\/wordpress\/plugins\/seo\/ -->\n<title>Soczewki wysokoindeksowe - OPTYKA Dzier\u017coni\u00f3w, salon optyczny, optyk, soczewki, badanie wzroku, Deka-Boruszewska, Boruszewski<\/title>\n<meta name=\"robots\" content=\"index, follow, max-snippet:-1, max-image-preview:large, max-video-preview:-1\" \/>\n<link rel=\"canonical\" href=\"http:\/\/optykadzierzoniow.pl\/en\/soczewki-wysokoindeksowe\/\" \/>\n<meta property=\"og:locale\" content=\"en_GB\" \/>\n<meta property=\"og:type\" content=\"article\" \/>\n<meta property=\"og:title\" content=\"Soczewki wysokoindeksowe - OPTYKA Dzier\u017coni\u00f3w, salon optyczny, optyk, soczewki, badanie wzroku, Deka-Boruszewska, Boruszewski\" \/>\n<meta property=\"og:url\" content=\"http:\/\/optykadzierzoniow.pl\/en\/soczewki-wysokoindeksowe\/\" \/>\n<meta property=\"og:site_name\" content=\"OPTYKA Dzier\u017coni\u00f3w, salon optyczny, optyk, soczewki, badanie wzroku, Deka-Boruszewska, Boruszewski\" \/>\n<meta property=\"article:modified_time\" content=\"2020-07-07T12:25:48+00:00\" \/>\n<meta name=\"twitter:card\" content=\"summary_large_image\" \/>\n<meta name=\"twitter:label1\" content=\"Estimated reading time\" \/>\n\t<meta name=\"twitter:data1\" content=\"3 minutes\" \/>\n<script type=\"application\/ld+json\" class=\"yoast-schema-graph\">{\"@context\":\"https:\/\/schema.org\",\"@graph\":[{\"@type\":\"WebPage\",\"@id\":\"https:\/\/optykadzierzoniow.pl\/soczewki-wysokoindeksowe\/\",\"url\":\"https:\/\/optykadzierzoniow.pl\/soczewki-wysokoindeksowe\/\",\"name\":\"Soczewki wysokoindeksowe - OPTYKA Dzier\u017coni\u00f3w, salon optyczny, optyk, soczewki, badanie wzroku, Deka-Boruszewska, Boruszewski\",\"isPartOf\":{\"@id\":\"https:\/\/optykadzierzoniow.pl\/#website\"},\"datePublished\":\"2020-04-30T13:04:06+00:00\",\"dateModified\":\"2020-07-07T12:25:48+00:00\",\"breadcrumb\":{\"@id\":\"https:\/\/optykadzierzoniow.pl\/soczewki-wysokoindeksowe\/#breadcrumb\"},\"inLanguage\":\"en-GB\",\"potentialAction\":[{\"@type\":\"ReadAction\",\"target\":[\"https:\/\/optykadzierzoniow.pl\/soczewki-wysokoindeksowe\/\"]}]},{\"@type\":\"BreadcrumbList\",\"@id\":\"https:\/\/optykadzierzoniow.pl\/soczewki-wysokoindeksowe\/#breadcrumb\",\"itemListElement\":[{\"@type\":\"ListItem\",\"position\":1,\"name\":\"Strona g\u0142\u00f3wna\",\"item\":\"https:\/\/optykadzierzoniow.pl\/\"},{\"@type\":\"ListItem\",\"position\":2,\"name\":\"Soczewki wysokoindeksowe\"}]},{\"@type\":\"WebSite\",\"@id\":\"https:\/\/optykadzierzoniow.pl\/#website\",\"url\":\"https:\/\/optykadzierzoniow.pl\/\",\"name\":\"OPTYKA Dzier\u017coni\u00f3w, salon optyczny, optyk, soczewki, badanie wzroku, Deka-Boruszewska, Boruszewski\",\"description\":\"Salon optyczny OPTYKA Dzier\u017coni\u00f3w istnieje od 1968 r. W ofercie oprawy okularowe uznanych projektant\u00f3w oraz bezp\u0142atny serwis.\",\"publisher\":{\"@id\":\"https:\/\/optykadzierzoniow.pl\/#organization\"},\"potentialAction\":[{\"@type\":\"SearchAction\",\"target\":{\"@type\":\"EntryPoint\",\"urlTemplate\":\"https:\/\/optykadzierzoniow.pl\/?s={search_term_string}\"},\"query-input\":\"required name=search_term_string\"}],\"inLanguage\":\"en-GB\"},{\"@type\":\"Organization\",\"@id\":\"https:\/\/optykadzierzoniow.pl\/#organization\",\"name\":\"OPTYKA Dzier\u017coni\u00f3w, salon optyczny, optyk, soczewki, badanie wzroku, Deka-Boruszewska, Boruszewski\",\"url\":\"https:\/\/optykadzierzoniow.pl\/\",\"logo\":{\"@type\":\"ImageObject\",\"inLanguage\":\"en-GB\",\"@id\":\"https:\/\/optykadzierzoniow.pl\/#\/schema\/logo\/image\/\",\"url\":\"http:\/\/optykadzierzoniow.pl\/wp-content\/uploads\/2020\/07\/optykadzierzoniow.jpg\",\"contentUrl\":\"http:\/\/optykadzierzoniow.pl\/wp-content\/uploads\/2020\/07\/optykadzierzoniow.jpg\",\"width\":550,\"height\":550,\"caption\":\"OPTYKA Dzier\u017coni\u00f3w, salon optyczny, optyk, soczewki, badanie wzroku, Deka-Boruszewska, Boruszewski\"},\"image\":{\"@id\":\"https:\/\/optykadzierzoniow.pl\/#\/schema\/logo\/image\/\"}}]}<\/script>\n<!-- \/ Yoast SEO plugin. -->","yoast_head_json":{"title":"Soczewki wysokoindeksowe - OPTYKA Dzier\u017coni\u00f3w, salon optyczny, optyk, soczewki, badanie wzroku, Deka-Boruszewska, Boruszewski","robots":{"index":"index","follow":"follow","max-snippet":"max-snippet:-1","max-image-preview":"max-image-preview:large","max-video-preview":"max-video-preview:-1"},"canonical":"http:\/\/optykadzierzoniow.pl\/en\/soczewki-wysokoindeksowe\/","og_locale":"en_GB","og_type":"article","og_title":"Soczewki wysokoindeksowe - OPTYKA Dzier\u017coni\u00f3w, salon optyczny, optyk, soczewki, badanie wzroku, Deka-Boruszewska, Boruszewski","og_url":"http:\/\/optykadzierzoniow.pl\/en\/soczewki-wysokoindeksowe\/","og_site_name":"OPTYKA Dzier\u017coni\u00f3w, salon optyczny, optyk, soczewki, badanie wzroku, Deka-Boruszewska, Boruszewski","article_modified_time":"2020-07-07T12:25:48+00:00","twitter_card":"summary_large_image","twitter_misc":{"Estimated reading time":"3 minutes"},"schema":{"@context":"https:\/\/schema.org","@graph":[{"@type":"WebPage","@id":"https:\/\/optykadzierzoniow.pl\/soczewki-wysokoindeksowe\/","url":"https:\/\/optykadzierzoniow.pl\/soczewki-wysokoindeksowe\/","name":"Soczewki wysokoindeksowe - OPTYKA Dzier\u017coni\u00f3w, salon optyczny, optyk, soczewki, badanie wzroku, Deka-Boruszewska, Boruszewski","isPartOf":{"@id":"https:\/\/optykadzierzoniow.pl\/#website"},"datePublished":"2020-04-30T13:04:06+00:00","dateModified":"2020-07-07T12:25:48+00:00","breadcrumb":{"@id":"https:\/\/optykadzierzoniow.pl\/soczewki-wysokoindeksowe\/#breadcrumb"},"inLanguage":"en-GB","potentialAction":[{"@type":"ReadAction","target":["https:\/\/optykadzierzoniow.pl\/soczewki-wysokoindeksowe\/"]}]},{"@type":"BreadcrumbList","@id":"https:\/\/optykadzierzoniow.pl\/soczewki-wysokoindeksowe\/#breadcrumb","itemListElement":[{"@type":"ListItem","position":1,"name":"Strona g\u0142\u00f3wna","item":"https:\/\/optykadzierzoniow.pl\/"},{"@type":"ListItem","position":2,"name":"Soczewki wysokoindeksowe"}]},{"@type":"WebSite","@id":"https:\/\/optykadzierzoniow.pl\/#website","url":"https:\/\/optykadzierzoniow.pl\/","name":"OPTYKA Dzier\u017coni\u00f3w, salon optyczny, optyk, soczewki, badanie wzroku, Deka-Boruszewska, Boruszewski","description":"Salon optyczny OPTYKA Dzier\u017coni\u00f3w istnieje od 1968 r. W ofercie oprawy okularowe uznanych projektant\u00f3w oraz bezp\u0142atny serwis.","publisher":{"@id":"https:\/\/optykadzierzoniow.pl\/#organization"},"potentialAction":[{"@type":"SearchAction","target":{"@type":"EntryPoint","urlTemplate":"https:\/\/optykadzierzoniow.pl\/?s={search_term_string}"},"query-input":"required name=search_term_string"}],"inLanguage":"en-GB"},{"@type":"Organization","@id":"https:\/\/optykadzierzoniow.pl\/#organization","name":"OPTYKA Dzier\u017coni\u00f3w, salon optyczny, optyk, soczewki, badanie wzroku, Deka-Boruszewska, Boruszewski","url":"https:\/\/optykadzierzoniow.pl\/","logo":{"@type":"ImageObject","inLanguage":"en-GB","@id":"https:\/\/optykadzierzoniow.pl\/#\/schema\/logo\/image\/","url":"http:\/\/optykadzierzoniow.pl\/wp-content\/uploads\/2020\/07\/optykadzierzoniow.jpg","contentUrl":"http:\/\/optykadzierzoniow.pl\/wp-content\/uploads\/2020\/07\/optykadzierzoniow.jpg","width":550,"height":550,"caption":"OPTYKA Dzier\u017coni\u00f3w, salon optyczny, optyk, soczewki, badanie wzroku, Deka-Boruszewska, Boruszewski"},"image":{"@id":"https:\/\/optykadzierzoniow.pl\/#\/schema\/logo\/image\/"}}]}},"_links":{"self":[{"href":"http:\/\/optykadzierzoniow.pl\/en\/wp-json\/wp\/v2\/pages\/2682"}],"collection":[{"href":"http:\/\/optykadzierzoniow.pl\/en\/wp-json\/wp\/v2\/pages"}],"about":[{"href":"http:\/\/optykadzierzoniow.pl\/en\/wp-json\/wp\/v2\/types\/page"}],"author":[{"embeddable":true,"href":"http:\/\/optykadzierzoniow.pl\/en\/wp-json\/wp\/v2\/users\/1"}],"replies":[{"embeddable":true,"href":"http:\/\/optykadzierzoniow.pl\/en\/wp-json\/wp\/v2\/comments?post=2682"}],"version-history":[{"count":4,"href":"http:\/\/optykadzierzoniow.pl\/en\/wp-json\/wp\/v2\/pages\/2682\/revisions"}],"predecessor-version":[{"id":2759,"href":"http:\/\/optykadzierzoniow.pl\/en\/wp-json\/wp\/v2\/pages\/2682\/revisions\/2759"}],"wp:attachment":[{"href":"http:\/\/optykadzierzoniow.pl\/en\/wp-json\/wp\/v2\/media?parent=2682"}],"curies":[{"name":"wp","href":"https:\/\/api.w.org\/{rel}","templated":true}]}}