{"id":6,"date":"2019-07-22T11:14:26","date_gmt":"2019-07-22T09:14:26","guid":{"rendered":"http:\/\/new.optykadzierzoniow.pl\/?page_id=6"},"modified":"2026-01-21T19:31:15","modified_gmt":"2026-01-21T18:31:15","slug":"o-nas","status":"publish","type":"page","link":"http:\/\/optykadzierzoniow.pl\/en\/o-nas\/","title":{"rendered":"About us"},"content":{"rendered":"<p><section class=\"ffb-id-1psuf9ct fg-section fg-text-dark\"><div class=\"fg-container container fg-container-large fg-container-lvl--1\"><div class=\"fg-row row    fg-row-match-cols\"  data-fg-match-cols=\"{&quot;1&quot;:&quot;0&quot;,&quot;2&quot;:&quot;0&quot;,&quot;3&quot;:&quot;1&quot;,&quot;4&quot;:&quot;1&quot;}\" ><div class=\"ffb-id-1psuf9cu fg-col col-xs-12 col-md-12 fg-text-dark\"><div class=\"fg-vcenter-wrapper\"><div class=\"fg-vcenter\"><div class=\"fg-match-column-inside-wrapper\"><img class=\"ffb-id-1pe2vihu fg-image  img-responsive full-width fg-text-dark\" src=\"https:\/\/optykadzierzoniow.pl\/wp-content\/uploads\/2019\/11\/zakladka_o-nas.jpg\" alt=\"zakladka_o nas\"><h4 class=\"ffb-id-1pe2lmgj fg-heading text-center  text-md-left  fg-text-dark\">The tradition of our company dates back to 1968. Such a long history of activity in eyeglass optics obliges.<\/h4><div class=\"ffb-id-1pe2m9jo fg-paragraph ff-richtext text-center  text-md-left  fg-text-dark\"><\/p>\n<p>Over the years, all our activities have been focused on the customer in order to provide them with the best quality of vision and joy and comfort of wearing glasses. To this day, in various circumstances, we catch the fact that the subject of optics is constantly discussed and alive - it will probably remain so - we simply live with optics.<\/p>\n<p>We are certified opticians, we have over 40 years of experience, and our passion is innovations in the field of eyeglass lens processing technology and constant tracking of new trends in the global eyewear fashion. From the beginning of our activity, we belong to the Lower Silesian Opticians' Guild, which confirms our qualifications and experience.<\/p>\n<p>You will find here the largest selection of branded frames - both corrective and sunglasses, as well as professional service and advice on the correction of glasses and contact lenses.<\/p>\n<p>There is also a specialist optical workshop in our showroom. Thanks to the most modern equipment, we can make eyeglass frames in an hour!<\/p>\n<p><em>We are constantly looking for new trends for you, we always guarantee solidity and reliability - this is our mission and goal. <\/em><\/p>\n<p style=\"text-align: right\"><em>Jolanta Deka Boruszewska<br \/>Bohdan Boruszewski<\/em><\/p>\n<p><\/div><\/div><\/div><\/div><\/div><\/div><\/div><\/section><style>.ffb-id-1pe2m9jo{ margin-bottom: 40px;}.ffb-id-1pe2m9jo{ font-size: 16px !important;}.ffb-id-1pe2m9jo ,.ffb-id-1pe2m9jo:before,.ffb-id-1pe2m9jo:after,.ffb-id-1pe2m9jo:hover,.ffb-id-1pe2m9jo:focus,.ffb-id-1pe2m9jo *,.ffb-id-1pe2m9jo *:before,.ffb-id-1pe2m9jo *:after,.ffb-id-1pe2m9jo *:hover,.ffb-id-1pe2m9jo *:focus{ font-size: 16px !important;}.ffb-id-1pe2lmgj{ font-weight: 600 !important;}.ffb-id-1pe2lmgj ,.ffb-id-1pe2lmgj:before,.ffb-id-1pe2lmgj:after,.ffb-id-1pe2lmgj:hover,.ffb-id-1pe2lmgj:focus,.ffb-id-1pe2lmgj *,.ffb-id-1pe2lmgj *:before,.ffb-id-1pe2lmgj *:after,.ffb-id-1pe2lmgj *:hover,.ffb-id-1pe2lmgj *:focus{ font-weight: 600 !important;}@media (min-width:768px) { .ffb-id-1pe2vihu{ margin-bottom: 20px;}}<\/style><script type=\"text\/javascript\"><\/script><section class=\"ffb-id-3oaq683m fg-section fg-el-has-bg fg-text-dark\" data-fg-wow=\"fadeIn\" data-wow-delay=\"1s\"><span class=\"fg-bg\"><span data-fg-bg=\"{&quot;type&quot;:&quot;color&quot;,&quot;opacity&quot;:1,&quot;color&quot;:&quot;#ffffff&quot;}\" class=\"fg-bg-layer fg-bg-type-color\" style=\"opacity: 1; background-color: #ffffff;\"><\/span><\/span><div class=\"fg-container container fg-container-large fg-container-lvl--1\"><div class=\"fg-row row\" ><div class=\"ffb-id-3oaq683n fg-col col-xs-12 col-md-12 fg-text-dark\"><h1 class=\"ffb-id-3oaq683p fg-heading text-center    fg-text-dark\">WHY CHOOSE US?<\/h1><\/div><div class=\"ffb-id-3oaq683q fg-col col-xs-12 col-md-4 fg-text-dark\"><div class=\"ffb-id-3oaq683u icons ff-el-icons text-center text-sm-center text-md-center text-lg-center fg-text-dark\"><ul class=\"list-inline\"><li class=\"animate-icon fg-text-dark ffb-icon2-1\"><span  target=\"_blank\"  class=\"ff-custom-color animate-icon-wrap animate-icon-md radius-3\" ><i class=\"animate-icon-item glyphicon glyphicon-eye-open\"><\/i><i class=\"animate-icon-item glyphicon glyphicon-eye-open\"><\/i><\/span><\/li><\/ul><\/div><h3 class=\"ffb-id-3oaq683v fg-heading text-center    fg-text-dark\">TRADITION<\/h3><p class=\"ffb-id-3oaq6840 fg-paragraph text-left    fg-text-dark\">Our experience and qualifications are base on over 50 years of tradition in optics. We guarantee professional advice and services at the highest level to our clients.<\/p><\/div><div class=\"ffb-id-3oaq6841 fg-col col-xs-12 col-md-4 fg-text-dark\"><div class=\"ffb-id-3oaq6845 icons ff-el-icons text-center text-sm-center text-md-center text-lg-center fg-text-dark\"><ul class=\"list-inline\"><li class=\"animate-icon fg-text-dark ffb-icon2-1\"><span  target=\"_blank\"  class=\"ff-custom-color animate-icon-wrap animate-icon-md radius-3\" ><i class=\"animate-icon-item ffb-preview-icon-content ff-font-simple-line-icons icon-eyeglasses\"><\/i><i class=\"animate-icon-item ffb-preview-icon-content ff-font-simple-line-icons icon-eyeglasses\"><\/i><\/span><\/li><\/ul><\/div><h3 class=\"ffb-id-3oaq6846 fg-heading text-center    fg-text-dark\">WIDEST CHOICE OF FRAMES<\/h3><p class=\"ffb-id-3oaq6847 fg-paragraph text-left    fg-text-dark\">Our offer includes 3,000 models of corrective and sun protection frames. We offer frames from world famous designers, but there also those at more affordable prices.<\/p><\/div><div class=\"ffb-id-3oaq6848 fg-col col-xs-12 col-md-4 fg-text-dark\"><div class=\"ffb-id-3oaq684c icons ff-el-icons text-center text-sm-center text-md-center text-lg-center fg-text-dark\"><ul class=\"list-inline\"><li class=\"animate-icon fg-text-dark ffb-icon2-1\"><span  target=\"_blank\"  class=\"ff-custom-color animate-icon-wrap animate-icon-md radius-3\" ><i class=\"animate-icon-item ff-font-awesome4 icon-clock-o\"><\/i><i class=\"animate-icon-item ff-font-awesome4 icon-clock-o\"><\/i><\/span><\/li><\/ul><\/div><h3 class=\"ffb-id-3oaq684d fg-heading text-center    fg-text-dark\">GLASSES IN AN HOUR<\/h3><p class=\"ffb-id-3oaq684e fg-paragraph text-left    fg-text-dark\">With optical specialist workshop being situated at our showroom customers can count on professional services, including the collection of glasses already finished in an hour!<\/p><\/div><\/div><\/div><\/section><style>.ffb-id-1pe2m9jo{ \nmargin-bottom: 40px;\n\n}\n.ffb-id-1pe2m9jo{ \nfont-size: 16px !important;\n}\n.ffb-id-1pe2m9jo ,\n.ffb-id-1pe2m9jo:before,\n.ffb-id-1pe2m9jo:after,\n.ffb-id-1pe2m9jo:hover,\n.ffb-id-1pe2m9jo:focus,\n.ffb-id-1pe2m9jo *,\n.ffb-id-1pe2m9jo *:before,\n.ffb-id-1pe2m9jo *:after,\n.ffb-id-1pe2m9jo *:hover,\n.ffb-id-1pe2m9jo *:focus{ \nfont-size: 16px !important;\n}\n.ffb-id-1pe2lmgj{ \nfont-weight: 600 !important;\n}\n.ffb-id-1pe2lmgj ,\n.ffb-id-1pe2lmgj:before,\n.ffb-id-1pe2lmgj:after,\n.ffb-id-1pe2lmgj:hover,\n.ffb-id-1pe2lmgj:focus,\n.ffb-id-1pe2lmgj *,\n.ffb-id-1pe2lmgj *:before,\n.ffb-id-1pe2lmgj *:after,\n.ffb-id-1pe2lmgj *:hover,\n.ffb-id-1pe2lmgj *:focus{ \nfont-weight: 600 !important;\n}\n@media (min-width:768px) { \n.ffb-id-1pe2vihu{ \nmargin-bottom: 20px;\n\n}\n}@media (min-width:768px) { .ffb-id-3oaq683m{ padding-top: 5px;}}@media (min-width:992px) { .ffb-id-3oaq683m{ padding-top: 20px;}}@media (min-width:1200px) { .ffb-id-3oaq683m{ padding-top: 40px;}}.ffb-id-3oaq683m{ border: px solid  !important;}.ffb-id-3oaq684d{ font-weight: 400 !important;}.ffb-id-3oaq684d ,.ffb-id-3oaq684d:before,.ffb-id-3oaq684d:after,.ffb-id-3oaq684d:hover,.ffb-id-3oaq684d:focus,.ffb-id-3oaq684d *,.ffb-id-3oaq684d *:before,.ffb-id-3oaq684d *:after,.ffb-id-3oaq684d *:hover,.ffb-id-3oaq684d *:focus{ font-weight: 400 !important;}.ffb-id-3oaq684c .ffb-icon2-1 .ff-custom-color{ color: #ffffff ;}.ffb-id-3oaq684c .ffb-icon2-1 .ff-custom-color:hover{ color: #ffffff !important;}.ffb-id-3oaq684c .ffb-icon2-1 .ff-custom-color{ border-color: transparent;}.ffb-id-3oaq684c .ffb-icon2-1 .ff-custom-color:hover{ border-color: transparent;}.ffb-id-3oaq684c .ffb-icon2-1 .ff-custom-color{ background-color: #00bcd4 ;}.ffb-id-3oaq684c .ffb-icon2-1 .ff-custom-color:hover{ background-color: rgba(0, 188, 212, 0.7) ;}.ffb-id-3oaq684c .ffb-icon2-1 .icon-tooltip{ color: #ffffff ;}.ffb-id-3oaq684c .ffb-icon2-1 .icon-tooltip{ background-color: rgba(0, 188, 212, 0.7) ;}.ffb-id-3oaq684c .ffb-icon2-1 .icon-tooltip-arrow{ border-color: rgba(0, 188, 212, 0.7) ;}.ffb-id-3oaq6846{ font-weight: 400 !important;}.ffb-id-3oaq6846 ,.ffb-id-3oaq6846:before,.ffb-id-3oaq6846:after,.ffb-id-3oaq6846:hover,.ffb-id-3oaq6846:focus,.ffb-id-3oaq6846 *,.ffb-id-3oaq6846 *:before,.ffb-id-3oaq6846 *:after,.ffb-id-3oaq6846 *:hover,.ffb-id-3oaq6846 *:focus{ font-weight: 400 !important;}.ffb-id-3oaq6845 .ffb-icon2-1 .ff-custom-color{ color: #ffffff ;}.ffb-id-3oaq6845 .ffb-icon2-1 .ff-custom-color:hover{ color: #ffffff !important;}.ffb-id-3oaq6845 .ffb-icon2-1 .ff-custom-color{ border-color: transparent;}.ffb-id-3oaq6845 .ffb-icon2-1 .ff-custom-color:hover{ border-color: transparent;}.ffb-id-3oaq6845 .ffb-icon2-1 .ff-custom-color{ background-color: #00bcd4 ;}.ffb-id-3oaq6845 .ffb-icon2-1 .ff-custom-color:hover{ background-color: rgba(0, 188, 212, 0.7) ;}.ffb-id-3oaq6845 .ffb-icon2-1 .icon-tooltip{ color: #ffffff ;}.ffb-id-3oaq6845 .ffb-icon2-1 .icon-tooltip{ background-color: rgba(0, 188, 212, 0.7) ;}.ffb-id-3oaq6845 .ffb-icon2-1 .icon-tooltip-arrow{ border-color: rgba(0, 188, 212, 0.7) ;}.ffb-id-3oaq683v{ font-weight: 400 !important;}.ffb-id-3oaq683v ,.ffb-id-3oaq683v:before,.ffb-id-3oaq683v:after,.ffb-id-3oaq683v:hover,.ffb-id-3oaq683v:focus,.ffb-id-3oaq683v *,.ffb-id-3oaq683v *:before,.ffb-id-3oaq683v *:after,.ffb-id-3oaq683v *:hover,.ffb-id-3oaq683v *:focus{ font-weight: 400 !important;}.ffb-id-3oaq683u .ffb-icon2-1 .ff-custom-color{ color: #ffffff ;}.ffb-id-3oaq683u .ffb-icon2-1 .ff-custom-color:hover{ color: #ffffff !important;}.ffb-id-3oaq683u .ffb-icon2-1 .ff-custom-color{ border-color: transparent;}.ffb-id-3oaq683u .ffb-icon2-1 .ff-custom-color:hover{ border-color: transparent;}.ffb-id-3oaq683u .ffb-icon2-1 .ff-custom-color{ background-color: #00bcd4 ;}.ffb-id-3oaq683u .ffb-icon2-1 .ff-custom-color:hover{ background-color: rgba(0, 188, 212, 0.7) ;}.ffb-id-3oaq683u .ffb-icon2-1 .icon-tooltip{ color: #ffffff ;}.ffb-id-3oaq683u .ffb-icon2-1 .icon-tooltip{ background-color: rgba(0, 188, 212, 0.7) ;}.ffb-id-3oaq683u .ffb-icon2-1 .icon-tooltip-arrow{ border-color: rgba(0, 188, 212, 0.7) ;}.ffb-id-3oaq683p{ font-weight: 400 !important;}.ffb-id-3oaq683p ,.ffb-id-3oaq683p:before,.ffb-id-3oaq683p:after,.ffb-id-3oaq683p:hover,.ffb-id-3oaq683p:focus,.ffb-id-3oaq683p *,.ffb-id-3oaq683p *:before,.ffb-id-3oaq683p *:after,.ffb-id-3oaq683p *:hover,.ffb-id-3oaq683p *:focus{ font-weight: 400 !important;}<\/style><script type=\"text\/javascript\"><\/script><\/p>","protected":false},"excerpt":{"rendered":"","protected":false},"author":1,"featured_media":0,"parent":0,"menu_order":0,"comment_status":"closed","ping_status":"closed","template":"","meta":[],"yoast_head":"<!-- This site is optimized with the Yoast SEO plugin v20.1 - https:\/\/yoast.com\/wordpress\/plugins\/seo\/ -->\n<title>O nas - OPTYKA Dzier\u017coni\u00f3w, salon optyczny, optyk, soczewki, badanie wzroku, Deka-Boruszewska, Boruszewski<\/title>\n<meta name=\"robots\" content=\"index, follow, max-snippet:-1, max-image-preview:large, max-video-preview:-1\" \/>\n<link rel=\"canonical\" href=\"http:\/\/optykadzierzoniow.pl\/en\/o-nas\/\" \/>\n<meta property=\"og:locale\" content=\"en_GB\" \/>\n<meta property=\"og:type\" content=\"article\" \/>\n<meta property=\"og:title\" content=\"O nas - OPTYKA Dzier\u017coni\u00f3w, salon optyczny, optyk, soczewki, badanie wzroku, Deka-Boruszewska, Boruszewski\" \/>\n<meta property=\"og:url\" content=\"http:\/\/optykadzierzoniow.pl\/en\/o-nas\/\" \/>\n<meta property=\"og:site_name\" content=\"OPTYKA Dzier\u017coni\u00f3w, salon optyczny, optyk, soczewki, badanie wzroku, Deka-Boruszewska, Boruszewski\" \/>\n<meta property=\"article:modified_time\" content=\"2026-01-21T18:31:15+00:00\" \/>\n<meta name=\"twitter:card\" content=\"summary_large_image\" \/>\n<meta name=\"twitter:label1\" content=\"Estimated reading time\" \/>\n\t<meta name=\"twitter:data1\" content=\"11 minutes\" \/>\n<script type=\"application\/ld+json\" class=\"yoast-schema-graph\">{\"@context\":\"https:\/\/schema.org\",\"@graph\":[{\"@type\":\"WebPage\",\"@id\":\"https:\/\/optykadzierzoniow.pl\/o-nas\/\",\"url\":\"https:\/\/optykadzierzoniow.pl\/o-nas\/\",\"name\":\"O nas - OPTYKA Dzier\u017coni\u00f3w, salon optyczny, optyk, soczewki, badanie wzroku, Deka-Boruszewska, Boruszewski\",\"isPartOf\":{\"@id\":\"https:\/\/optykadzierzoniow.pl\/#website\"},\"datePublished\":\"2019-07-22T09:14:26+00:00\",\"dateModified\":\"2026-01-21T18:31:15+00:00\",\"breadcrumb\":{\"@id\":\"https:\/\/optykadzierzoniow.pl\/o-nas\/#breadcrumb\"},\"inLanguage\":\"en-GB\",\"potentialAction\":[{\"@type\":\"ReadAction\",\"target\":[\"https:\/\/optykadzierzoniow.pl\/o-nas\/\"]}]},{\"@type\":\"BreadcrumbList\",\"@id\":\"https:\/\/optykadzierzoniow.pl\/o-nas\/#breadcrumb\",\"itemListElement\":[{\"@type\":\"ListItem\",\"position\":1,\"name\":\"Strona g\u0142\u00f3wna\",\"item\":\"https:\/\/optykadzierzoniow.pl\/\"},{\"@type\":\"ListItem\",\"position\":2,\"name\":\"O nas\"}]},{\"@type\":\"WebSite\",\"@id\":\"https:\/\/optykadzierzoniow.pl\/#website\",\"url\":\"https:\/\/optykadzierzoniow.pl\/\",\"name\":\"OPTYKA Dzier\u017coni\u00f3w, salon optyczny, optyk, soczewki, badanie wzroku, Deka-Boruszewska, Boruszewski\",\"description\":\"Salon optyczny OPTYKA Dzier\u017coni\u00f3w istnieje od 1968 r. W ofercie oprawy okularowe uznanych projektant\u00f3w oraz bezp\u0142atny serwis.\",\"publisher\":{\"@id\":\"https:\/\/optykadzierzoniow.pl\/#organization\"},\"potentialAction\":[{\"@type\":\"SearchAction\",\"target\":{\"@type\":\"EntryPoint\",\"urlTemplate\":\"https:\/\/optykadzierzoniow.pl\/?s={search_term_string}\"},\"query-input\":\"required name=search_term_string\"}],\"inLanguage\":\"en-GB\"},{\"@type\":\"Organization\",\"@id\":\"https:\/\/optykadzierzoniow.pl\/#organization\",\"name\":\"OPTYKA Dzier\u017coni\u00f3w, salon optyczny, optyk, soczewki, badanie wzroku, Deka-Boruszewska, Boruszewski\",\"url\":\"https:\/\/optykadzierzoniow.pl\/\",\"logo\":{\"@type\":\"ImageObject\",\"inLanguage\":\"en-GB\",\"@id\":\"https:\/\/optykadzierzoniow.pl\/#\/schema\/logo\/image\/\",\"url\":\"http:\/\/optykadzierzoniow.pl\/wp-content\/uploads\/2020\/07\/optykadzierzoniow.jpg\",\"contentUrl\":\"http:\/\/optykadzierzoniow.pl\/wp-content\/uploads\/2020\/07\/optykadzierzoniow.jpg\",\"width\":550,\"height\":550,\"caption\":\"OPTYKA Dzier\u017coni\u00f3w, salon optyczny, optyk, soczewki, badanie wzroku, Deka-Boruszewska, Boruszewski\"},\"image\":{\"@id\":\"https:\/\/optykadzierzoniow.pl\/#\/schema\/logo\/image\/\"}}]}<\/script>\n<!-- \/ Yoast SEO plugin. -->","yoast_head_json":{"title":"O nas - OPTYKA Dzier\u017coni\u00f3w, salon optyczny, optyk, soczewki, badanie wzroku, Deka-Boruszewska, Boruszewski","robots":{"index":"index","follow":"follow","max-snippet":"max-snippet:-1","max-image-preview":"max-image-preview:large","max-video-preview":"max-video-preview:-1"},"canonical":"http:\/\/optykadzierzoniow.pl\/en\/o-nas\/","og_locale":"en_GB","og_type":"article","og_title":"O nas - OPTYKA Dzier\u017coni\u00f3w, salon optyczny, optyk, soczewki, badanie wzroku, Deka-Boruszewska, Boruszewski","og_url":"http:\/\/optykadzierzoniow.pl\/en\/o-nas\/","og_site_name":"OPTYKA Dzier\u017coni\u00f3w, salon optyczny, optyk, soczewki, badanie wzroku, Deka-Boruszewska, Boruszewski","article_modified_time":"2026-01-21T18:31:15+00:00","twitter_card":"summary_large_image","twitter_misc":{"Estimated reading time":"11 minutes"},"schema":{"@context":"https:\/\/schema.org","@graph":[{"@type":"WebPage","@id":"https:\/\/optykadzierzoniow.pl\/o-nas\/","url":"https:\/\/optykadzierzoniow.pl\/o-nas\/","name":"O nas - OPTYKA Dzier\u017coni\u00f3w, salon optyczny, optyk, soczewki, badanie wzroku, Deka-Boruszewska, Boruszewski","isPartOf":{"@id":"https:\/\/optykadzierzoniow.pl\/#website"},"datePublished":"2019-07-22T09:14:26+00:00","dateModified":"2026-01-21T18:31:15+00:00","breadcrumb":{"@id":"https:\/\/optykadzierzoniow.pl\/o-nas\/#breadcrumb"},"inLanguage":"en-GB","potentialAction":[{"@type":"ReadAction","target":["https:\/\/optykadzierzoniow.pl\/o-nas\/"]}]},{"@type":"BreadcrumbList","@id":"https:\/\/optykadzierzoniow.pl\/o-nas\/#breadcrumb","itemListElement":[{"@type":"ListItem","position":1,"name":"Strona g\u0142\u00f3wna","item":"https:\/\/optykadzierzoniow.pl\/"},{"@type":"ListItem","position":2,"name":"O nas"}]},{"@type":"WebSite","@id":"https:\/\/optykadzierzoniow.pl\/#website","url":"https:\/\/optykadzierzoniow.pl\/","name":"OPTYKA Dzier\u017coni\u00f3w, salon optyczny, optyk, soczewki, badanie wzroku, Deka-Boruszewska, Boruszewski","description":"Salon optyczny OPTYKA Dzier\u017coni\u00f3w istnieje od 1968 r. W ofercie oprawy okularowe uznanych projektant\u00f3w oraz bezp\u0142atny serwis.","publisher":{"@id":"https:\/\/optykadzierzoniow.pl\/#organization"},"potentialAction":[{"@type":"SearchAction","target":{"@type":"EntryPoint","urlTemplate":"https:\/\/optykadzierzoniow.pl\/?s={search_term_string}"},"query-input":"required name=search_term_string"}],"inLanguage":"en-GB"},{"@type":"Organization","@id":"https:\/\/optykadzierzoniow.pl\/#organization","name":"OPTYKA Dzier\u017coni\u00f3w, salon optyczny, optyk, soczewki, badanie wzroku, Deka-Boruszewska, Boruszewski","url":"https:\/\/optykadzierzoniow.pl\/","logo":{"@type":"ImageObject","inLanguage":"en-GB","@id":"https:\/\/optykadzierzoniow.pl\/#\/schema\/logo\/image\/","url":"http:\/\/optykadzierzoniow.pl\/wp-content\/uploads\/2020\/07\/optykadzierzoniow.jpg","contentUrl":"http:\/\/optykadzierzoniow.pl\/wp-content\/uploads\/2020\/07\/optykadzierzoniow.jpg","width":550,"height":550,"caption":"OPTYKA Dzier\u017coni\u00f3w, salon optyczny, optyk, soczewki, badanie wzroku, Deka-Boruszewska, Boruszewski"},"image":{"@id":"https:\/\/optykadzierzoniow.pl\/#\/schema\/logo\/image\/"}}]}},"_links":{"self":[{"href":"http:\/\/optykadzierzoniow.pl\/en\/wp-json\/wp\/v2\/pages\/6"}],"collection":[{"href":"http:\/\/optykadzierzoniow.pl\/en\/wp-json\/wp\/v2\/pages"}],"about":[{"href":"http:\/\/optykadzierzoniow.pl\/en\/wp-json\/wp\/v2\/types\/page"}],"author":[{"embeddable":true,"href":"http:\/\/optykadzierzoniow.pl\/en\/wp-json\/wp\/v2\/users\/1"}],"replies":[{"embeddable":true,"href":"http:\/\/optykadzierzoniow.pl\/en\/wp-json\/wp\/v2\/comments?post=6"}],"version-history":[{"count":10,"href":"http:\/\/optykadzierzoniow.pl\/en\/wp-json\/wp\/v2\/pages\/6\/revisions"}],"predecessor-version":[{"id":2908,"href":"http:\/\/optykadzierzoniow.pl\/en\/wp-json\/wp\/v2\/pages\/6\/revisions\/2908"}],"wp:attachment":[{"href":"http:\/\/optykadzierzoniow.pl\/en\/wp-json\/wp\/v2\/media?parent=6"}],"curies":[{"name":"wp","href":"https:\/\/api.w.org\/{rel}","templated":true}]}}