{"id":1936,"date":"2019-11-10T15:28:24","date_gmt":"2019-11-10T14:28:24","guid":{"rendered":"http:\/\/new.optykadzierzoniow.pl\/?page_id=1936"},"modified":"2026-01-21T19:34:10","modified_gmt":"2026-01-21T18:34:10","slug":"nasze-marki","status":"publish","type":"page","link":"https:\/\/optykadzierzoniow.pl\/en\/nasze-marki\/","title":{"rendered":"Brands"},"content":{"rendered":"<p><section class=\"ffb-id-3hdjnb4q fg-section fg-text-dark\" data-fg-wow=\"fadeIn\" data-wow-duration=\"1s\" data-wow-delay=\"1s\"><div class=\"fg-container container fg-container-large fg-container-lvl--1\"><div class=\"fg-row row\" ><div class=\"ffb-id-3hdjnb4r fg-col col-xs-12 col-md-3 fg-text-dark\"><a class=\"ffb-id-3hdjrolr responsive-image-wrapper fg-text-dark\" href=\"https:\/\/optykadzierzoniow.pl\/en\/ana-hickmann\/\"><img  class=\"fg-image  img-responsive\"  src=\"https:\/\/optykadzierzoniow.pl\/wp-content\/uploads\/2019\/11\/ana-hickmann.jpg\"  alt=\"ana-hickmann\"  title=\"\"   ><\/a><h4 class=\"ffb-id-3hdjv8u8 fg-heading text-center    fg-text-dark\"><a href=\"https:\/\/optykadzierzoniow.pl\/en\/ana-hickmann\/\" >Ana Hickmann<\/a><\/h4><\/div><div class=\"ffb-id-3hdkdmtm fg-col col-xs-12 col-md-3 fg-text-dark\"><a class=\"ffb-id-3hdkdmtn responsive-image-wrapper fg-text-dark\" href=\"https:\/\/optykadzierzoniow.pl\/en\/united-colors-of-benetton\/\"><img  class=\"fg-image  img-responsive\"  src=\"https:\/\/optykadzierzoniow.pl\/wp-content\/uploads\/2019\/11\/benetton.jpg\"  alt=\"benetton\"  title=\"\"   ><\/a><h4 class=\"ffb-id-3hdkdmto fg-heading text-center    fg-text-dark\"><a href=\"https:\/\/optykadzierzoniow.pl\/en\/united-colors-of-benetton\/\" >United Colors Of Benetton<\/a><\/h4><\/div><div class=\"ffb-id-3hdkdp5s fg-col col-xs-12 col-md-3 fg-text-dark\"><a class=\"ffb-id-3hdkdp5t responsive-image-wrapper fg-text-dark\" href=\"https:\/\/optykadzierzoniow.pl\/en\/bogner\/\"><img  class=\"fg-image  img-responsive\"  src=\"https:\/\/optykadzierzoniow.pl\/wp-content\/uploads\/2019\/11\/bogner.jpg\"  alt=\"bogner\"  title=\"\"   ><\/a><h4 class=\"ffb-id-3hdkdrfm fg-heading text-center    fg-text-dark\"><a href=\"https:\/\/optykadzierzoniow.pl\/en\/bogner\/\" >Bogner<\/a><\/h4><\/div><div class=\"ffb-id-3hdkdrfk fg-col col-xs-12 col-md-3 fg-text-dark\"><a class=\"ffb-id-3hdkdrfl responsive-image-wrapper fg-text-dark\" href=\"https:\/\/optykadzierzoniow.pl\/en\/carolina-herrera\/\"><img  class=\"fg-image  img-responsive\"  src=\"https:\/\/optykadzierzoniow.pl\/wp-content\/uploads\/2019\/11\/carolina-herrera.jpg\"  alt=\"carolina-herrera\"  title=\"\"   ><\/a><h4 class=\"ffb-id-3hdkdp5u fg-heading text-center    fg-text-dark\"><a href=\"https:\/\/optykadzierzoniow.pl\/en\/carolina-herrera\/\" >Carolina Herrera<\/a><\/h4><\/div><\/div><\/div><\/section><style><\/style><script type=\"text\/javascript\"><\/script><section class=\"ffb-id-3hdm9rk3 fg-section fg-text-dark\" data-fg-wow=\"fadeIn\" data-wow-duration=\"2s\" data-wow-delay=\"1s\"><div class=\"fg-container container fg-container-large fg-container-lvl--1\"><div class=\"fg-row row\" ><div class=\"ffb-id-3hdm9rk4 fg-col col-xs-12 col-md-3 fg-text-dark\"><a class=\"ffb-id-3hdm9rk7 responsive-image-wrapper fg-text-dark\" href=\"https:\/\/optykadzierzoniow.pl\/en\/davidoff\/\"><img  class=\"fg-image  img-responsive\"  src=\"https:\/\/optykadzierzoniow.pl\/wp-content\/uploads\/2019\/11\/davidoff.jpg\"  alt=\"davidoff\"  title=\"\"   ><\/a><h4 class=\"ffb-id-3hdm9rk8 fg-heading text-center    fg-text-dark\"><a href=\"https:\/\/optykadzierzoniow.pl\/en\/davidoff\/\" >Davidoff<\/a><\/h4><\/div><div class=\"ffb-id-3hdm9rk9 fg-col col-xs-12 col-md-3 fg-text-dark\"><a class=\"ffb-id-3hdm9rkc responsive-image-wrapper fg-text-dark\" href=\"https:\/\/optykadzierzoniow.pl\/en\/dolcegabbana\/\"><img  class=\"fg-image  img-responsive\"  src=\"https:\/\/optykadzierzoniow.pl\/wp-content\/uploads\/2019\/11\/dolce-gabbana.jpg\"  alt=\"dolce-gabbana\"  title=\"\"   ><\/a><h4 class=\"ffb-id-3hdm9rkd fg-heading text-center    fg-text-dark\"><a href=\"https:\/\/optykadzierzoniow.pl\/en\/dolcegabbana\/\" >Dolce Gabbana<\/a><\/h4><\/div><div class=\"ffb-id-3hdm9rke fg-col col-xs-12 col-md-3 fg-text-dark\"><a class=\"ffb-id-3hdm9rkh responsive-image-wrapper fg-text-dark\" href=\"https:\/\/optykadzierzoniow.pl\/en\/emporio-armani\/\" target=\"_blank\"><img  class=\"fg-image  img-responsive\"  src=\"https:\/\/optykadzierzoniow.pl\/wp-content\/uploads\/2019\/11\/emporio-armani.jpg\"  alt=\"emporio-armani\"  title=\"\"   ><\/a><h4 class=\"ffb-id-3hdm9rki fg-heading text-center    fg-text-dark\"><a href=\"https:\/\/optykadzierzoniow.pl\/en\/emporio-armani\/\" >Emporio Armani<\/a><\/h4><\/div><div class=\"ffb-id-3hdm9rkj fg-col col-xs-12 col-md-3 fg-text-dark\" data-fg-wow=\"fadeIn\" data-wow-duration=\"1s\" data-wow-delay=\"1s\"><a class=\"ffb-id-3hdm9rkm responsive-image-wrapper fg-text-dark\" href=\"https:\/\/optykadzierzoniow.pl\/en\/eva-minge\/\"><img  class=\"fg-image  img-responsive\"  src=\"https:\/\/optykadzierzoniow.pl\/wp-content\/uploads\/2019\/11\/eva-minge.jpg\"  alt=\"eva-minge\"  title=\"\"   ><\/a><h4 class=\"ffb-id-3hdm9rkn fg-heading text-center    fg-text-dark\"><a href=\"https:\/\/optykadzierzoniow.pl\/en\/eva-minge\/\" >Eva Minge<\/a><\/h4><\/div><\/div><\/div><\/section><style><\/style><script type=\"text\/javascript\"><\/script><section class=\"ffb-id-3hdo2io3 fg-section fg-text-dark\" data-fg-wow=\"fadeIn\" data-wow-duration=\"1s\" data-wow-delay=\"1s\"><div class=\"fg-container container fg-container-large fg-container-lvl--1\"><div class=\"fg-row row\" ><div class=\"ffb-id-3hdo2io4 fg-col col-xs-12 col-md-3 fg-text-dark\"><a class=\"ffb-id-3hdo2io7 responsive-image-wrapper fg-text-dark\" href=\"https:\/\/optykadzierzoniow.pl\/en\/furla\/\"><img  class=\"fg-image  img-responsive\"  src=\"https:\/\/optykadzierzoniow.pl\/wp-content\/uploads\/2019\/11\/furla.jpg\"  alt=\"furla\"  title=\"\"   ><\/a><h4 class=\"ffb-id-3hdo2io8 fg-heading text-center    fg-text-dark\"><a href=\"https:\/\/optykadzierzoniow.pl\/en\/furla\/\" >Furla<\/a><\/h4><\/div><div class=\"ffb-id-3hdo2io9 fg-col col-xs-12 col-md-3 fg-text-dark\"><a class=\"ffb-id-3hdo2ioc responsive-image-wrapper fg-text-dark\" href=\"https:\/\/optykadzierzoniow.pl\/en\/hackett\/\"><img  class=\"fg-image  img-responsive\"  src=\"https:\/\/optykadzierzoniow.pl\/wp-content\/uploads\/2019\/11\/hackett.jpg\"  alt=\"hackett\"  title=\"\"   ><\/a><h4 class=\"ffb-id-3hdo2iod fg-heading text-center    fg-text-dark\"><a href=\"https:\/\/optykadzierzoniow.pl\/en\/hackett\/\" >Hackett<\/a><\/h4><\/div><div class=\"ffb-id-3hdo2ioe fg-col col-xs-12 col-md-3 fg-text-dark\"><a class=\"ffb-id-3hdo2ioh responsive-image-wrapper fg-text-dark\" href=\"https:\/\/optykadzierzoniow.pl\/en\/jaguar\/\"><img  class=\"fg-image  img-responsive\"  src=\"https:\/\/optykadzierzoniow.pl\/wp-content\/uploads\/2019\/11\/jaguar.jpg\"  alt=\"jaguar\"  title=\"\"   ><\/a><h4 class=\"ffb-id-3hdo2ioi fg-heading text-center    fg-text-dark\"><a href=\"https:\/\/optykadzierzoniow.pl\/en\/jaguar\/\" >Jaguar<\/a><\/h4><\/div><div class=\"ffb-id-3hdo2ioj fg-col col-xs-12 col-md-3 fg-text-dark\"><a class=\"ffb-id-3hdo2iom responsive-image-wrapper fg-text-dark\" href=\"https:\/\/optykadzierzoniow.pl\/en\/joop\/\"><img  class=\"fg-image  img-responsive\"  src=\"https:\/\/optykadzierzoniow.pl\/wp-content\/uploads\/2019\/11\/joop.jpg\"  alt=\"joop\"  title=\"\"   ><\/a><h4 class=\"ffb-id-3hdo2ion fg-heading text-center    fg-text-dark\"><a href=\"https:\/\/optykadzierzoniow.pl\/en\/joop\/\" >Joop<\/a><\/h4><\/div><\/div><\/div><\/section><style><\/style><script type=\"text\/javascript\"><\/script><section class=\"ffb-id-3hdo5cob fg-section fg-text-dark\" data-fg-wow=\"fadeIn\" data-wow-duration=\"2s\" data-wow-delay=\"1s\"><div class=\"fg-container container fg-container-large fg-container-lvl--1\"><div class=\"fg-row row\" ><div class=\"ffb-id-3hdo5coc fg-col col-xs-12 col-md-3 fg-text-dark\"><a class=\"ffb-id-3hdo5cof responsive-image-wrapper fg-text-dark\" href=\"https:\/\/optykadzierzoniow.pl\/en\/liu-jo\/\"><img  class=\"fg-image  img-responsive\"  src=\"https:\/\/optykadzierzoniow.pl\/wp-content\/uploads\/2019\/11\/liu-jo.jpg\"  alt=\"liu-jo\"  title=\"\"   ><\/a><h4 class=\"ffb-id-3hdo5cog fg-heading text-center    fg-text-dark\"><a href=\"https:\/\/optykadzierzoniow.pl\/en\/liu-jo\/\" >Liu Jo<\/a><\/h4><\/div><div class=\"ffb-id-3hdo5coh fg-col col-xs-12 col-md-3 fg-text-dark\"><a class=\"ffb-id-3hdo5cok responsive-image-wrapper fg-text-dark\" href=\"https:\/\/optykadzierzoniow.pl\/en\/maje\/\"><img  class=\"fg-image  img-responsive\"  src=\"https:\/\/optykadzierzoniow.pl\/wp-content\/uploads\/2019\/11\/maje.jpg\"  alt=\"maje\"  title=\"\"   ><\/a><h4 class=\"ffb-id-3hdo5col fg-heading text-center    fg-text-dark\"><a href=\"https:\/\/optykadzierzoniow.pl\/en\/maje\/\" >Maje<\/a><\/h4><\/div><div class=\"ffb-id-3hdo5com fg-col col-xs-12 col-md-3 fg-text-dark\"><a class=\"ffb-id-3hdo5cop responsive-image-wrapper fg-text-dark\" href=\"https:\/\/optykadzierzoniow.pl\/en\/max-mara\/\"><img  class=\"fg-image  img-responsive\"  src=\"https:\/\/optykadzierzoniow.pl\/wp-content\/uploads\/2019\/11\/max-mara.jpg\"  alt=\"max-mara\"  title=\"\"   ><\/a><h4 class=\"ffb-id-3hdo5coq fg-heading text-center    fg-text-dark\"><a href=\"https:\/\/optykadzierzoniow.pl\/en\/max-mara\/\" >Max Mara<\/a><\/h4><\/div><div class=\"ffb-id-3hdo5cor fg-col col-xs-12 col-md-3 fg-text-dark\" data-fg-wow=\"fadeIn\" data-wow-duration=\"1s\" data-wow-delay=\"1s\"><a class=\"ffb-id-3hdo5cou responsive-image-wrapper fg-text-dark\" href=\"https:\/\/optykadzierzoniow.pl\/en\/menrad\/\" target=\"_blank\"><img  class=\"fg-image  img-responsive\"  src=\"https:\/\/optykadzierzoniow.pl\/wp-content\/uploads\/2019\/11\/menrad.jpg\"  alt=\"menrad\"  title=\"\"   ><\/a><h4 class=\"ffb-id-3hdo5cov fg-heading text-center    fg-text-dark\"><a href=\"https:\/\/optykadzierzoniow.pl\/en\/menrad\/\" >Menrad<\/a><\/h4><\/div><\/div><\/div><\/section><style><\/style><script type=\"text\/javascript\"><\/script><section class=\"ffb-id-3hdo7tc2 fg-section fg-text-dark\" data-fg-wow=\"fadeIn\" data-wow-duration=\"1s\" data-wow-delay=\"1s\"><div class=\"fg-container container fg-container-large fg-container-lvl--1\"><div class=\"fg-row row\" ><div class=\"ffb-id-3hdo7tc3 fg-col col-xs-12 col-md-3 fg-text-dark\"><a class=\"ffb-id-3hdo7tc6 responsive-image-wrapper fg-text-dark\" href=\"https:\/\/optykadzierzoniow.pl\/en\/morgan\/\" target=\"_blank\"><img  class=\"fg-image  img-responsive\"  src=\"https:\/\/optykadzierzoniow.pl\/wp-content\/uploads\/2019\/11\/morgan.jpg\"  alt=\"morgan\"  title=\"\"   ><\/a><h4 class=\"ffb-id-3hdo7tc7 fg-heading text-center    fg-text-dark\"><a href=\"https:\/\/optykadzierzoniow.pl\/en\/morgan\/\" >Morgan<\/a><\/h4><\/div><div class=\"ffb-id-3jbl4hit fg-col col-xs-12 col-md-3 fg-text-dark\"><a class=\"ffb-id-3jbl4hiu responsive-image-wrapper fg-text-dark\" href=\"https:\/\/optykadzierzoniow.pl\/en\/pepe-jeans\/\"><img  class=\"fg-image  img-responsive\"  src=\"https:\/\/optykadzierzoniow.pl\/wp-content\/uploads\/2019\/11\/pepe-jeans.jpg\"  alt=\"pepe-jeans\"  title=\"\"   ><\/a><h4 class=\"ffb-id-3jbl4hiv fg-heading text-center    fg-text-dark\"><a href=\"https:\/\/optykadzierzoniow.pl\/en\/pepe-jeans\/\" >Pepe Jeans<\/a><\/h4><\/div><div class=\"ffb-id-3hdo7tc8 fg-col col-xs-12 col-md-3 fg-text-dark\"><a class=\"ffb-id-3hdo7tcb responsive-image-wrapper fg-text-dark\" href=\"https:\/\/optykadzierzoniow.pl\/en\/ray-ban\/\" target=\"_blank\"><img  class=\"fg-image  img-responsive\"  src=\"https:\/\/optykadzierzoniow.pl\/wp-content\/uploads\/2019\/11\/ray-ban.jpg\"  alt=\"ray-ban\"  title=\"\"   ><\/a><h4 class=\"ffb-id-3hdo7tcc fg-heading text-center    fg-text-dark\"><a href=\"https:\/\/optykadzierzoniow.pl\/en\/ray-ban\/\" >Ray Ban<\/a><\/h4><\/div><div class=\"ffb-id-3hdo7tcd fg-col col-xs-12 col-md-3 fg-text-dark\"><a class=\"ffb-id-3hdo7tcg responsive-image-wrapper fg-text-dark\" href=\"https:\/\/optykadzierzoniow.pl\/en\/rudy-project\/\"><img  class=\"fg-image  img-responsive\"  src=\"https:\/\/optykadzierzoniow.pl\/wp-content\/uploads\/2019\/11\/rudy.jpg\"  alt=\"rudy\"  title=\"\"   ><\/a><h4 class=\"ffb-id-3hdo7tch fg-heading text-center    fg-text-dark\"><a href=\"https:\/\/optykadzierzoniow.pl\/en\/rudy-project\/\" >Rudy Project<\/a><\/h4><\/div><\/div><\/div><\/section><style><\/style><script type=\"text\/javascript\"><\/script><section class=\"ffb-id-3hdo9ios fg-section fg-text-dark\" data-fg-wow=\"fadeIn\" data-wow-duration=\"1s\" data-wow-delay=\"1s\"><div class=\"fg-container container fg-container-large fg-container-lvl--1\"><div class=\"fg-row row\" ><div class=\"ffb-id-3hdo7tci fg-col col-xs-12 col-md-3 fg-text-dark\"><a class=\"ffb-id-3hdo7tcl responsive-image-wrapper fg-text-dark\" href=\"https:\/\/optykadzierzoniow.pl\/en\/sandro\/\"><img  class=\"fg-image  img-responsive\"  src=\"https:\/\/optykadzierzoniow.pl\/wp-content\/uploads\/2019\/11\/sandro.jpg\"  alt=\"sandro\"  title=\"\"   ><\/a><h4 class=\"ffb-id-3hdo7tcm fg-heading text-center    fg-text-dark\"><a href=\"https:\/\/optykadzierzoniow.pl\/en\/sandro\/\" >Sandro<\/a><\/h4><\/div><div class=\"ffb-id-3hdo9iot fg-col col-xs-12 col-md-3 fg-text-dark\"><a class=\"ffb-id-3hdo9ip0 responsive-image-wrapper fg-text-dark\" href=\"https:\/\/optykadzierzoniow.pl\/en\/solano\/\" target=\"_blank\"><img  class=\"fg-image  img-responsive\"  src=\"https:\/\/optykadzierzoniow.pl\/wp-content\/uploads\/2019\/11\/solano.jpg\"  alt=\"solano\"  title=\"\"   ><\/a><h4 class=\"ffb-id-3hdo9ip1 fg-heading text-center    fg-text-dark\"><a href=\"https:\/\/optykadzierzoniow.pl\/en\/solano\/\" >Solano<\/a><\/h4><\/div><div class=\"ffb-id-3hdo9ip2 fg-col col-xs-12 col-md-3 fg-text-dark\"><a class=\"ffb-id-3hdo9ip5 responsive-image-wrapper fg-text-dark\" href=\"https:\/\/optykadzierzoniow.pl\/en\/ted-baker\/\"><img  class=\"fg-image  img-responsive\"  src=\"https:\/\/optykadzierzoniow.pl\/wp-content\/uploads\/2019\/11\/ted-baker.jpg\"  alt=\"ted-baker\"  title=\"\"   ><\/a><h4 class=\"ffb-id-3hdo9ip6 fg-heading text-center    fg-text-dark\"><a href=\"https:\/\/optykadzierzoniow.pl\/en\/ted-baker\/\" >Ted Baker<\/a><\/h4><\/div><div class=\"ffb-id-3hdo9ip7 fg-col col-xs-12 col-md-3 fg-text-dark\"><a class=\"ffb-id-3hdo9ipa responsive-image-wrapper fg-text-dark\" href=\"https:\/\/optykadzierzoniow.pl\/en\/tommy-hilfiger\/\"><img  class=\"fg-image  img-responsive\"  src=\"https:\/\/optykadzierzoniow.pl\/wp-content\/uploads\/2019\/11\/tommy-hilfiger.jpg\"  alt=\"tommy-hilfiger\"  title=\"\"   ><\/a><h4 class=\"ffb-id-3hdo9ipb fg-heading text-center    fg-text-dark\"><a href=\"https:\/\/optykadzierzoniow.pl\/en\/tommy-hilfiger\/\" >Tommy Hilfiger<\/a><\/h4><\/div><\/div><\/div><\/section><style><\/style><script type=\"text\/javascript\"><\/script><section class=\"ffb-id-3hdobfsm fg-section fg-text-dark\" data-fg-wow=\"fadeIn\" data-wow-duration=\"2s\" data-wow-delay=\"1s\"><div class=\"fg-container container fg-container-large fg-container-lvl--1\"><div class=\"fg-row row\" ><div class=\"ffb-id-3hdo9ipc fg-col col-xs-12 col-md-3 fg-text-dark\"><a class=\"ffb-id-3hdo9ipf responsive-image-wrapper fg-text-dark\" href=\"https:\/\/optykadzierzoniow.pl\/en\/tous\/\"><img  class=\"fg-image  img-responsive\"  src=\"https:\/\/optykadzierzoniow.pl\/wp-content\/uploads\/2019\/11\/tous.jpg\"  alt=\"tous\"  title=\"\"   ><\/a><h4 class=\"ffb-id-3hdo9ipg fg-heading text-center    fg-text-dark\"><a href=\"https:\/\/optykadzierzoniow.pl\/en\/tous\/\" >Tous<\/a><\/h4><\/div><div class=\"ffb-id-3hdobfsn fg-col col-xs-12 col-md-3 fg-text-dark\"><a class=\"ffb-id-3hdobfsq responsive-image-wrapper fg-text-dark\" href=\"https:\/\/optykadzierzoniow.pl\/en\/versace\/\"><img  class=\"fg-image  img-responsive\"  src=\"https:\/\/optykadzierzoniow.pl\/wp-content\/uploads\/2019\/11\/versace.jpg\"  alt=\"versace\"  title=\"\"   ><\/a><h4 class=\"ffb-id-3hdobfsr fg-heading text-center    fg-text-dark\"><a href=\"https:\/\/optykadzierzoniow.pl\/en\/versace\/\" >Versace<\/a><\/h4><\/div><\/div><\/div><\/section><style><\/style><script type=\"text\/javascript\"><\/script><\/p>","protected":false},"excerpt":{"rendered":"","protected":false},"author":1,"featured_media":0,"parent":0,"menu_order":0,"comment_status":"closed","ping_status":"closed","template":"","meta":[],"yoast_head":"<!-- This site is optimized with the Yoast SEO plugin v20.1 - https:\/\/yoast.com\/wordpress\/plugins\/seo\/ -->\n<title>Nasze marki - OPTYKA Dzier\u017coni\u00f3w, salon optyczny, optyk, soczewki, badanie wzroku, Deka-Boruszewska, Boruszewski<\/title>\n<meta name=\"robots\" content=\"index, follow, max-snippet:-1, max-image-preview:large, max-video-preview:-1\" \/>\n<link rel=\"canonical\" href=\"https:\/\/optykadzierzoniow.pl\/en\/nasze-marki\/\" \/>\n<meta property=\"og:locale\" content=\"en_GB\" \/>\n<meta property=\"og:type\" content=\"article\" \/>\n<meta property=\"og:title\" content=\"Nasze marki - OPTYKA Dzier\u017coni\u00f3w, salon optyczny, optyk, soczewki, badanie wzroku, Deka-Boruszewska, Boruszewski\" \/>\n<meta property=\"og:url\" content=\"https:\/\/optykadzierzoniow.pl\/en\/nasze-marki\/\" \/>\n<meta property=\"og:site_name\" content=\"OPTYKA Dzier\u017coni\u00f3w, salon optyczny, optyk, soczewki, badanie wzroku, Deka-Boruszewska, Boruszewski\" \/>\n<meta property=\"article:modified_time\" content=\"2026-01-21T18:34:10+00:00\" \/>\n<meta name=\"twitter:card\" content=\"summary_large_image\" \/>\n<meta name=\"twitter:label1\" content=\"Estimated reading time\" \/>\n\t<meta name=\"twitter:data1\" content=\"41 minutes\" \/>\n<script type=\"application\/ld+json\" class=\"yoast-schema-graph\">{\"@context\":\"https:\/\/schema.org\",\"@graph\":[{\"@type\":\"WebPage\",\"@id\":\"https:\/\/optykadzierzoniow.pl\/nasze-marki\/\",\"url\":\"https:\/\/optykadzierzoniow.pl\/nasze-marki\/\",\"name\":\"Nasze marki - OPTYKA Dzier\u017coni\u00f3w, salon optyczny, optyk, soczewki, badanie wzroku, Deka-Boruszewska, Boruszewski\",\"isPartOf\":{\"@id\":\"https:\/\/optykadzierzoniow.pl\/#website\"},\"datePublished\":\"2019-11-10T14:28:24+00:00\",\"dateModified\":\"2026-01-21T18:34:10+00:00\",\"breadcrumb\":{\"@id\":\"https:\/\/optykadzierzoniow.pl\/nasze-marki\/#breadcrumb\"},\"inLanguage\":\"en-GB\",\"potentialAction\":[{\"@type\":\"ReadAction\",\"target\":[\"https:\/\/optykadzierzoniow.pl\/nasze-marki\/\"]}]},{\"@type\":\"BreadcrumbList\",\"@id\":\"https:\/\/optykadzierzoniow.pl\/nasze-marki\/#breadcrumb\",\"itemListElement\":[{\"@type\":\"ListItem\",\"position\":1,\"name\":\"Strona g\u0142\u00f3wna\",\"item\":\"https:\/\/optykadzierzoniow.pl\/\"},{\"@type\":\"ListItem\",\"position\":2,\"name\":\"Nasze marki\"}]},{\"@type\":\"WebSite\",\"@id\":\"https:\/\/optykadzierzoniow.pl\/#website\",\"url\":\"https:\/\/optykadzierzoniow.pl\/\",\"name\":\"OPTYKA Dzier\u017coni\u00f3w, salon optyczny, optyk, soczewki, badanie wzroku, Deka-Boruszewska, Boruszewski\",\"description\":\"Salon optyczny OPTYKA Dzier\u017coni\u00f3w istnieje od 1968 r. W ofercie oprawy okularowe uznanych projektant\u00f3w oraz bezp\u0142atny serwis.\",\"publisher\":{\"@id\":\"https:\/\/optykadzierzoniow.pl\/#organization\"},\"potentialAction\":[{\"@type\":\"SearchAction\",\"target\":{\"@type\":\"EntryPoint\",\"urlTemplate\":\"https:\/\/optykadzierzoniow.pl\/?s={search_term_string}\"},\"query-input\":\"required name=search_term_string\"}],\"inLanguage\":\"en-GB\"},{\"@type\":\"Organization\",\"@id\":\"https:\/\/optykadzierzoniow.pl\/#organization\",\"name\":\"OPTYKA Dzier\u017coni\u00f3w, salon optyczny, optyk, soczewki, badanie wzroku, Deka-Boruszewska, Boruszewski\",\"url\":\"https:\/\/optykadzierzoniow.pl\/\",\"logo\":{\"@type\":\"ImageObject\",\"inLanguage\":\"en-GB\",\"@id\":\"https:\/\/optykadzierzoniow.pl\/#\/schema\/logo\/image\/\",\"url\":\"http:\/\/optykadzierzoniow.pl\/wp-content\/uploads\/2020\/07\/optykadzierzoniow.jpg\",\"contentUrl\":\"http:\/\/optykadzierzoniow.pl\/wp-content\/uploads\/2020\/07\/optykadzierzoniow.jpg\",\"width\":550,\"height\":550,\"caption\":\"OPTYKA Dzier\u017coni\u00f3w, salon optyczny, optyk, soczewki, badanie wzroku, Deka-Boruszewska, Boruszewski\"},\"image\":{\"@id\":\"https:\/\/optykadzierzoniow.pl\/#\/schema\/logo\/image\/\"}}]}<\/script>\n<!-- \/ Yoast SEO plugin. -->","yoast_head_json":{"title":"Nasze marki - OPTYKA Dzier\u017coni\u00f3w, salon optyczny, optyk, soczewki, badanie wzroku, Deka-Boruszewska, Boruszewski","robots":{"index":"index","follow":"follow","max-snippet":"max-snippet:-1","max-image-preview":"max-image-preview:large","max-video-preview":"max-video-preview:-1"},"canonical":"https:\/\/optykadzierzoniow.pl\/en\/nasze-marki\/","og_locale":"en_GB","og_type":"article","og_title":"Nasze marki - OPTYKA Dzier\u017coni\u00f3w, salon optyczny, optyk, soczewki, badanie wzroku, Deka-Boruszewska, Boruszewski","og_url":"https:\/\/optykadzierzoniow.pl\/en\/nasze-marki\/","og_site_name":"OPTYKA Dzier\u017coni\u00f3w, salon optyczny, optyk, soczewki, badanie wzroku, Deka-Boruszewska, Boruszewski","article_modified_time":"2026-01-21T18:34:10+00:00","twitter_card":"summary_large_image","twitter_misc":{"Estimated reading time":"41 minutes"},"schema":{"@context":"https:\/\/schema.org","@graph":[{"@type":"WebPage","@id":"https:\/\/optykadzierzoniow.pl\/nasze-marki\/","url":"https:\/\/optykadzierzoniow.pl\/nasze-marki\/","name":"Nasze marki - OPTYKA Dzier\u017coni\u00f3w, salon optyczny, optyk, soczewki, badanie wzroku, Deka-Boruszewska, Boruszewski","isPartOf":{"@id":"https:\/\/optykadzierzoniow.pl\/#website"},"datePublished":"2019-11-10T14:28:24+00:00","dateModified":"2026-01-21T18:34:10+00:00","breadcrumb":{"@id":"https:\/\/optykadzierzoniow.pl\/nasze-marki\/#breadcrumb"},"inLanguage":"en-GB","potentialAction":[{"@type":"ReadAction","target":["https:\/\/optykadzierzoniow.pl\/nasze-marki\/"]}]},{"@type":"BreadcrumbList","@id":"https:\/\/optykadzierzoniow.pl\/nasze-marki\/#breadcrumb","itemListElement":[{"@type":"ListItem","position":1,"name":"Strona g\u0142\u00f3wna","item":"https:\/\/optykadzierzoniow.pl\/"},{"@type":"ListItem","position":2,"name":"Nasze marki"}]},{"@type":"WebSite","@id":"https:\/\/optykadzierzoniow.pl\/#website","url":"https:\/\/optykadzierzoniow.pl\/","name":"OPTYKA Dzier\u017coni\u00f3w, salon optyczny, optyk, soczewki, badanie wzroku, Deka-Boruszewska, Boruszewski","description":"Salon optyczny OPTYKA Dzier\u017coni\u00f3w istnieje od 1968 r. W ofercie oprawy okularowe uznanych projektant\u00f3w oraz bezp\u0142atny serwis.","publisher":{"@id":"https:\/\/optykadzierzoniow.pl\/#organization"},"potentialAction":[{"@type":"SearchAction","target":{"@type":"EntryPoint","urlTemplate":"https:\/\/optykadzierzoniow.pl\/?s={search_term_string}"},"query-input":"required name=search_term_string"}],"inLanguage":"en-GB"},{"@type":"Organization","@id":"https:\/\/optykadzierzoniow.pl\/#organization","name":"OPTYKA Dzier\u017coni\u00f3w, salon optyczny, optyk, soczewki, badanie wzroku, Deka-Boruszewska, Boruszewski","url":"https:\/\/optykadzierzoniow.pl\/","logo":{"@type":"ImageObject","inLanguage":"en-GB","@id":"https:\/\/optykadzierzoniow.pl\/#\/schema\/logo\/image\/","url":"http:\/\/optykadzierzoniow.pl\/wp-content\/uploads\/2020\/07\/optykadzierzoniow.jpg","contentUrl":"http:\/\/optykadzierzoniow.pl\/wp-content\/uploads\/2020\/07\/optykadzierzoniow.jpg","width":550,"height":550,"caption":"OPTYKA Dzier\u017coni\u00f3w, salon optyczny, optyk, soczewki, badanie wzroku, Deka-Boruszewska, Boruszewski"},"image":{"@id":"https:\/\/optykadzierzoniow.pl\/#\/schema\/logo\/image\/"}}]}},"_links":{"self":[{"href":"https:\/\/optykadzierzoniow.pl\/en\/wp-json\/wp\/v2\/pages\/1936"}],"collection":[{"href":"https:\/\/optykadzierzoniow.pl\/en\/wp-json\/wp\/v2\/pages"}],"about":[{"href":"https:\/\/optykadzierzoniow.pl\/en\/wp-json\/wp\/v2\/types\/page"}],"author":[{"embeddable":true,"href":"https:\/\/optykadzierzoniow.pl\/en\/wp-json\/wp\/v2\/users\/1"}],"replies":[{"embeddable":true,"href":"https:\/\/optykadzierzoniow.pl\/en\/wp-json\/wp\/v2\/comments?post=1936"}],"version-history":[{"count":11,"href":"https:\/\/optykadzierzoniow.pl\/en\/wp-json\/wp\/v2\/pages\/1936\/revisions"}],"predecessor-version":[{"id":2910,"href":"https:\/\/optykadzierzoniow.pl\/en\/wp-json\/wp\/v2\/pages\/1936\/revisions\/2910"}],"wp:attachment":[{"href":"https:\/\/optykadzierzoniow.pl\/en\/wp-json\/wp\/v2\/media?parent=1936"}],"curies":[{"name":"wp","href":"https:\/\/api.w.org\/{rel}","templated":true}]}}