{"id":2059,"date":"2019-11-13T15:01:33","date_gmt":"2019-11-13T14:01:33","guid":{"rendered":"http:\/\/new.optykadzierzoniow.pl\/?page_id=2059"},"modified":"2020-06-26T12:06:20","modified_gmt":"2020-06-26T10:06:20","slug":"emporio-armani","status":"publish","type":"page","link":"https:\/\/optykadzierzoniow.pl\/en\/emporio-armani\/","title":{"rendered":"Emporio Armani"},"content":{"rendered":"<p><section class=\"ffb-id-3k4p7hf2 fg-section fg-text-dark\"><div class=\"fg-container container fg-container-large fg-container-lvl--1\"><div class=\"fg-row row\" ><div class=\"ffb-id-3k4p7hf3 fg-col col-xs-12 col-md-4 fg-text-dark\"><\/div><div class=\"ffb-id-3k4p7hf4 fg-col col-xs-12 col-md-4 fg-text-dark\"><img class=\"ffb-id-3i4dot79 fg-image  img-responsive full-width fg-text-dark\" src=\"http:\/\/new.optykadzierzoniow.pl\/wp-content\/uploads\/2019\/11\/emporio-armani-logo-1.jpg\" alt=\"emporio-armani-logo\"><\/div><div class=\"ffb-id-3k4p7hf5 fg-col col-xs-12 col-md-4 fg-text-dark\"><\/div><\/div><\/div><\/section><style><\/style><script type=\"text\/javascript\"><\/script><section class=\"ffb-id-3k4p7imb fg-section fg-text-dark\"><div class=\"fg-container container fg-container-large fg-container-lvl--1\"><div class=\"fg-row row\" ><div class=\"ffb-id-3k4p7imc fg-col col-xs-12 col-md-4 fg-text-dark\"><\/div><div class=\"ffb-id-3k4p7imd fg-col col-xs-12 col-md-4 fg-text-dark\"><img class=\"ffb-id-3hl9c548 fg-image  img-responsive full-width fg-text-dark\" src=\"http:\/\/new.optykadzierzoniow.pl\/wp-content\/uploads\/2019\/11\/emporio-armani.jpg\" alt=\"emporio-armani\"><\/div><div class=\"ffb-id-3k4p7ime fg-col col-xs-12 col-md-4 fg-text-dark\"><\/div><\/div><\/div><\/section><style>.ffb-id-3k4p7imb{ padding-top: 35px;}<\/style><script type=\"text\/javascript\"><\/script><section class=\"ffb-id-3hl9bseo fg-section fg-text-dark\"><div class=\"fg-container container fg-container-large fg-container-lvl--1\"><div class=\"fg-row row\" ><div class=\"ffb-id-3hl9bsep fg-col col-xs-12 col-md-12 fg-text-dark\"><p class=\"ffb-id-3hl9bvum fg-paragraph text-left    fg-text-dark\">Marka c\u00f3rka w\u0142oskiego domu mody Giorgio Armani. Utworzony w latach 80. brand jest najbardziej rozpowszechnion\u0105 mark\u0105 ze wszystkich linii Armaniego. Powsta\u0142a z my\u015bl\u0105 o tzw. m\u0142odszych doros\u0142ych, kt\u00f3rzy dopiero co wkraczaj\u0105 w \u015bwiat mody, ale ju\u017c chc\u0105, by ich ubrania oraz dodatki cechowa\u0142a jako\u015b\u0107 i modowy pazur. Do dzi\u015b Giorgio Armani osobi\u015bcie czuwa nad projektami marki, a Emporio Armani uznawane jest za \u201edziecko\u201d Armaniego. Okulary Emporio Armani, projektowane g\u0142\u00f3wnie z my\u015bl\u0105 o m\u0119\u017cczyznach, to po\u0142\u0105czenie biznesowego stylu ze sportow\u0105 wygod\u0105. Emporio Armani oferuje zar\u00f3wno modele korekcyjne, jak i przeciws\u0142oneczne. Okulary tej marki cechuje klasyczny styl z domieszk\u0105 najnowszych tren\u00f3w oraz niesamowity komfort u\u017cytkowania. <\/p><\/div><\/div><\/div><\/section><style>.ffb-id-3k4p7imb{ \npadding-top: 35px;\n\n}\n.ffb-id-3hl9bseo{ padding-top: 10px;}@media (min-width:1200px) { .ffb-id-3hl9bseo{ padding-top: 20px;}}<\/style><script type=\"text\/javascript\"><\/script><\/p>","protected":false},"excerpt":{"rendered":"","protected":false},"author":1,"featured_media":0,"parent":0,"menu_order":0,"comment_status":"closed","ping_status":"closed","template":"","meta":[],"yoast_head":"<!-- This site is optimized with the Yoast SEO plugin v20.1 - https:\/\/yoast.com\/wordpress\/plugins\/seo\/ -->\n<title>Emporio Armani - OPTYKA Dzier\u017coni\u00f3w, salon optyczny, optyk, soczewki, badanie wzroku, Deka-Boruszewska, Boruszewski<\/title>\n<meta name=\"robots\" content=\"index, follow, max-snippet:-1, max-image-preview:large, max-video-preview:-1\" \/>\n<link rel=\"canonical\" href=\"https:\/\/optykadzierzoniow.pl\/en\/emporio-armani\/\" \/>\n<meta property=\"og:locale\" content=\"en_GB\" \/>\n<meta property=\"og:type\" content=\"article\" \/>\n<meta property=\"og:title\" content=\"Emporio Armani - OPTYKA Dzier\u017coni\u00f3w, salon optyczny, optyk, soczewki, badanie wzroku, Deka-Boruszewska, Boruszewski\" \/>\n<meta property=\"og:url\" content=\"https:\/\/optykadzierzoniow.pl\/en\/emporio-armani\/\" \/>\n<meta property=\"og:site_name\" content=\"OPTYKA Dzier\u017coni\u00f3w, salon optyczny, optyk, soczewki, badanie wzroku, Deka-Boruszewska, Boruszewski\" \/>\n<meta property=\"article:modified_time\" content=\"2020-06-26T10:06:20+00:00\" \/>\n<meta name=\"twitter:card\" content=\"summary_large_image\" \/>\n<meta name=\"twitter:label1\" content=\"Estimated reading time\" \/>\n\t<meta name=\"twitter:data1\" content=\"7 minutes\" \/>\n<script type=\"application\/ld+json\" class=\"yoast-schema-graph\">{\"@context\":\"https:\/\/schema.org\",\"@graph\":[{\"@type\":\"WebPage\",\"@id\":\"https:\/\/optykadzierzoniow.pl\/emporio-armani\/\",\"url\":\"https:\/\/optykadzierzoniow.pl\/emporio-armani\/\",\"name\":\"Emporio Armani - OPTYKA Dzier\u017coni\u00f3w, salon optyczny, optyk, soczewki, badanie wzroku, Deka-Boruszewska, Boruszewski\",\"isPartOf\":{\"@id\":\"https:\/\/optykadzierzoniow.pl\/#website\"},\"datePublished\":\"2019-11-13T14:01:33+00:00\",\"dateModified\":\"2020-06-26T10:06:20+00:00\",\"breadcrumb\":{\"@id\":\"https:\/\/optykadzierzoniow.pl\/emporio-armani\/#breadcrumb\"},\"inLanguage\":\"en-GB\",\"potentialAction\":[{\"@type\":\"ReadAction\",\"target\":[\"https:\/\/optykadzierzoniow.pl\/emporio-armani\/\"]}]},{\"@type\":\"BreadcrumbList\",\"@id\":\"https:\/\/optykadzierzoniow.pl\/emporio-armani\/#breadcrumb\",\"itemListElement\":[{\"@type\":\"ListItem\",\"position\":1,\"name\":\"Strona g\u0142\u00f3wna\",\"item\":\"https:\/\/optykadzierzoniow.pl\/\"},{\"@type\":\"ListItem\",\"position\":2,\"name\":\"Emporio Armani\"}]},{\"@type\":\"WebSite\",\"@id\":\"https:\/\/optykadzierzoniow.pl\/#website\",\"url\":\"https:\/\/optykadzierzoniow.pl\/\",\"name\":\"OPTYKA Dzier\u017coni\u00f3w, salon optyczny, optyk, soczewki, badanie wzroku, Deka-Boruszewska, Boruszewski\",\"description\":\"Salon optyczny OPTYKA Dzier\u017coni\u00f3w istnieje od 1968 r. W ofercie oprawy okularowe uznanych projektant\u00f3w oraz bezp\u0142atny serwis.\",\"publisher\":{\"@id\":\"https:\/\/optykadzierzoniow.pl\/#organization\"},\"potentialAction\":[{\"@type\":\"SearchAction\",\"target\":{\"@type\":\"EntryPoint\",\"urlTemplate\":\"https:\/\/optykadzierzoniow.pl\/?s={search_term_string}\"},\"query-input\":\"required name=search_term_string\"}],\"inLanguage\":\"en-GB\"},{\"@type\":\"Organization\",\"@id\":\"https:\/\/optykadzierzoniow.pl\/#organization\",\"name\":\"OPTYKA Dzier\u017coni\u00f3w, salon optyczny, optyk, soczewki, badanie wzroku, Deka-Boruszewska, Boruszewski\",\"url\":\"https:\/\/optykadzierzoniow.pl\/\",\"logo\":{\"@type\":\"ImageObject\",\"inLanguage\":\"en-GB\",\"@id\":\"https:\/\/optykadzierzoniow.pl\/#\/schema\/logo\/image\/\",\"url\":\"http:\/\/optykadzierzoniow.pl\/wp-content\/uploads\/2020\/07\/optykadzierzoniow.jpg\",\"contentUrl\":\"http:\/\/optykadzierzoniow.pl\/wp-content\/uploads\/2020\/07\/optykadzierzoniow.jpg\",\"width\":550,\"height\":550,\"caption\":\"OPTYKA Dzier\u017coni\u00f3w, salon optyczny, optyk, soczewki, badanie wzroku, Deka-Boruszewska, Boruszewski\"},\"image\":{\"@id\":\"https:\/\/optykadzierzoniow.pl\/#\/schema\/logo\/image\/\"}}]}<\/script>\n<!-- \/ Yoast SEO plugin. -->","yoast_head_json":{"title":"Emporio Armani - OPTYKA Dzier\u017coni\u00f3w, salon optyczny, optyk, soczewki, badanie wzroku, Deka-Boruszewska, Boruszewski","robots":{"index":"index","follow":"follow","max-snippet":"max-snippet:-1","max-image-preview":"max-image-preview:large","max-video-preview":"max-video-preview:-1"},"canonical":"https:\/\/optykadzierzoniow.pl\/en\/emporio-armani\/","og_locale":"en_GB","og_type":"article","og_title":"Emporio Armani - OPTYKA Dzier\u017coni\u00f3w, salon optyczny, optyk, soczewki, badanie wzroku, Deka-Boruszewska, Boruszewski","og_url":"https:\/\/optykadzierzoniow.pl\/en\/emporio-armani\/","og_site_name":"OPTYKA Dzier\u017coni\u00f3w, salon optyczny, optyk, soczewki, badanie wzroku, Deka-Boruszewska, Boruszewski","article_modified_time":"2020-06-26T10:06:20+00:00","twitter_card":"summary_large_image","twitter_misc":{"Estimated reading time":"7 minutes"},"schema":{"@context":"https:\/\/schema.org","@graph":[{"@type":"WebPage","@id":"https:\/\/optykadzierzoniow.pl\/emporio-armani\/","url":"https:\/\/optykadzierzoniow.pl\/emporio-armani\/","name":"Emporio Armani - OPTYKA Dzier\u017coni\u00f3w, salon optyczny, optyk, soczewki, badanie wzroku, Deka-Boruszewska, Boruszewski","isPartOf":{"@id":"https:\/\/optykadzierzoniow.pl\/#website"},"datePublished":"2019-11-13T14:01:33+00:00","dateModified":"2020-06-26T10:06:20+00:00","breadcrumb":{"@id":"https:\/\/optykadzierzoniow.pl\/emporio-armani\/#breadcrumb"},"inLanguage":"en-GB","potentialAction":[{"@type":"ReadAction","target":["https:\/\/optykadzierzoniow.pl\/emporio-armani\/"]}]},{"@type":"BreadcrumbList","@id":"https:\/\/optykadzierzoniow.pl\/emporio-armani\/#breadcrumb","itemListElement":[{"@type":"ListItem","position":1,"name":"Strona g\u0142\u00f3wna","item":"https:\/\/optykadzierzoniow.pl\/"},{"@type":"ListItem","position":2,"name":"Emporio Armani"}]},{"@type":"WebSite","@id":"https:\/\/optykadzierzoniow.pl\/#website","url":"https:\/\/optykadzierzoniow.pl\/","name":"OPTYKA Dzier\u017coni\u00f3w, salon optyczny, optyk, soczewki, badanie wzroku, Deka-Boruszewska, Boruszewski","description":"Salon optyczny OPTYKA Dzier\u017coni\u00f3w istnieje od 1968 r. W ofercie oprawy okularowe uznanych projektant\u00f3w oraz bezp\u0142atny serwis.","publisher":{"@id":"https:\/\/optykadzierzoniow.pl\/#organization"},"potentialAction":[{"@type":"SearchAction","target":{"@type":"EntryPoint","urlTemplate":"https:\/\/optykadzierzoniow.pl\/?s={search_term_string}"},"query-input":"required name=search_term_string"}],"inLanguage":"en-GB"},{"@type":"Organization","@id":"https:\/\/optykadzierzoniow.pl\/#organization","name":"OPTYKA Dzier\u017coni\u00f3w, salon optyczny, optyk, soczewki, badanie wzroku, Deka-Boruszewska, Boruszewski","url":"https:\/\/optykadzierzoniow.pl\/","logo":{"@type":"ImageObject","inLanguage":"en-GB","@id":"https:\/\/optykadzierzoniow.pl\/#\/schema\/logo\/image\/","url":"http:\/\/optykadzierzoniow.pl\/wp-content\/uploads\/2020\/07\/optykadzierzoniow.jpg","contentUrl":"http:\/\/optykadzierzoniow.pl\/wp-content\/uploads\/2020\/07\/optykadzierzoniow.jpg","width":550,"height":550,"caption":"OPTYKA Dzier\u017coni\u00f3w, salon optyczny, optyk, soczewki, badanie wzroku, Deka-Boruszewska, Boruszewski"},"image":{"@id":"https:\/\/optykadzierzoniow.pl\/#\/schema\/logo\/image\/"}}]}},"_links":{"self":[{"href":"https:\/\/optykadzierzoniow.pl\/en\/wp-json\/wp\/v2\/pages\/2059"}],"collection":[{"href":"https:\/\/optykadzierzoniow.pl\/en\/wp-json\/wp\/v2\/pages"}],"about":[{"href":"https:\/\/optykadzierzoniow.pl\/en\/wp-json\/wp\/v2\/types\/page"}],"author":[{"embeddable":true,"href":"https:\/\/optykadzierzoniow.pl\/en\/wp-json\/wp\/v2\/users\/1"}],"replies":[{"embeddable":true,"href":"https:\/\/optykadzierzoniow.pl\/en\/wp-json\/wp\/v2\/comments?post=2059"}],"version-history":[{"count":6,"href":"https:\/\/optykadzierzoniow.pl\/en\/wp-json\/wp\/v2\/pages\/2059\/revisions"}],"predecessor-version":[{"id":2721,"href":"https:\/\/optykadzierzoniow.pl\/en\/wp-json\/wp\/v2\/pages\/2059\/revisions\/2721"}],"wp:attachment":[{"href":"https:\/\/optykadzierzoniow.pl\/en\/wp-json\/wp\/v2\/media?parent=2059"}],"curies":[{"name":"wp","href":"https:\/\/api.w.org\/{rel}","templated":true}]}}