{"id":2075,"date":"2019-11-13T15:16:12","date_gmt":"2019-11-13T14:16:12","guid":{"rendered":"http:\/\/new.optykadzierzoniow.pl\/?page_id=2075"},"modified":"2020-07-07T14:52:31","modified_gmt":"2020-07-07T12:52:31","slug":"tommy-hilfiger","status":"publish","type":"page","link":"https:\/\/optykadzierzoniow.pl\/en\/tommy-hilfiger\/","title":{"rendered":"Tommy Hilfiger"},"content":{"rendered":"<p><section class=\"ffb-id-3uos55u1 fg-section fg-text-dark\"><div class=\"fg-container container fg-container-large fg-container-lvl--1\"><div class=\"fg-row row\" ><div class=\"ffb-id-3uos55u2 fg-col col-xs-12 col-md-4 fg-text-dark\"><\/div><div class=\"ffb-id-3uos55u3 fg-col col-xs-12 col-md-4 fg-text-dark\"><img class=\"ffb-id-3i4ha054 fg-image  img-responsive full-width fg-text-dark\" src=\"http:\/\/new.optykadzierzoniow.pl\/wp-content\/uploads\/2019\/11\/tommy-hilfiger-logo-1.jpg\" alt=\"tommy-hilfiger-logo\"><\/div><div class=\"ffb-id-3uos55u4 fg-col col-xs-12 col-md-4 fg-text-dark\"><\/div><\/div><\/div><\/section><style>.ffb-id-3uos55u1{ margin-bottom: 30px;}<\/style><script type=\"text\/javascript\"><\/script><section class=\"ffb-id-3uos59sl fg-section fg-text-dark\"><div class=\"fg-container container fg-container-large fg-container-lvl--1\"><div class=\"fg-row row\" ><div class=\"ffb-id-3uos59sm fg-col col-xs-12 col-md-4 fg-text-dark\"><\/div><div class=\"ffb-id-3uos59sn fg-col col-xs-12 col-md-4 fg-text-dark\"><img class=\"ffb-id-3hla4vcp fg-image  img-responsive full-width fg-text-dark\" src=\"http:\/\/new.optykadzierzoniow.pl\/wp-content\/uploads\/2019\/11\/tommy-hilfiger.jpg\" alt=\"tommy-hilfiger\"><\/div><div class=\"ffb-id-3uos59so fg-col col-xs-12 col-md-4 fg-text-dark\"><\/div><\/div><\/div><\/section><style>.ffb-id-3uos55u1{ \nmargin-bottom: 30px;\n\n}\n.ffb-id-3uos59sl{ margin-bottom: 30px;}<\/style><script type=\"text\/javascript\"><\/script><section class=\"ffb-id-3uos5c9g fg-section fg-text-dark\"><div class=\"fg-container container fg-container-large fg-container-lvl--1\"><div class=\"fg-row row\" ><div class=\"ffb-id-3uos5c9h fg-col col-xs-12 col-md-12 fg-text-dark\"><p class=\"ffb-id-3hla4qmp fg-paragraph text-left    fg-text-dark\">Historia domu mody si\u0119ga 1969 roku, kiedy to Tommy Hilfiger, b\u0119d\u0105c jeszcze uczniem nowojorskiego liceum, otworzy\u0142 sklep razem z przyjaci\u00f3\u0142mi. Hipisowskie projekty cieszy\u0142y si\u0119 tak du\u017cym zainteresowaniem, \u017ce w kr\u00f3tkim czasie otworzono kilka kolejnych sklep\u00f3w. Dom mody Tommy Hilfiger sta\u0142 si\u0119 uosobieniem praktycznej i m\u0142odej ameryka\u0144skiej mody \u0142\u0105cz\u0105cej uliczny luz i elegancj\u0119 oraz zami\u0142owanie do elitarnych sport\u00f3w. Poza kolekcj\u0105 odzie\u017cy marka Tommy Hilfiger oferuje szeroki wyb\u00f3r dodatk\u00f3w: torebki, buty, bielizn\u0119, zegarki, okulary, perfumy i tekstylia. Okulary Tommy Hilfiger to przede wszystkim charakterystyczna dla tej marki kolorystka - granat, czerwie\u0144 i biel. Ten motyw znajdziemy zar\u00f3wno na frontach, jak i na zausznikach opraw. Oprawy posiadaj\u0105 dyskretny znaczek brandu, czyli niebiesko-czerwono-bia\u0142y pasek. W\u015br\u00f3d kszta\u0142t\u00f3w dominuj\u0105 te o sportowym charakterze \u2013 klasyczne prostok\u0105ty, a tak\u017ce okr\u0105g\u0142e pantosy, tak ch\u0119tnie noszone w latach 80. i 90. <\/p><\/div><\/div><\/div><\/section><style>.ffb-id-3uos59sl{ \nmargin-bottom: 30px;\n\n}\n<\/style><script type=\"text\/javascript\"><\/script><\/p>","protected":false},"excerpt":{"rendered":"","protected":false},"author":1,"featured_media":0,"parent":0,"menu_order":0,"comment_status":"closed","ping_status":"closed","template":"","meta":[],"yoast_head":"<!-- This site is optimized with the Yoast SEO plugin v20.1 - https:\/\/yoast.com\/wordpress\/plugins\/seo\/ -->\n<title>Tommy Hilfiger - OPTYKA Dzier\u017coni\u00f3w, salon optyczny, optyk, soczewki, badanie wzroku, Deka-Boruszewska, Boruszewski<\/title>\n<meta name=\"robots\" content=\"index, follow, max-snippet:-1, max-image-preview:large, max-video-preview:-1\" \/>\n<link rel=\"canonical\" href=\"https:\/\/optykadzierzoniow.pl\/en\/tommy-hilfiger\/\" \/>\n<meta property=\"og:locale\" content=\"en_GB\" \/>\n<meta property=\"og:type\" content=\"article\" \/>\n<meta property=\"og:title\" content=\"Tommy Hilfiger - OPTYKA Dzier\u017coni\u00f3w, salon optyczny, optyk, soczewki, badanie wzroku, Deka-Boruszewska, Boruszewski\" \/>\n<meta property=\"og:url\" content=\"https:\/\/optykadzierzoniow.pl\/en\/tommy-hilfiger\/\" \/>\n<meta property=\"og:site_name\" content=\"OPTYKA Dzier\u017coni\u00f3w, salon optyczny, optyk, soczewki, badanie wzroku, Deka-Boruszewska, Boruszewski\" \/>\n<meta property=\"article:modified_time\" content=\"2020-07-07T12:52:31+00:00\" \/>\n<meta name=\"twitter:card\" content=\"summary_large_image\" \/>\n<meta name=\"twitter:label1\" content=\"Estimated reading time\" \/>\n\t<meta name=\"twitter:data1\" content=\"7 minutes\" \/>\n<script type=\"application\/ld+json\" class=\"yoast-schema-graph\">{\"@context\":\"https:\/\/schema.org\",\"@graph\":[{\"@type\":\"WebPage\",\"@id\":\"https:\/\/optykadzierzoniow.pl\/tommy-hilfiger\/\",\"url\":\"https:\/\/optykadzierzoniow.pl\/tommy-hilfiger\/\",\"name\":\"Tommy Hilfiger - OPTYKA Dzier\u017coni\u00f3w, salon optyczny, optyk, soczewki, badanie wzroku, Deka-Boruszewska, Boruszewski\",\"isPartOf\":{\"@id\":\"https:\/\/optykadzierzoniow.pl\/#website\"},\"datePublished\":\"2019-11-13T14:16:12+00:00\",\"dateModified\":\"2020-07-07T12:52:31+00:00\",\"breadcrumb\":{\"@id\":\"https:\/\/optykadzierzoniow.pl\/tommy-hilfiger\/#breadcrumb\"},\"inLanguage\":\"en-GB\",\"potentialAction\":[{\"@type\":\"ReadAction\",\"target\":[\"https:\/\/optykadzierzoniow.pl\/tommy-hilfiger\/\"]}]},{\"@type\":\"BreadcrumbList\",\"@id\":\"https:\/\/optykadzierzoniow.pl\/tommy-hilfiger\/#breadcrumb\",\"itemListElement\":[{\"@type\":\"ListItem\",\"position\":1,\"name\":\"Strona g\u0142\u00f3wna\",\"item\":\"https:\/\/optykadzierzoniow.pl\/\"},{\"@type\":\"ListItem\",\"position\":2,\"name\":\"Tommy Hilfiger\"}]},{\"@type\":\"WebSite\",\"@id\":\"https:\/\/optykadzierzoniow.pl\/#website\",\"url\":\"https:\/\/optykadzierzoniow.pl\/\",\"name\":\"OPTYKA Dzier\u017coni\u00f3w, salon optyczny, optyk, soczewki, badanie wzroku, Deka-Boruszewska, Boruszewski\",\"description\":\"Salon optyczny OPTYKA Dzier\u017coni\u00f3w istnieje od 1968 r. W ofercie oprawy okularowe uznanych projektant\u00f3w oraz bezp\u0142atny serwis.\",\"publisher\":{\"@id\":\"https:\/\/optykadzierzoniow.pl\/#organization\"},\"potentialAction\":[{\"@type\":\"SearchAction\",\"target\":{\"@type\":\"EntryPoint\",\"urlTemplate\":\"https:\/\/optykadzierzoniow.pl\/?s={search_term_string}\"},\"query-input\":\"required name=search_term_string\"}],\"inLanguage\":\"en-GB\"},{\"@type\":\"Organization\",\"@id\":\"https:\/\/optykadzierzoniow.pl\/#organization\",\"name\":\"OPTYKA Dzier\u017coni\u00f3w, salon optyczny, optyk, soczewki, badanie wzroku, Deka-Boruszewska, Boruszewski\",\"url\":\"https:\/\/optykadzierzoniow.pl\/\",\"logo\":{\"@type\":\"ImageObject\",\"inLanguage\":\"en-GB\",\"@id\":\"https:\/\/optykadzierzoniow.pl\/#\/schema\/logo\/image\/\",\"url\":\"http:\/\/optykadzierzoniow.pl\/wp-content\/uploads\/2020\/07\/optykadzierzoniow.jpg\",\"contentUrl\":\"http:\/\/optykadzierzoniow.pl\/wp-content\/uploads\/2020\/07\/optykadzierzoniow.jpg\",\"width\":550,\"height\":550,\"caption\":\"OPTYKA Dzier\u017coni\u00f3w, salon optyczny, optyk, soczewki, badanie wzroku, Deka-Boruszewska, Boruszewski\"},\"image\":{\"@id\":\"https:\/\/optykadzierzoniow.pl\/#\/schema\/logo\/image\/\"}}]}<\/script>\n<!-- \/ Yoast SEO plugin. -->","yoast_head_json":{"title":"Tommy Hilfiger - OPTYKA Dzier\u017coni\u00f3w, salon optyczny, optyk, soczewki, badanie wzroku, Deka-Boruszewska, Boruszewski","robots":{"index":"index","follow":"follow","max-snippet":"max-snippet:-1","max-image-preview":"max-image-preview:large","max-video-preview":"max-video-preview:-1"},"canonical":"https:\/\/optykadzierzoniow.pl\/en\/tommy-hilfiger\/","og_locale":"en_GB","og_type":"article","og_title":"Tommy Hilfiger - OPTYKA Dzier\u017coni\u00f3w, salon optyczny, optyk, soczewki, badanie wzroku, Deka-Boruszewska, Boruszewski","og_url":"https:\/\/optykadzierzoniow.pl\/en\/tommy-hilfiger\/","og_site_name":"OPTYKA Dzier\u017coni\u00f3w, salon optyczny, optyk, soczewki, badanie wzroku, Deka-Boruszewska, Boruszewski","article_modified_time":"2020-07-07T12:52:31+00:00","twitter_card":"summary_large_image","twitter_misc":{"Estimated reading time":"7 minutes"},"schema":{"@context":"https:\/\/schema.org","@graph":[{"@type":"WebPage","@id":"https:\/\/optykadzierzoniow.pl\/tommy-hilfiger\/","url":"https:\/\/optykadzierzoniow.pl\/tommy-hilfiger\/","name":"Tommy Hilfiger - OPTYKA Dzier\u017coni\u00f3w, salon optyczny, optyk, soczewki, badanie wzroku, Deka-Boruszewska, Boruszewski","isPartOf":{"@id":"https:\/\/optykadzierzoniow.pl\/#website"},"datePublished":"2019-11-13T14:16:12+00:00","dateModified":"2020-07-07T12:52:31+00:00","breadcrumb":{"@id":"https:\/\/optykadzierzoniow.pl\/tommy-hilfiger\/#breadcrumb"},"inLanguage":"en-GB","potentialAction":[{"@type":"ReadAction","target":["https:\/\/optykadzierzoniow.pl\/tommy-hilfiger\/"]}]},{"@type":"BreadcrumbList","@id":"https:\/\/optykadzierzoniow.pl\/tommy-hilfiger\/#breadcrumb","itemListElement":[{"@type":"ListItem","position":1,"name":"Strona g\u0142\u00f3wna","item":"https:\/\/optykadzierzoniow.pl\/"},{"@type":"ListItem","position":2,"name":"Tommy Hilfiger"}]},{"@type":"WebSite","@id":"https:\/\/optykadzierzoniow.pl\/#website","url":"https:\/\/optykadzierzoniow.pl\/","name":"OPTYKA Dzier\u017coni\u00f3w, salon optyczny, optyk, soczewki, badanie wzroku, Deka-Boruszewska, Boruszewski","description":"Salon optyczny OPTYKA Dzier\u017coni\u00f3w istnieje od 1968 r. W ofercie oprawy okularowe uznanych projektant\u00f3w oraz bezp\u0142atny serwis.","publisher":{"@id":"https:\/\/optykadzierzoniow.pl\/#organization"},"potentialAction":[{"@type":"SearchAction","target":{"@type":"EntryPoint","urlTemplate":"https:\/\/optykadzierzoniow.pl\/?s={search_term_string}"},"query-input":"required name=search_term_string"}],"inLanguage":"en-GB"},{"@type":"Organization","@id":"https:\/\/optykadzierzoniow.pl\/#organization","name":"OPTYKA Dzier\u017coni\u00f3w, salon optyczny, optyk, soczewki, badanie wzroku, Deka-Boruszewska, Boruszewski","url":"https:\/\/optykadzierzoniow.pl\/","logo":{"@type":"ImageObject","inLanguage":"en-GB","@id":"https:\/\/optykadzierzoniow.pl\/#\/schema\/logo\/image\/","url":"http:\/\/optykadzierzoniow.pl\/wp-content\/uploads\/2020\/07\/optykadzierzoniow.jpg","contentUrl":"http:\/\/optykadzierzoniow.pl\/wp-content\/uploads\/2020\/07\/optykadzierzoniow.jpg","width":550,"height":550,"caption":"OPTYKA Dzier\u017coni\u00f3w, salon optyczny, optyk, soczewki, badanie wzroku, Deka-Boruszewska, Boruszewski"},"image":{"@id":"https:\/\/optykadzierzoniow.pl\/#\/schema\/logo\/image\/"}}]}},"_links":{"self":[{"href":"https:\/\/optykadzierzoniow.pl\/en\/wp-json\/wp\/v2\/pages\/2075"}],"collection":[{"href":"https:\/\/optykadzierzoniow.pl\/en\/wp-json\/wp\/v2\/pages"}],"about":[{"href":"https:\/\/optykadzierzoniow.pl\/en\/wp-json\/wp\/v2\/types\/page"}],"author":[{"embeddable":true,"href":"https:\/\/optykadzierzoniow.pl\/en\/wp-json\/wp\/v2\/users\/1"}],"replies":[{"embeddable":true,"href":"https:\/\/optykadzierzoniow.pl\/en\/wp-json\/wp\/v2\/comments?post=2075"}],"version-history":[{"count":6,"href":"https:\/\/optykadzierzoniow.pl\/en\/wp-json\/wp\/v2\/pages\/2075\/revisions"}],"predecessor-version":[{"id":2762,"href":"https:\/\/optykadzierzoniow.pl\/en\/wp-json\/wp\/v2\/pages\/2075\/revisions\/2762"}],"wp:attachment":[{"href":"https:\/\/optykadzierzoniow.pl\/en\/wp-json\/wp\/v2\/media?parent=2075"}],"curies":[{"name":"wp","href":"https:\/\/api.w.org\/{rel}","templated":true}]}}