{"id":2081,"date":"2019-11-13T15:25:42","date_gmt":"2019-11-13T14:25:42","guid":{"rendered":"http:\/\/new.optykadzierzoniow.pl\/?page_id=2081"},"modified":"2020-06-26T12:51:02","modified_gmt":"2020-06-26T10:51:02","slug":"eva-minge","status":"publish","type":"page","link":"https:\/\/optykadzierzoniow.pl\/en\/eva-minge\/","title":{"rendered":"Eva Minge"},"content":{"rendered":"<p><section class=\"ffb-id-3k53h9ad fg-section fg-text-dark\"><div class=\"fg-container container fg-container-large fg-container-lvl--1\"><div class=\"fg-row row\" ><div class=\"ffb-id-3k53h9ae fg-col col-xs-12 col-md-4 fg-text-dark\"><\/div><div class=\"ffb-id-3k53h9af fg-col col-xs-12 col-md-4 fg-text-dark\"><img class=\"ffb-id-3i4ds3fi fg-image  img-responsive full-width fg-text-dark\" src=\"http:\/\/new.optykadzierzoniow.pl\/wp-content\/uploads\/2019\/11\/eva-minge-logo.jpg\" alt=\"eva-minge-logo\"><\/div><div class=\"ffb-id-3k53h9ag fg-col col-xs-12 col-md-4 fg-text-dark\"><\/div><\/div><\/div><\/section><style><\/style><script type=\"text\/javascript\"><\/script><section class=\"ffb-id-3k53hb59 fg-section fg-text-dark\"><div class=\"fg-container container fg-container-large fg-container-lvl--1\"><div class=\"fg-row row\" ><div class=\"ffb-id-3k53hb5a fg-col col-xs-12 col-md-4 fg-text-dark\"><\/div><div class=\"ffb-id-3k53hb5b fg-col col-xs-12 col-md-4 fg-text-dark\"><img class=\"ffb-id-3hlamcd1 fg-image  img-responsive full-width fg-text-dark\" src=\"http:\/\/new.optykadzierzoniow.pl\/wp-content\/uploads\/2019\/11\/eva-minge.jpg\" alt=\"eva-minge\"><\/div><div class=\"ffb-id-3k53hb5c fg-col col-xs-12 col-md-4 fg-text-dark\"><\/div><\/div><\/div><\/section><style>.ffb-id-3k53hb59{ margin-top: 35px;}<\/style><script type=\"text\/javascript\"><\/script><section class=\"ffb-id-3hlam261 fg-section fg-text-dark\"><div class=\"fg-container container fg-container-large fg-container-lvl--1\"><div class=\"fg-row row\" ><div class=\"ffb-id-3hlam262 fg-col col-xs-12 col-md-12 fg-text-dark\"><p class=\"ffb-id-3hlam63t fg-paragraph text-left    fg-text-dark\">Jedna z najbardziej znanych polskich projektantek. Zaczyna\u0142a w 1994 roku. Dzi\u015b znana jest na ca\u0142ym \u015bwiecie. Na swoim koncie ma pokazy mody w Mediolanie, Pary\u017cu, Nowym Jorku, Berlinie, Rzymie czy Moskwie. W jej kreacjach pokazuj\u0105 si\u0119 celebrytki tj. Cheryl Cole, Paris Hilton czy Ivana Trump. Eva Minge projektuje r\u00f3wnie\u017c dodatki, w tym damskie okulary korekcyjne i przeciws\u0142oneczne. Jej charakterystyczne logo z\u0142o\u017cone z pierwszych liter imienia i nazwiska pojawia si\u0119 na zausznikach. Okulary Eva Minge to przede wszystkim elegancja po\u0142\u0105czona z najnowszymi trendami. W ofercie znajdziemy klasyczne czarne oprawy z elementami z\u0142ota, ale r\u00f3wnie\u017c odwa\u017cne kocie kszta\u0142ty z motywem koronki czy barwnych kwiat\u00f3w. <\/p><\/div><\/div><\/div><\/section><style>.ffb-id-3k53hb59{ \nmargin-top: 35px;\n\n}\n.ffb-id-3hlam261{ padding-top: 10px;}@media (min-width:1200px) { .ffb-id-3hlam261{ padding-top: 20px;}}<\/style><script type=\"text\/javascript\"><\/script><\/p>","protected":false},"excerpt":{"rendered":"","protected":false},"author":1,"featured_media":0,"parent":0,"menu_order":0,"comment_status":"closed","ping_status":"closed","template":"","meta":[],"yoast_head":"<!-- This site is optimized with the Yoast SEO plugin v20.1 - https:\/\/yoast.com\/wordpress\/plugins\/seo\/ -->\n<title>Eva Minge - OPTYKA Dzier\u017coni\u00f3w, salon optyczny, optyk, soczewki, badanie wzroku, Deka-Boruszewska, Boruszewski<\/title>\n<meta name=\"robots\" content=\"index, follow, max-snippet:-1, max-image-preview:large, max-video-preview:-1\" \/>\n<link rel=\"canonical\" href=\"https:\/\/optykadzierzoniow.pl\/en\/eva-minge\/\" \/>\n<meta property=\"og:locale\" content=\"en_GB\" \/>\n<meta property=\"og:type\" content=\"article\" \/>\n<meta property=\"og:title\" content=\"Eva Minge - OPTYKA Dzier\u017coni\u00f3w, salon optyczny, optyk, soczewki, badanie wzroku, Deka-Boruszewska, Boruszewski\" \/>\n<meta property=\"og:url\" content=\"https:\/\/optykadzierzoniow.pl\/en\/eva-minge\/\" \/>\n<meta property=\"og:site_name\" content=\"OPTYKA Dzier\u017coni\u00f3w, salon optyczny, optyk, soczewki, badanie wzroku, Deka-Boruszewska, Boruszewski\" \/>\n<meta property=\"article:modified_time\" content=\"2020-06-26T10:51:02+00:00\" \/>\n<meta name=\"twitter:card\" content=\"summary_large_image\" \/>\n<meta name=\"twitter:label1\" content=\"Estimated reading time\" \/>\n\t<meta name=\"twitter:data1\" content=\"7 minutes\" \/>\n<script type=\"application\/ld+json\" class=\"yoast-schema-graph\">{\"@context\":\"https:\/\/schema.org\",\"@graph\":[{\"@type\":\"WebPage\",\"@id\":\"https:\/\/optykadzierzoniow.pl\/eva-minge\/\",\"url\":\"https:\/\/optykadzierzoniow.pl\/eva-minge\/\",\"name\":\"Eva Minge - OPTYKA Dzier\u017coni\u00f3w, salon optyczny, optyk, soczewki, badanie wzroku, Deka-Boruszewska, Boruszewski\",\"isPartOf\":{\"@id\":\"https:\/\/optykadzierzoniow.pl\/#website\"},\"datePublished\":\"2019-11-13T14:25:42+00:00\",\"dateModified\":\"2020-06-26T10:51:02+00:00\",\"breadcrumb\":{\"@id\":\"https:\/\/optykadzierzoniow.pl\/eva-minge\/#breadcrumb\"},\"inLanguage\":\"en-GB\",\"potentialAction\":[{\"@type\":\"ReadAction\",\"target\":[\"https:\/\/optykadzierzoniow.pl\/eva-minge\/\"]}]},{\"@type\":\"BreadcrumbList\",\"@id\":\"https:\/\/optykadzierzoniow.pl\/eva-minge\/#breadcrumb\",\"itemListElement\":[{\"@type\":\"ListItem\",\"position\":1,\"name\":\"Strona g\u0142\u00f3wna\",\"item\":\"https:\/\/optykadzierzoniow.pl\/\"},{\"@type\":\"ListItem\",\"position\":2,\"name\":\"Eva Minge\"}]},{\"@type\":\"WebSite\",\"@id\":\"https:\/\/optykadzierzoniow.pl\/#website\",\"url\":\"https:\/\/optykadzierzoniow.pl\/\",\"name\":\"OPTYKA Dzier\u017coni\u00f3w, salon optyczny, optyk, soczewki, badanie wzroku, Deka-Boruszewska, Boruszewski\",\"description\":\"Salon optyczny OPTYKA Dzier\u017coni\u00f3w istnieje od 1968 r. W ofercie oprawy okularowe uznanych projektant\u00f3w oraz bezp\u0142atny serwis.\",\"publisher\":{\"@id\":\"https:\/\/optykadzierzoniow.pl\/#organization\"},\"potentialAction\":[{\"@type\":\"SearchAction\",\"target\":{\"@type\":\"EntryPoint\",\"urlTemplate\":\"https:\/\/optykadzierzoniow.pl\/?s={search_term_string}\"},\"query-input\":\"required name=search_term_string\"}],\"inLanguage\":\"en-GB\"},{\"@type\":\"Organization\",\"@id\":\"https:\/\/optykadzierzoniow.pl\/#organization\",\"name\":\"OPTYKA Dzier\u017coni\u00f3w, salon optyczny, optyk, soczewki, badanie wzroku, Deka-Boruszewska, Boruszewski\",\"url\":\"https:\/\/optykadzierzoniow.pl\/\",\"logo\":{\"@type\":\"ImageObject\",\"inLanguage\":\"en-GB\",\"@id\":\"https:\/\/optykadzierzoniow.pl\/#\/schema\/logo\/image\/\",\"url\":\"http:\/\/optykadzierzoniow.pl\/wp-content\/uploads\/2020\/07\/optykadzierzoniow.jpg\",\"contentUrl\":\"http:\/\/optykadzierzoniow.pl\/wp-content\/uploads\/2020\/07\/optykadzierzoniow.jpg\",\"width\":550,\"height\":550,\"caption\":\"OPTYKA Dzier\u017coni\u00f3w, salon optyczny, optyk, soczewki, badanie wzroku, Deka-Boruszewska, Boruszewski\"},\"image\":{\"@id\":\"https:\/\/optykadzierzoniow.pl\/#\/schema\/logo\/image\/\"}}]}<\/script>\n<!-- \/ Yoast SEO plugin. -->","yoast_head_json":{"title":"Eva Minge - OPTYKA Dzier\u017coni\u00f3w, salon optyczny, optyk, soczewki, badanie wzroku, Deka-Boruszewska, Boruszewski","robots":{"index":"index","follow":"follow","max-snippet":"max-snippet:-1","max-image-preview":"max-image-preview:large","max-video-preview":"max-video-preview:-1"},"canonical":"https:\/\/optykadzierzoniow.pl\/en\/eva-minge\/","og_locale":"en_GB","og_type":"article","og_title":"Eva Minge - OPTYKA Dzier\u017coni\u00f3w, salon optyczny, optyk, soczewki, badanie wzroku, Deka-Boruszewska, Boruszewski","og_url":"https:\/\/optykadzierzoniow.pl\/en\/eva-minge\/","og_site_name":"OPTYKA Dzier\u017coni\u00f3w, salon optyczny, optyk, soczewki, badanie wzroku, Deka-Boruszewska, Boruszewski","article_modified_time":"2020-06-26T10:51:02+00:00","twitter_card":"summary_large_image","twitter_misc":{"Estimated reading time":"7 minutes"},"schema":{"@context":"https:\/\/schema.org","@graph":[{"@type":"WebPage","@id":"https:\/\/optykadzierzoniow.pl\/eva-minge\/","url":"https:\/\/optykadzierzoniow.pl\/eva-minge\/","name":"Eva Minge - OPTYKA Dzier\u017coni\u00f3w, salon optyczny, optyk, soczewki, badanie wzroku, Deka-Boruszewska, Boruszewski","isPartOf":{"@id":"https:\/\/optykadzierzoniow.pl\/#website"},"datePublished":"2019-11-13T14:25:42+00:00","dateModified":"2020-06-26T10:51:02+00:00","breadcrumb":{"@id":"https:\/\/optykadzierzoniow.pl\/eva-minge\/#breadcrumb"},"inLanguage":"en-GB","potentialAction":[{"@type":"ReadAction","target":["https:\/\/optykadzierzoniow.pl\/eva-minge\/"]}]},{"@type":"BreadcrumbList","@id":"https:\/\/optykadzierzoniow.pl\/eva-minge\/#breadcrumb","itemListElement":[{"@type":"ListItem","position":1,"name":"Strona g\u0142\u00f3wna","item":"https:\/\/optykadzierzoniow.pl\/"},{"@type":"ListItem","position":2,"name":"Eva Minge"}]},{"@type":"WebSite","@id":"https:\/\/optykadzierzoniow.pl\/#website","url":"https:\/\/optykadzierzoniow.pl\/","name":"OPTYKA Dzier\u017coni\u00f3w, salon optyczny, optyk, soczewki, badanie wzroku, Deka-Boruszewska, Boruszewski","description":"Salon optyczny OPTYKA Dzier\u017coni\u00f3w istnieje od 1968 r. W ofercie oprawy okularowe uznanych projektant\u00f3w oraz bezp\u0142atny serwis.","publisher":{"@id":"https:\/\/optykadzierzoniow.pl\/#organization"},"potentialAction":[{"@type":"SearchAction","target":{"@type":"EntryPoint","urlTemplate":"https:\/\/optykadzierzoniow.pl\/?s={search_term_string}"},"query-input":"required name=search_term_string"}],"inLanguage":"en-GB"},{"@type":"Organization","@id":"https:\/\/optykadzierzoniow.pl\/#organization","name":"OPTYKA Dzier\u017coni\u00f3w, salon optyczny, optyk, soczewki, badanie wzroku, Deka-Boruszewska, Boruszewski","url":"https:\/\/optykadzierzoniow.pl\/","logo":{"@type":"ImageObject","inLanguage":"en-GB","@id":"https:\/\/optykadzierzoniow.pl\/#\/schema\/logo\/image\/","url":"http:\/\/optykadzierzoniow.pl\/wp-content\/uploads\/2020\/07\/optykadzierzoniow.jpg","contentUrl":"http:\/\/optykadzierzoniow.pl\/wp-content\/uploads\/2020\/07\/optykadzierzoniow.jpg","width":550,"height":550,"caption":"OPTYKA Dzier\u017coni\u00f3w, salon optyczny, optyk, soczewki, badanie wzroku, Deka-Boruszewska, Boruszewski"},"image":{"@id":"https:\/\/optykadzierzoniow.pl\/#\/schema\/logo\/image\/"}}]}},"_links":{"self":[{"href":"https:\/\/optykadzierzoniow.pl\/en\/wp-json\/wp\/v2\/pages\/2081"}],"collection":[{"href":"https:\/\/optykadzierzoniow.pl\/en\/wp-json\/wp\/v2\/pages"}],"about":[{"href":"https:\/\/optykadzierzoniow.pl\/en\/wp-json\/wp\/v2\/types\/page"}],"author":[{"embeddable":true,"href":"https:\/\/optykadzierzoniow.pl\/en\/wp-json\/wp\/v2\/users\/1"}],"replies":[{"embeddable":true,"href":"https:\/\/optykadzierzoniow.pl\/en\/wp-json\/wp\/v2\/comments?post=2081"}],"version-history":[{"count":8,"href":"https:\/\/optykadzierzoniow.pl\/en\/wp-json\/wp\/v2\/pages\/2081\/revisions"}],"predecessor-version":[{"id":2722,"href":"https:\/\/optykadzierzoniow.pl\/en\/wp-json\/wp\/v2\/pages\/2081\/revisions\/2722"}],"wp:attachment":[{"href":"https:\/\/optykadzierzoniow.pl\/en\/wp-json\/wp\/v2\/media?parent=2081"}],"curies":[{"name":"wp","href":"https:\/\/api.w.org\/{rel}","templated":true}]}}