{"id":2643,"date":"2020-04-30T14:13:04","date_gmt":"2020-04-30T12:13:04","guid":{"rendered":"http:\/\/new.optykadzierzoniow.pl\/?page_id=2643"},"modified":"2020-07-07T14:07:24","modified_gmt":"2020-07-07T12:07:24","slug":"soczewki-jednoogniskowe","status":"publish","type":"page","link":"https:\/\/optykadzierzoniow.pl\/en\/soczewki-jednoogniskowe\/","title":{"rendered":"Single vision<br> lenses"},"content":{"rendered":"<section class=\"ffb-id-3v8884mp fg-section fg-text-dark\"><div class=\"fg-container container fg-container-large fg-container-lvl--1\"><div class=\"fg-row row\" ><div class=\"ffb-id-3v8884mq fg-col col-xs-12 col-md-9 fg-text-dark\"><p class=\"ffb-id-3v888duk fg-paragraph text-left    fg-text-dark\">Single vision lenses support one vision area. They are used by people with myopia, hyperopia and astigmatism. We offer lenses made of the most durable materials with special coatings ensuring the highest contrast and quality of vision. Depending on the requirements of our customers, we select the appropriate coating. Our offer also includes lenses adapted to large vision defects.<\/p><\/div><div class=\"ffb-id-3v8884mr fg-col col-xs-12 col-md-3 fg-text-dark\"><img class=\"ffb-id-3v888pel fg-image  img-responsive full-width fg-text-dark\" src=\"http:\/\/new.optykadzierzoniow.pl\/wp-content\/uploads\/2019\/11\/zakladka_oferta_soczewki-okularowe_soczewki-jednoogniskowe.jpg\" alt=\"zakladka_oferta_soczewki-okularowe_soczewki-jednoogniskowe\"><\/div><\/div><\/div><\/section><style><\/style><script type=\"text\/javascript\"><\/script>","protected":false},"excerpt":{"rendered":"","protected":false},"author":1,"featured_media":0,"parent":0,"menu_order":0,"comment_status":"closed","ping_status":"closed","template":"","meta":[],"yoast_head":"<!-- This site is optimized with the Yoast SEO plugin v20.1 - https:\/\/yoast.com\/wordpress\/plugins\/seo\/ -->\n<title>Soczewki jednoogniskowe - OPTYKA Dzier\u017coni\u00f3w, salon optyczny, optyk, soczewki, badanie wzroku, Deka-Boruszewska, Boruszewski<\/title>\n<meta name=\"robots\" content=\"index, follow, max-snippet:-1, max-image-preview:large, max-video-preview:-1\" \/>\n<link rel=\"canonical\" href=\"http:\/\/optykadzierzoniow.pl\/en\/soczewki-jednoogniskowe\/\" \/>\n<meta property=\"og:locale\" content=\"en_GB\" \/>\n<meta property=\"og:type\" content=\"article\" \/>\n<meta property=\"og:title\" content=\"Soczewki jednoogniskowe - OPTYKA Dzier\u017coni\u00f3w, salon optyczny, optyk, soczewki, badanie wzroku, Deka-Boruszewska, Boruszewski\" \/>\n<meta property=\"og:url\" content=\"http:\/\/optykadzierzoniow.pl\/en\/soczewki-jednoogniskowe\/\" \/>\n<meta property=\"og:site_name\" content=\"OPTYKA Dzier\u017coni\u00f3w, salon optyczny, optyk, soczewki, badanie wzroku, Deka-Boruszewska, Boruszewski\" \/>\n<meta property=\"article:modified_time\" content=\"2020-07-07T12:07:24+00:00\" \/>\n<meta name=\"twitter:card\" content=\"summary_large_image\" \/>\n<meta name=\"twitter:label1\" content=\"Estimated reading time\" \/>\n\t<meta name=\"twitter:data1\" content=\"2 minutes\" \/>\n<script type=\"application\/ld+json\" class=\"yoast-schema-graph\">{\"@context\":\"https:\/\/schema.org\",\"@graph\":[{\"@type\":\"WebPage\",\"@id\":\"http:\/\/optykadzierzoniow.pl\/en\/soczewki-jednoogniskowe\/\",\"url\":\"http:\/\/optykadzierzoniow.pl\/en\/soczewki-jednoogniskowe\/\",\"name\":\"Soczewki jednoogniskowe - OPTYKA Dzier\u017coni\u00f3w, salon optyczny, optyk, soczewki, badanie wzroku, Deka-Boruszewska, Boruszewski\",\"isPartOf\":{\"@id\":\"https:\/\/optykadzierzoniow.pl\/#website\"},\"datePublished\":\"2020-04-30T12:13:04+00:00\",\"dateModified\":\"2020-07-07T12:07:24+00:00\",\"breadcrumb\":{\"@id\":\"http:\/\/optykadzierzoniow.pl\/en\/soczewki-jednoogniskowe\/#breadcrumb\"},\"inLanguage\":\"en-GB\",\"potentialAction\":[{\"@type\":\"ReadAction\",\"target\":[\"http:\/\/optykadzierzoniow.pl\/en\/soczewki-jednoogniskowe\/\"]}]},{\"@type\":\"BreadcrumbList\",\"@id\":\"http:\/\/optykadzierzoniow.pl\/en\/soczewki-jednoogniskowe\/#breadcrumb\",\"itemListElement\":[{\"@type\":\"ListItem\",\"position\":1,\"name\":\"Strona g\u0142\u00f3wna\",\"item\":\"https:\/\/optykadzierzoniow.pl\/\"},{\"@type\":\"ListItem\",\"position\":2,\"name\":\"Soczewki jednoogniskowe\"}]},{\"@type\":\"WebSite\",\"@id\":\"https:\/\/optykadzierzoniow.pl\/#website\",\"url\":\"https:\/\/optykadzierzoniow.pl\/\",\"name\":\"OPTYKA Dzier\u017coni\u00f3w, salon optyczny, optyk, soczewki, badanie wzroku, Deka-Boruszewska, Boruszewski\",\"description\":\"Salon optyczny OPTYKA Dzier\u017coni\u00f3w istnieje od 1968 r. W ofercie oprawy okularowe uznanych projektant\u00f3w oraz bezp\u0142atny serwis.\",\"publisher\":{\"@id\":\"https:\/\/optykadzierzoniow.pl\/#organization\"},\"potentialAction\":[{\"@type\":\"SearchAction\",\"target\":{\"@type\":\"EntryPoint\",\"urlTemplate\":\"https:\/\/optykadzierzoniow.pl\/?s={search_term_string}\"},\"query-input\":\"required name=search_term_string\"}],\"inLanguage\":\"en-GB\"},{\"@type\":\"Organization\",\"@id\":\"https:\/\/optykadzierzoniow.pl\/#organization\",\"name\":\"OPTYKA Dzier\u017coni\u00f3w, salon optyczny, optyk, soczewki, badanie wzroku, Deka-Boruszewska, Boruszewski\",\"url\":\"https:\/\/optykadzierzoniow.pl\/\",\"logo\":{\"@type\":\"ImageObject\",\"inLanguage\":\"en-GB\",\"@id\":\"https:\/\/optykadzierzoniow.pl\/#\/schema\/logo\/image\/\",\"url\":\"http:\/\/optykadzierzoniow.pl\/wp-content\/uploads\/2020\/07\/optykadzierzoniow.jpg\",\"contentUrl\":\"http:\/\/optykadzierzoniow.pl\/wp-content\/uploads\/2020\/07\/optykadzierzoniow.jpg\",\"width\":550,\"height\":550,\"caption\":\"OPTYKA Dzier\u017coni\u00f3w, salon optyczny, optyk, soczewki, badanie wzroku, Deka-Boruszewska, Boruszewski\"},\"image\":{\"@id\":\"https:\/\/optykadzierzoniow.pl\/#\/schema\/logo\/image\/\"}}]}<\/script>\n<!-- \/ Yoast SEO plugin. -->","yoast_head_json":{"title":"Soczewki jednoogniskowe - OPTYKA Dzier\u017coni\u00f3w, salon optyczny, optyk, soczewki, badanie wzroku, Deka-Boruszewska, Boruszewski","robots":{"index":"index","follow":"follow","max-snippet":"max-snippet:-1","max-image-preview":"max-image-preview:large","max-video-preview":"max-video-preview:-1"},"canonical":"http:\/\/optykadzierzoniow.pl\/en\/soczewki-jednoogniskowe\/","og_locale":"en_GB","og_type":"article","og_title":"Soczewki jednoogniskowe - OPTYKA Dzier\u017coni\u00f3w, salon optyczny, optyk, soczewki, badanie wzroku, Deka-Boruszewska, Boruszewski","og_url":"http:\/\/optykadzierzoniow.pl\/en\/soczewki-jednoogniskowe\/","og_site_name":"OPTYKA Dzier\u017coni\u00f3w, salon optyczny, optyk, soczewki, badanie wzroku, Deka-Boruszewska, Boruszewski","article_modified_time":"2020-07-07T12:07:24+00:00","twitter_card":"summary_large_image","twitter_misc":{"Estimated reading time":"2 minutes"},"schema":{"@context":"https:\/\/schema.org","@graph":[{"@type":"WebPage","@id":"http:\/\/optykadzierzoniow.pl\/en\/soczewki-jednoogniskowe\/","url":"http:\/\/optykadzierzoniow.pl\/en\/soczewki-jednoogniskowe\/","name":"Soczewki jednoogniskowe - OPTYKA Dzier\u017coni\u00f3w, salon optyczny, optyk, soczewki, badanie wzroku, Deka-Boruszewska, Boruszewski","isPartOf":{"@id":"https:\/\/optykadzierzoniow.pl\/#website"},"datePublished":"2020-04-30T12:13:04+00:00","dateModified":"2020-07-07T12:07:24+00:00","breadcrumb":{"@id":"http:\/\/optykadzierzoniow.pl\/en\/soczewki-jednoogniskowe\/#breadcrumb"},"inLanguage":"en-GB","potentialAction":[{"@type":"ReadAction","target":["http:\/\/optykadzierzoniow.pl\/en\/soczewki-jednoogniskowe\/"]}]},{"@type":"BreadcrumbList","@id":"http:\/\/optykadzierzoniow.pl\/en\/soczewki-jednoogniskowe\/#breadcrumb","itemListElement":[{"@type":"ListItem","position":1,"name":"Strona g\u0142\u00f3wna","item":"https:\/\/optykadzierzoniow.pl\/"},{"@type":"ListItem","position":2,"name":"Soczewki jednoogniskowe"}]},{"@type":"WebSite","@id":"https:\/\/optykadzierzoniow.pl\/#website","url":"https:\/\/optykadzierzoniow.pl\/","name":"OPTYKA Dzier\u017coni\u00f3w, salon optyczny, optyk, soczewki, badanie wzroku, Deka-Boruszewska, Boruszewski","description":"Salon optyczny OPTYKA Dzier\u017coni\u00f3w istnieje od 1968 r. W ofercie oprawy okularowe uznanych projektant\u00f3w oraz bezp\u0142atny serwis.","publisher":{"@id":"https:\/\/optykadzierzoniow.pl\/#organization"},"potentialAction":[{"@type":"SearchAction","target":{"@type":"EntryPoint","urlTemplate":"https:\/\/optykadzierzoniow.pl\/?s={search_term_string}"},"query-input":"required name=search_term_string"}],"inLanguage":"en-GB"},{"@type":"Organization","@id":"https:\/\/optykadzierzoniow.pl\/#organization","name":"OPTYKA Dzier\u017coni\u00f3w, salon optyczny, optyk, soczewki, badanie wzroku, Deka-Boruszewska, Boruszewski","url":"https:\/\/optykadzierzoniow.pl\/","logo":{"@type":"ImageObject","inLanguage":"en-GB","@id":"https:\/\/optykadzierzoniow.pl\/#\/schema\/logo\/image\/","url":"http:\/\/optykadzierzoniow.pl\/wp-content\/uploads\/2020\/07\/optykadzierzoniow.jpg","contentUrl":"http:\/\/optykadzierzoniow.pl\/wp-content\/uploads\/2020\/07\/optykadzierzoniow.jpg","width":550,"height":550,"caption":"OPTYKA Dzier\u017coni\u00f3w, salon optyczny, optyk, soczewki, badanie wzroku, Deka-Boruszewska, Boruszewski"},"image":{"@id":"https:\/\/optykadzierzoniow.pl\/#\/schema\/logo\/image\/"}}]}},"_links":{"self":[{"href":"https:\/\/optykadzierzoniow.pl\/en\/wp-json\/wp\/v2\/pages\/2643"}],"collection":[{"href":"https:\/\/optykadzierzoniow.pl\/en\/wp-json\/wp\/v2\/pages"}],"about":[{"href":"https:\/\/optykadzierzoniow.pl\/en\/wp-json\/wp\/v2\/types\/page"}],"author":[{"embeddable":true,"href":"https:\/\/optykadzierzoniow.pl\/en\/wp-json\/wp\/v2\/users\/1"}],"replies":[{"embeddable":true,"href":"https:\/\/optykadzierzoniow.pl\/en\/wp-json\/wp\/v2\/comments?post=2643"}],"version-history":[{"count":4,"href":"https:\/\/optykadzierzoniow.pl\/en\/wp-json\/wp\/v2\/pages\/2643\/revisions"}],"predecessor-version":[{"id":2751,"href":"https:\/\/optykadzierzoniow.pl\/en\/wp-json\/wp\/v2\/pages\/2643\/revisions\/2751"}],"wp:attachment":[{"href":"https:\/\/optykadzierzoniow.pl\/en\/wp-json\/wp\/v2\/media?parent=2643"}],"curies":[{"name":"wp","href":"https:\/\/api.w.org\/{rel}","templated":true}]}}